{"id":893,"date":"2025-06-29T09:42:10","date_gmt":"2025-06-29T09:42:10","guid":{"rendered":"https:\/\/webshop.jazminkert.hu\/?post_type=product&#038;p=893"},"modified":"2025-10-25T18:08:39","modified_gmt":"2025-10-25T18:08:39","slug":"kezzel-himzett-illatparna-levendulaval","status":"publish","type":"product","link":"https:\/\/webshop.jazminkert.hu\/en\/termek\/kezzel-himzett-illatparna-levendulaval\/","title":{"rendered":"K\u00e9zzel h\u00edmzett illatp\u00e1rna levendul\u00e1val"},"content":{"rendered":"<h3><strong>K\u00e9zzel h\u00edmzett illatp\u00e1rna levendul\u00e1val<\/strong><\/h3>\n<p>K\u00e9zzel h\u00edmzett illatp\u00e1rna levendul\u00e1val<\/p>\n<p>M\u00e9ret: 12x7cm<\/p>\n<p>S\u00faly:30-,40 gr<\/p>\n<p>Anyag: 100% pamut<\/p>\n<p>A levendula j\u00f3t\u00e9kony hat\u00e1ssal lehet szervezet\u00fcnkre, k\u00f6rnyezet\u00fcnkre. Kis m\u00e9ret\u00e9nek k\u00f6sz\u00f6nhet\u0151en \u00e1lland\u00f3an magunkn\u00e1l tarthatjuk, \u00edgy ak\u00e1r egy v\u00e1ratlan stresszhelyzetben b\u00e1rmikor seg\u00edts\u00e9g\u00fcnkre lehet.<\/p>\n<p>A levendula sokf\u00e9lek\u00e9ppen felhaszn\u00e1lhat\u00f3 gy\u00f3gyn\u00f6v\u00e9ny:<\/p>\n<ul>\n<li>t\u00e1vol tartja a molyokat, nagy haszn\u00e1t vehetj\u00fck a ruh\u00e1sszekr\u00e9nyben, az \u00e9l\u00e9skamr\u00e1ban<\/li>\n<li>kellemes illatot var\u00e1zsol a t\u00e1sk\u00e1kban, stb.<\/li>\n<li>t\u00f6bb helyis\u00e9g illatos\u00edthat\u00f3 vele, gardr\u00f3b, k\u00f6zleked\u0151, aut\u00f3, stb.<\/li>\n<li>seg\u00edtheti az alv\u00e1st, ellazul\u00e1st<\/li>\n<li>kis m\u00e9rete miatt b\u00e1rhova magunkkal vihetj\u00fck<\/li>\n<\/ul>\n<p>A levendula az egyik legsokoldal\u00fabban, legv\u00e1ltozatosabban haszn\u00e1lt finom illat\u00fa gy\u00f3gy-, f\u0171szer- \u00e9s d\u00edszn\u00f6v\u00e9ny. Eur\u00f3p\u00e1ba a R\u00f3maiak hozt\u00e1k be, az \u00f3korban ez a n\u00f6v\u00e9ny a sz\u00e9ps\u00e9g\u00e1pol\u00e1s meghat\u00e1roz\u00f3 n\u00f6v\u00e9nye volt. Latin neve is innen ered: lavare = mosni. T\u00f6bbf\u00e9lek\u00e9ppen haszn\u00e1lt\u00e1k: testre kenve, f\u00fcrd\u0151vizet illatos\u00edtottak vele, szappant k\u00e9sz\u00edtettek bel\u0151le, de ak\u00e1r sz\u00e1raz vir\u00e1g\u00e1t a f\u00f6ldre sz\u00f3rva is illatos\u00edtottak vele. A n\u00e9phit szerint a levendula t\u00e1vol tartja az \u00e1rt\u00f3, ront\u00f3 er\u0151ket, szellemeket. Ezt a levendula er\u0151s illat\u00e1val magyar\u00e1zt\u00e1k. A levendul\u00e1nak csod\u00e1latosan arom\u00e1s, f\u0171szeres, igen kellemes illata van. Vir\u00e1gj\u00e1t vagy leveleit megd\u00f6rzs\u00f6lve kez\u00fcnk\u00f6n hossz\u00fa ideig illatozik. Harm\u00f3ni\u00e1t teremt az emberben, l\u00e1tv\u00e1ny \u00e9s illat egy\u00fctt b\u0171v\u00f6l el mindenkit, friss\u00edt, regener\u00e1l, fel\u00fcd\u00edt \u00e9s nyugtat egyszerre.<\/p>\n<p>Gy\u00e1rtja \u00e9s Forgalmaz\u00f3: J\u00e1zminKert, KASZ-KER Kft. 8042 Moha, F\u0151 utca 102.<\/p>\n<p>Sz\u00e1rmaz\u00e1s: Magyarorsz\u00e1g<\/p>\n","protected":false},"excerpt":{"rendered":"<p><strong>K\u00e9zzel h\u00edmzett term\u00e9k!<\/strong><\/p>\n<p>A levendula j\u00f3t\u00e9kony hat\u00e1ssal lehet szervezet\u00fcnkre, k\u00f6rnyezet\u00fcnkre. Kis m\u00e9ret\u00e9nek k\u00f6sz\u00f6nhet\u0151en \u00e1lland\u00f3an magunkn\u00e1l tarthatjuk, \u00edgy ak\u00e1r egy v\u00e1ratlan stresszhelyzetben b\u00e1rmikor seg\u00edts\u00e9g\u00fcnkre lehet.<\/p>\n","protected":false},"featured_media":891,"template":"","meta":[],"product_brand":[],"product_cat":[147],"product_tag":[148,54,149,151,28,150,65,26,79,66,105,101],"class_list":{"0":"post-893","1":"product","2":"type-product","3":"status-publish","4":"has-post-thumbnail","6":"product_cat-illatparna-levendula-levendulas-kezzel-himzett","7":"product_tag-illatparna","8":"product_tag-jazminkert","9":"product_tag-kellemes-illat","10":"product_tag-lazitas","11":"product_tag-levendula","12":"product_tag-molyok","13":"product_tag-nyugalom","14":"product_tag-parna","15":"product_tag-relaxacio","16":"product_tag-stresszoldas","17":"product_tag-termeszet","18":"product_tag-webshop","20":"first","21":"instock","22":"taxable","23":"shipping-taxable","24":"purchasable","25":"product-type-simple"},"yoast_head":"<!-- This site is optimized with the Yoast SEO plugin v27.4 - https:\/\/yoast.com\/product\/yoast-seo-wordpress\/ -->\n<title>K\u00e9zzel h\u00edmzett illatp\u00e1rna levendul\u00e1val<\/title>\n<meta name=\"description\" content=\"Illatp\u00e1rna levendul\u00e1val, k\u00e9zzel h\u00edmzett. A levendula j\u00f3t\u00e9kony hat\u00e1ssal lehet szervezet\u00fcnkre, k\u00f6rnyezet\u00fcnkre. Kis m\u00e9ret\u00e9nek k\u00f6sz\u00f6nhet\u0151en \u00e1lland\u00f3an magunkn\u00e1l tarthatjuk, \u00edgy ak\u00e1r egy v\u00e1ratlan stresszhelyzetben b\u00e1rmikor seg\u00edts\u00e9g\u00fcnkre lehet.\" \/>\n<meta name=\"robots\" content=\"index, follow, max-snippet:-1, max-image-preview:large, max-video-preview:-1\" \/>\n<link rel=\"canonical\" href=\"https:\/\/webshop.jazminkert.hu\/en\/termek\/kezzel-himzett-illatparna-levendulaval\/\" \/>\n<meta property=\"og:locale\" content=\"en_US\" \/>\n<meta property=\"og:locale:alternate\" content=\"hu_HU\" \/>\n<meta property=\"og:type\" content=\"article\" \/>\n<meta property=\"og:title\" content=\"K\u00e9zzel h\u00edmzett illatp\u00e1rna levendul\u00e1val\" \/>\n<meta property=\"og:description\" content=\"Illatp\u00e1rna levendul\u00e1val, k\u00e9zzel h\u00edmzett. A levendula j\u00f3t\u00e9kony hat\u00e1ssal lehet szervezet\u00fcnkre, k\u00f6rnyezet\u00fcnkre. Kis m\u00e9ret\u00e9nek k\u00f6sz\u00f6nhet\u0151en \u00e1lland\u00f3an magunkn\u00e1l tarthatjuk, \u00edgy ak\u00e1r egy v\u00e1ratlan stresszhelyzetben b\u00e1rmikor seg\u00edts\u00e9g\u00fcnkre lehet.\" \/>\n<meta property=\"og:url\" content=\"https:\/\/webshop.jazminkert.hu\/en\/termek\/kezzel-himzett-illatparna-levendulaval\/\" \/>\n<meta property=\"og:site_name\" content=\"J\u00e1zmin kert\" \/>\n<meta property=\"article:publisher\" content=\"https:\/\/www.facebook.com\/groups\/2773731042866203\/\" \/>\n<meta property=\"article:modified_time\" content=\"2025-10-25T18:08:39+00:00\" \/>\n<meta property=\"og:image\" content=\"https:\/\/webshop.jazminkert.hu\/wp-content\/uploads\/2025\/06\/Portrait-6-1024x782.png\" \/>\n\t<meta property=\"og:image:width\" content=\"1024\" \/>\n\t<meta property=\"og:image:height\" content=\"782\" \/>\n\t<meta property=\"og:image:type\" content=\"image\/png\" \/>\n<meta name=\"twitter:card\" content=\"summary_large_image\" \/>\n<meta name=\"twitter:label1\" content=\"Est. reading time\" \/>\n\t<meta name=\"twitter:data1\" content=\"2 minutes\" \/>\n<script type=\"application\/ld+json\" class=\"yoast-schema-graph\">{\"@context\":\"https:\\\/\\\/schema.org\",\"@graph\":[{\"@type\":\"WebPage\",\"@id\":\"https:\\\/\\\/webshop.jazminkert.hu\\\/termek\\\/kezzel-himzett-illatparna-levendulaval\\\/\",\"url\":\"https:\\\/\\\/webshop.jazminkert.hu\\\/termek\\\/kezzel-himzett-illatparna-levendulaval\\\/\",\"name\":\"K\u00e9zzel h\u00edmzett illatp\u00e1rna levendul\u00e1val\",\"isPartOf\":{\"@id\":\"https:\\\/\\\/webshop.jazminkert.hu\\\/#website\"},\"primaryImageOfPage\":{\"@id\":\"https:\\\/\\\/webshop.jazminkert.hu\\\/termek\\\/kezzel-himzett-illatparna-levendulaval\\\/#primaryimage\"},\"image\":{\"@id\":\"https:\\\/\\\/webshop.jazminkert.hu\\\/termek\\\/kezzel-himzett-illatparna-levendulaval\\\/#primaryimage\"},\"thumbnailUrl\":\"https:\\\/\\\/webshop.jazminkert.hu\\\/wp-content\\\/uploads\\\/2025\\\/06\\\/Portrait-6.png\",\"datePublished\":\"2025-06-29T09:42:10+00:00\",\"dateModified\":\"2025-10-25T18:08:39+00:00\",\"description\":\"Illatp\u00e1rna levendul\u00e1val, k\u00e9zzel h\u00edmzett. A levendula j\u00f3t\u00e9kony hat\u00e1ssal lehet szervezet\u00fcnkre, k\u00f6rnyezet\u00fcnkre. Kis m\u00e9ret\u00e9nek k\u00f6sz\u00f6nhet\u0151en \u00e1lland\u00f3an magunkn\u00e1l tarthatjuk, \u00edgy ak\u00e1r egy v\u00e1ratlan stresszhelyzetben b\u00e1rmikor seg\u00edts\u00e9g\u00fcnkre lehet.\",\"breadcrumb\":{\"@id\":\"https:\\\/\\\/webshop.jazminkert.hu\\\/termek\\\/kezzel-himzett-illatparna-levendulaval\\\/#breadcrumb\"},\"inLanguage\":\"en-US\",\"potentialAction\":[{\"@type\":\"ReadAction\",\"target\":[\"https:\\\/\\\/webshop.jazminkert.hu\\\/termek\\\/kezzel-himzett-illatparna-levendulaval\\\/\"]}]},{\"@type\":\"ImageObject\",\"inLanguage\":\"en-US\",\"@id\":\"https:\\\/\\\/webshop.jazminkert.hu\\\/termek\\\/kezzel-himzett-illatparna-levendulaval\\\/#primaryimage\",\"url\":\"https:\\\/\\\/webshop.jazminkert.hu\\\/wp-content\\\/uploads\\\/2025\\\/06\\\/Portrait-6.png\",\"contentUrl\":\"https:\\\/\\\/webshop.jazminkert.hu\\\/wp-content\\\/uploads\\\/2025\\\/06\\\/Portrait-6.png\",\"width\":1512,\"height\":1154,\"caption\":\"levendula illatp\u00e1rna\"},{\"@type\":\"BreadcrumbList\",\"@id\":\"https:\\\/\\\/webshop.jazminkert.hu\\\/termek\\\/kezzel-himzett-illatparna-levendulaval\\\/#breadcrumb\",\"itemListElement\":[{\"@type\":\"ListItem\",\"position\":1,\"name\":\"Kezd\u0151lap\",\"item\":\"https:\\\/\\\/webshop.jazminkert.hu\\\/\"},{\"@type\":\"ListItem\",\"position\":2,\"name\":\"Gy\u00f3gyn\u00f6v\u00e9nyes term\u00e9keink t\u00f6nk\u00f6lypelyv\u00e1val\",\"item\":\"https:\\\/\\\/webshop.jazminkert.hu\\\/\"},{\"@type\":\"ListItem\",\"position\":3,\"name\":\"K\u00e9zzel h\u00edmzett illatp\u00e1rna levendul\u00e1val\"}]},{\"@type\":\"WebSite\",\"@id\":\"https:\\\/\\\/webshop.jazminkert.hu\\\/#website\",\"url\":\"https:\\\/\\\/webshop.jazminkert.hu\\\/\",\"name\":\"J\u00e1zmin kert\",\"description\":\"Kert\u00e9p\u00edt\u00e9s, kert-fenntart\u00e1s, d\u00edszn\u00f6v\u00e9nytermeszt\u00e9s, m\u00e1r t\u00f6bb mint 10 \u00e9ve\",\"publisher\":{\"@id\":\"https:\\\/\\\/webshop.jazminkert.hu\\\/#organization\"},\"potentialAction\":[{\"@type\":\"SearchAction\",\"target\":{\"@type\":\"EntryPoint\",\"urlTemplate\":\"https:\\\/\\\/webshop.jazminkert.hu\\\/?s={search_term_string}\"},\"query-input\":{\"@type\":\"PropertyValueSpecification\",\"valueRequired\":true,\"valueName\":\"search_term_string\"}}],\"inLanguage\":\"en-US\"},{\"@type\":\"Organization\",\"@id\":\"https:\\\/\\\/webshop.jazminkert.hu\\\/#organization\",\"name\":\"J\u00e1zmin kert\",\"url\":\"https:\\\/\\\/webshop.jazminkert.hu\\\/\",\"logo\":{\"@type\":\"ImageObject\",\"inLanguage\":\"en-US\",\"@id\":\"https:\\\/\\\/webshop.jazminkert.hu\\\/#\\\/schema\\\/logo\\\/image\\\/\",\"url\":\"https:\\\/\\\/webshop.jazminkert.hu\\\/wp-content\\\/uploads\\\/2022\\\/04\\\/cropped-logo.png\",\"contentUrl\":\"https:\\\/\\\/webshop.jazminkert.hu\\\/wp-content\\\/uploads\\\/2022\\\/04\\\/cropped-logo.png\",\"width\":533,\"height\":200,\"caption\":\"J\u00e1zmin kert\"},\"image\":{\"@id\":\"https:\\\/\\\/webshop.jazminkert.hu\\\/#\\\/schema\\\/logo\\\/image\\\/\"},\"sameAs\":[\"https:\\\/\\\/www.facebook.com\\\/groups\\\/2773731042866203\\\/\"]}]}<\/script>\n<!-- \/ Yoast SEO plugin. -->","yoast_head_json":{"title":"K\u00e9zzel h\u00edmzett illatp\u00e1rna levendul\u00e1val","description":"Illatp\u00e1rna levendul\u00e1val, k\u00e9zzel h\u00edmzett. A levendula j\u00f3t\u00e9kony hat\u00e1ssal lehet szervezet\u00fcnkre, k\u00f6rnyezet\u00fcnkre. Kis m\u00e9ret\u00e9nek k\u00f6sz\u00f6nhet\u0151en \u00e1lland\u00f3an magunkn\u00e1l tarthatjuk, \u00edgy ak\u00e1r egy v\u00e1ratlan stresszhelyzetben b\u00e1rmikor seg\u00edts\u00e9g\u00fcnkre lehet.","robots":{"index":"index","follow":"follow","max-snippet":"max-snippet:-1","max-image-preview":"max-image-preview:large","max-video-preview":"max-video-preview:-1"},"canonical":"https:\/\/webshop.jazminkert.hu\/en\/termek\/kezzel-himzett-illatparna-levendulaval\/","og_locale":"en_US","og_type":"article","og_title":"[:hu]K\u00e9zzel h\u00edmzett illatp\u00e1rna levendul\u00e1val[:] - J\u00e1zmin kert","og_description":"[:hu]Illatp\u00e1rna levendul\u00e1val, k\u00e9zzel h\u00edmzett. A levendula j\u00f3t\u00e9kony hat\u00e1ssal lehet szervezet\u00fcnkre, k\u00f6rnyezet\u00fcnkre. Kis m\u00e9ret\u00e9nek k\u00f6sz\u00f6nhet\u0151en \u00e1lland\u00f3an magunkn\u00e1l tarthatjuk, \u00edgy ak\u00e1r egy v\u00e1ratlan stresszhelyzetben b\u00e1rmikor seg\u00edts\u00e9g\u00fcnkre lehet.[:]","og_url":"https:\/\/webshop.jazminkert.hu\/en\/termek\/kezzel-himzett-illatparna-levendulaval\/","og_site_name":"J\u00e1zmin kert","article_publisher":"https:\/\/www.facebook.com\/groups\/2773731042866203\/","article_modified_time":"2025-10-25T18:08:39+00:00","og_image":[{"width":1024,"height":782,"url":"https:\/\/webshop.jazminkert.hu\/wp-content\/uploads\/2025\/06\/Portrait-6-1024x782.png","type":"image\/png"}],"twitter_card":"summary_large_image","twitter_misc":{"Est. reading time":"2 minutes"},"schema":{"@context":"https:\/\/schema.org","@graph":[{"@type":"WebPage","@id":"https:\/\/webshop.jazminkert.hu\/termek\/kezzel-himzett-illatparna-levendulaval\/","url":"https:\/\/webshop.jazminkert.hu\/termek\/kezzel-himzett-illatparna-levendulaval\/","name":"K\u00e9zzel h\u00edmzett illatp\u00e1rna levendul\u00e1val","isPartOf":{"@id":"https:\/\/webshop.jazminkert.hu\/#website"},"primaryImageOfPage":{"@id":"https:\/\/webshop.jazminkert.hu\/termek\/kezzel-himzett-illatparna-levendulaval\/#primaryimage"},"image":{"@id":"https:\/\/webshop.jazminkert.hu\/termek\/kezzel-himzett-illatparna-levendulaval\/#primaryimage"},"thumbnailUrl":"https:\/\/webshop.jazminkert.hu\/wp-content\/uploads\/2025\/06\/Portrait-6.png","datePublished":"2025-06-29T09:42:10+00:00","dateModified":"2025-10-25T18:08:39+00:00","description":"Illatp\u00e1rna levendul\u00e1val, k\u00e9zzel h\u00edmzett. A levendula j\u00f3t\u00e9kony hat\u00e1ssal lehet szervezet\u00fcnkre, k\u00f6rnyezet\u00fcnkre. Kis m\u00e9ret\u00e9nek k\u00f6sz\u00f6nhet\u0151en \u00e1lland\u00f3an magunkn\u00e1l tarthatjuk, \u00edgy ak\u00e1r egy v\u00e1ratlan stresszhelyzetben b\u00e1rmikor seg\u00edts\u00e9g\u00fcnkre lehet.","breadcrumb":{"@id":"https:\/\/webshop.jazminkert.hu\/termek\/kezzel-himzett-illatparna-levendulaval\/#breadcrumb"},"inLanguage":"en-US","potentialAction":[{"@type":"ReadAction","target":["https:\/\/webshop.jazminkert.hu\/termek\/kezzel-himzett-illatparna-levendulaval\/"]}]},{"@type":"ImageObject","inLanguage":"en-US","@id":"https:\/\/webshop.jazminkert.hu\/termek\/kezzel-himzett-illatparna-levendulaval\/#primaryimage","url":"https:\/\/webshop.jazminkert.hu\/wp-content\/uploads\/2025\/06\/Portrait-6.png","contentUrl":"https:\/\/webshop.jazminkert.hu\/wp-content\/uploads\/2025\/06\/Portrait-6.png","width":1512,"height":1154,"caption":"levendula illatp\u00e1rna"},{"@type":"BreadcrumbList","@id":"https:\/\/webshop.jazminkert.hu\/termek\/kezzel-himzett-illatparna-levendulaval\/#breadcrumb","itemListElement":[{"@type":"ListItem","position":1,"name":"Kezd\u0151lap","item":"https:\/\/webshop.jazminkert.hu\/"},{"@type":"ListItem","position":2,"name":"Gy\u00f3gyn\u00f6v\u00e9nyes term\u00e9keink t\u00f6nk\u00f6lypelyv\u00e1val","item":"https:\/\/webshop.jazminkert.hu\/"},{"@type":"ListItem","position":3,"name":"K\u00e9zzel h\u00edmzett illatp\u00e1rna levendul\u00e1val"}]},{"@type":"WebSite","@id":"https:\/\/webshop.jazminkert.hu\/#website","url":"https:\/\/webshop.jazminkert.hu\/","name":"J\u00e1zmin kert","description":"Kert\u00e9p\u00edt\u00e9s, kert-fenntart\u00e1s, d\u00edszn\u00f6v\u00e9nytermeszt\u00e9s, m\u00e1r t\u00f6bb mint 10 \u00e9ve","publisher":{"@id":"https:\/\/webshop.jazminkert.hu\/#organization"},"potentialAction":[{"@type":"SearchAction","target":{"@type":"EntryPoint","urlTemplate":"https:\/\/webshop.jazminkert.hu\/?s={search_term_string}"},"query-input":{"@type":"PropertyValueSpecification","valueRequired":true,"valueName":"search_term_string"}}],"inLanguage":"en-US"},{"@type":"Organization","@id":"https:\/\/webshop.jazminkert.hu\/#organization","name":"J\u00e1zmin kert","url":"https:\/\/webshop.jazminkert.hu\/","logo":{"@type":"ImageObject","inLanguage":"en-US","@id":"https:\/\/webshop.jazminkert.hu\/#\/schema\/logo\/image\/","url":"https:\/\/webshop.jazminkert.hu\/wp-content\/uploads\/2022\/04\/cropped-logo.png","contentUrl":"https:\/\/webshop.jazminkert.hu\/wp-content\/uploads\/2022\/04\/cropped-logo.png","width":533,"height":200,"caption":"J\u00e1zmin kert"},"image":{"@id":"https:\/\/webshop.jazminkert.hu\/#\/schema\/logo\/image\/"},"sameAs":["https:\/\/www.facebook.com\/groups\/2773731042866203\/"]}]}},"jetpack_sharing_enabled":true,"_links":{"self":[{"href":"https:\/\/webshop.jazminkert.hu\/en\/wp-json\/wp\/v2\/product\/893","targetHints":{"allow":["GET"]}}],"collection":[{"href":"https:\/\/webshop.jazminkert.hu\/en\/wp-json\/wp\/v2\/product"}],"about":[{"href":"https:\/\/webshop.jazminkert.hu\/en\/wp-json\/wp\/v2\/types\/product"}],"wp:featuredmedia":[{"embeddable":true,"href":"https:\/\/webshop.jazminkert.hu\/en\/wp-json\/wp\/v2\/media\/891"}],"wp:attachment":[{"href":"https:\/\/webshop.jazminkert.hu\/en\/wp-json\/wp\/v2\/media?parent=893"}],"wp:term":[{"taxonomy":"product_brand","embeddable":true,"href":"https:\/\/webshop.jazminkert.hu\/en\/wp-json\/wp\/v2\/product_brand?post=893"},{"taxonomy":"product_cat","embeddable":true,"href":"https:\/\/webshop.jazminkert.hu\/en\/wp-json\/wp\/v2\/product_cat?post=893"},{"taxonomy":"product_tag","embeddable":true,"href":"https:\/\/webshop.jazminkert.hu\/en\/wp-json\/wp\/v2\/product_tag?post=893"}],"curies":[{"name":"wp","href":"https:\/\/api.w.org\/{rel}","templated":true}]}}