{"id":409,"date":"2023-01-31T08:23:40","date_gmt":"2023-01-31T08:23:40","guid":{"rendered":"https:\/\/webshop.jazminkert.hu\/?post_type=product&#038;p=409"},"modified":"2024-09-22T14:26:08","modified_gmt":"2024-09-22T14:26:08","slug":"parajdi-furdoso-levendula-wellness","status":"publish","type":"product","link":"https:\/\/webshop.jazminkert.hu\/en\/termek\/parajdi-furdoso-levendula-wellness\/","title":{"rendered":"Parajdi f\u00fcrd\u0151s\u00f3 levendul\u00e1val 50g"},"content":{"rendered":"<h4><strong>Parajdi f\u00fcrd\u0151s\u00f3 levendul\u00e1val<\/strong><\/h4>\n<p>Parajdi f\u00fcrd\u0151s\u00f3 levendul\u00e1val<\/p>\n<p>Wellness az otthon\u00e1ban. Relax\u00e1ci\u00f3, nyugtat\u00f3, k\u00e9nyeztet\u0151 \u00e9lm\u00e9ny.<\/p>\n<p>Kiszerel\u00e9s: 50 g<\/p>\n<p><strong>Parajdi f\u00fcrd\u0151s\u00f3 levendul\u00e1val:<\/strong><\/p>\n<p>A parajdi s\u00f3b\u00f3l \u00e9s levendul\u00e1b\u00f3l k\u00e9sz\u00fclt term\u00e9k t\u00f6k\u00e9letes v\u00e1laszt\u00e1s egy neh\u00e9z, fesz\u00fclt nap ut\u00e1n. A levendula nagy n\u00e9pszer\u0171s\u00e9gnek \u00f6rvend, jellegzetes illata megnyugtathatja az idegeket, seg\u00edthet lek\u00fczdeni a stresszt, \u00e9s teljes ellazul\u00e1st biztos\u00edthat!<\/p>\n<p>A term\u00e9szet sz\u00e1mos kiv\u00e1l\u00f3 gy\u00f3gym\u00f3dot k\u00edn\u00e1l sz\u00e1munkra. Ha szereted ezeket a megold\u00e1sokat a gy\u00f3gyn\u00f6v\u00e9nyes parajdi f\u00fcrd\u0151s\u00f3 egy nagyszer\u0171 v\u00e1laszt\u00e1s lehet. A term\u00e9k az adal\u00e9kmentes parajdi s\u00f3 mellett 100%-os term\u00e9szetes levendula olajat \u00e9s vegyszermentes sz\u00e1r\u00edtott levendula (saj\u00e1t termeszt\u00e9s\u0171) tartalmaz.<\/p>\n<p>A parajdi f\u00fcrd\u0151s\u00f3 k\u00e9ts\u00e9g k\u00edv\u00fcl a legjobb v\u00e1laszt\u00e1s. A j\u00f3 min\u0151s\u00e9g\u0171 parajdi s\u00f3nak k\u00f6sz\u00f6nhet\u0151en, 84 k\u00fcl\u00f6nb\u00f6z\u0151 \u00e1sv\u00e1nyi anyagot \u00e9s nyomelemet tartalmaz, valamint k\u00fcl\u00f6nleges \u0151stengeri iszapot aminek k\u00f6sz\u00f6nhet\u0151en j\u00f3t\u00e9kony hat\u00e1sai megk\u00e9rd\u0151jelezhetetlenek! A parajdi s\u00f3 b\u00e1ny\u00e1szata a mai napig k\u00e9zzel t\u00f6rt\u00e9nik, nem esik \u00e1t semmilyen ipari beavatkoz\u00e1son, nem ker\u00fclnek bele m\u00e9reganyagok, ez\u00e9rt nincs mell\u00e9khat\u00e1sa!<\/p>\n<p>&nbsp;<\/p>\n<p>A f\u00fcrd\u0151s\u00f3t organza tasakkal egy\u00fctt helyezze a f\u00fcrd\u0151v\u00edzbe, \u00edgy a s\u00f3 felold\u00f3dik a gy\u00f3gyn\u00f6v\u00e9ny kifejti j\u00f3t\u00e9kony hat\u00e1s\u00e1t.<\/p>\n<p>Ak\u00e1r egyszeri haszn\u00e1lata helyettes\u00edt egy 3-4 napos m\u00e9regtelen\u00edt\u0151 k\u00far\u00e1t! Ak\u00e1r naponta, de heti 3-4-szer k\u00fara szer\u0171en is alkalmazhat\u00f3!<\/p>\n<p>Gy\u00e1rtja \u00e9s Forgalmazza: J\u00e1zminKert, KASZ-KER Kft. 8042 Moha, F\u0151 utca 102.<\/p>\n<p>Sz\u00e1rmaz\u00e1s: Magyarorsz\u00e1g<\/p>\n","protected":false},"excerpt":{"rendered":"<p>Parajdi f\u00fcrd\u0151s\u00f3 levendul\u00e1val Parajdi f\u00fcrd\u0151s\u00f3 levendul\u00e1val Wellness az otthon\u00e1ban. Relax\u00e1ci\u00f3, nyugtat\u00f3, k\u00e9nyeztet\u0151 \u00e9lm\u00e9ny. Kiszerel\u00e9s: 50 g Parajdi f\u00fcrd\u0151s\u00f3 levendul\u00e1val: A parajdi s\u00f3b\u00f3l \u00e9s levendul\u00e1b\u00f3l k\u00e9sz\u00fclt term\u00e9k t\u00f6k\u00e9letes v\u00e1laszt\u00e1s egy neh\u00e9z, fesz\u00fclt nap ut\u00e1n. A levendula nagy n\u00e9pszer\u0171s\u00e9gnek \u00f6rvend, jellegzetes illata megnyugtathatja az idegeket, seg\u00edthet lek\u00fczdeni a stresszt, \u00e9s teljes ellazul\u00e1st biztos\u00edthat! A term\u00e9szet sz\u00e1mos kiv\u00e1l\u00f3 [&hellip;]<\/p>\n","protected":false},"featured_media":380,"template":"","meta":[],"product_brand":[],"product_cat":[103],"product_tag":[108,102,100,65,99,27,109,79,41,105,98],"class_list":{"0":"post-409","1":"product","2":"type-product","3":"status-publish","4":"has-post-thumbnail","6":"product_cat-furdoso-parajdi-so-borsmenta-citromfu-levendula","7":"product_tag-borsmenta","8":"product_tag-furdoso","9":"product_tag-kenyezteto-elmeny","10":"product_tag-nyugalom","11":"product_tag-otthon","12":"product_tag-parajdi-so","13":"product_tag-pihenes","14":"product_tag-relaxacio","15":"product_tag-so","16":"product_tag-termeszet","17":"product_tag-wellness","19":"first","20":"instock","21":"taxable","22":"shipping-taxable","23":"purchasable","24":"product-type-variable"},"yoast_head":"<!-- This site is optimized with the Yoast SEO plugin v27.4 - https:\/\/yoast.com\/product\/yoast-seo-wordpress\/ -->\n<title>Parajdi f\u00fcrd\u0151s\u00f3 levendul\u00e1val 50g<\/title>\n<meta name=\"description\" content=\"Parajdi f\u00fcrd\u0151s\u00f3 levendul\u00e1val.Wellness az otthon\u00e1ban. Relax\u00e1ci\u00f3, nyugtat\u00f3, k\u00e9nyeztet\u0151 \u00e9lm\u00e9ny.A parajdi s\u00f3b\u00f3l \u00e9s levendul\u00e1b\u00f3l k\u00e9sz\u00fclt term\u00e9szetes f\u00fcrd\u0151s\u00f3 t\u00f6k\u00e9letes \u00f6sszhangban van, mind a k\u00e9t alkot\u00f3 elem hat\u00e9kony lehet l\u00e9g\u00fati panaszok kezel\u00e9s\u00e9re.\" \/>\n<meta name=\"robots\" content=\"index, follow, max-snippet:-1, max-image-preview:large, max-video-preview:-1\" \/>\n<link rel=\"canonical\" href=\"https:\/\/webshop.jazminkert.hu\/en\/termek\/parajdi-furdoso-levendula-wellness\/\" \/>\n<meta property=\"og:locale\" content=\"en_US\" \/>\n<meta property=\"og:locale:alternate\" content=\"hu_HU\" \/>\n<meta property=\"og:type\" content=\"article\" \/>\n<meta property=\"og:title\" content=\"Parajdi f\u00fcrd\u0151s\u00f3 levendul\u00e1val 50g\" \/>\n<meta property=\"og:description\" content=\"Parajdi f\u00fcrd\u0151s\u00f3 levendul\u00e1val.Wellness az otthon\u00e1ban. Relax\u00e1ci\u00f3, nyugtat\u00f3, k\u00e9nyeztet\u0151 \u00e9lm\u00e9ny.A parajdi s\u00f3b\u00f3l \u00e9s levendul\u00e1b\u00f3l k\u00e9sz\u00fclt term\u00e9szetes f\u00fcrd\u0151s\u00f3 t\u00f6k\u00e9letes \u00f6sszhangban van, mind a k\u00e9t alkot\u00f3 elem hat\u00e9kony lehet l\u00e9g\u00fati panaszok kezel\u00e9s\u00e9re.\" \/>\n<meta property=\"og:url\" content=\"https:\/\/webshop.jazminkert.hu\/en\/termek\/parajdi-furdoso-levendula-wellness\/\" \/>\n<meta property=\"og:site_name\" content=\"J\u00e1zmin kert\" \/>\n<meta property=\"article:publisher\" content=\"https:\/\/www.facebook.com\/groups\/2773731042866203\/\" \/>\n<meta property=\"article:modified_time\" content=\"2024-09-22T14:26:08+00:00\" \/>\n<meta property=\"og:image\" content=\"https:\/\/webshop.jazminkert.hu\/wp-content\/uploads\/2023\/01\/20230116_141954-scaled.jpg\" \/>\n\t<meta property=\"og:image:width\" content=\"2560\" \/>\n\t<meta property=\"og:image:height\" content=\"2276\" \/>\n\t<meta property=\"og:image:type\" content=\"image\/jpeg\" \/>\n<meta name=\"twitter:card\" content=\"summary_large_image\" \/>\n<meta name=\"twitter:label1\" content=\"Est. reading time\" \/>\n\t<meta name=\"twitter:data1\" content=\"2 minutes\" \/>\n<script type=\"application\/ld+json\" class=\"yoast-schema-graph\">{\"@context\":\"https:\\\/\\\/schema.org\",\"@graph\":[{\"@type\":\"WebPage\",\"@id\":\"https:\\\/\\\/webshop.jazminkert.hu\\\/termek\\\/parajdi-furdoso-levendula-wellness\\\/\",\"url\":\"https:\\\/\\\/webshop.jazminkert.hu\\\/termek\\\/parajdi-furdoso-levendula-wellness\\\/\",\"name\":\"Parajdi f\u00fcrd\u0151s\u00f3 levendul\u00e1val 50g\",\"isPartOf\":{\"@id\":\"https:\\\/\\\/webshop.jazminkert.hu\\\/#website\"},\"primaryImageOfPage\":{\"@id\":\"https:\\\/\\\/webshop.jazminkert.hu\\\/termek\\\/parajdi-furdoso-levendula-wellness\\\/#primaryimage\"},\"image\":{\"@id\":\"https:\\\/\\\/webshop.jazminkert.hu\\\/termek\\\/parajdi-furdoso-levendula-wellness\\\/#primaryimage\"},\"thumbnailUrl\":\"https:\\\/\\\/webshop.jazminkert.hu\\\/wp-content\\\/uploads\\\/2023\\\/01\\\/20230116_141954-scaled.jpg\",\"datePublished\":\"2023-01-31T08:23:40+00:00\",\"dateModified\":\"2024-09-22T14:26:08+00:00\",\"description\":\"Parajdi f\u00fcrd\u0151s\u00f3 levendul\u00e1val.Wellness az otthon\u00e1ban. Relax\u00e1ci\u00f3, nyugtat\u00f3, k\u00e9nyeztet\u0151 \u00e9lm\u00e9ny.A parajdi s\u00f3b\u00f3l \u00e9s levendul\u00e1b\u00f3l k\u00e9sz\u00fclt term\u00e9szetes f\u00fcrd\u0151s\u00f3 t\u00f6k\u00e9letes \u00f6sszhangban van, mind a k\u00e9t alkot\u00f3 elem hat\u00e9kony lehet l\u00e9g\u00fati panaszok kezel\u00e9s\u00e9re.\",\"breadcrumb\":{\"@id\":\"https:\\\/\\\/webshop.jazminkert.hu\\\/termek\\\/parajdi-furdoso-levendula-wellness\\\/#breadcrumb\"},\"inLanguage\":\"en-US\",\"potentialAction\":[{\"@type\":\"ReadAction\",\"target\":[\"https:\\\/\\\/webshop.jazminkert.hu\\\/termek\\\/parajdi-furdoso-levendula-wellness\\\/\"]}]},{\"@type\":\"ImageObject\",\"inLanguage\":\"en-US\",\"@id\":\"https:\\\/\\\/webshop.jazminkert.hu\\\/termek\\\/parajdi-furdoso-levendula-wellness\\\/#primaryimage\",\"url\":\"https:\\\/\\\/webshop.jazminkert.hu\\\/wp-content\\\/uploads\\\/2023\\\/01\\\/20230116_141954-scaled.jpg\",\"contentUrl\":\"https:\\\/\\\/webshop.jazminkert.hu\\\/wp-content\\\/uploads\\\/2023\\\/01\\\/20230116_141954-scaled.jpg\",\"width\":2560,\"height\":2276,\"caption\":\"levendul\u00e1s parajdi f\u00fcrd\u0151s\u00f3\"},{\"@type\":\"BreadcrumbList\",\"@id\":\"https:\\\/\\\/webshop.jazminkert.hu\\\/termek\\\/parajdi-furdoso-levendula-wellness\\\/#breadcrumb\",\"itemListElement\":[{\"@type\":\"ListItem\",\"position\":1,\"name\":\"Kezd\u0151lap\",\"item\":\"https:\\\/\\\/webshop.jazminkert.hu\\\/\"},{\"@type\":\"ListItem\",\"position\":2,\"name\":\"Gy\u00f3gyn\u00f6v\u00e9nyes term\u00e9keink t\u00f6nk\u00f6lypelyv\u00e1val\",\"item\":\"https:\\\/\\\/webshop.jazminkert.hu\\\/\"},{\"@type\":\"ListItem\",\"position\":3,\"name\":\"Parajdi f\u00fcrd\u0151s\u00f3 levendul\u00e1val 50g\"}]},{\"@type\":\"WebSite\",\"@id\":\"https:\\\/\\\/webshop.jazminkert.hu\\\/#website\",\"url\":\"https:\\\/\\\/webshop.jazminkert.hu\\\/\",\"name\":\"J\u00e1zmin kert\",\"description\":\"Kert\u00e9p\u00edt\u00e9s, kert-fenntart\u00e1s, d\u00edszn\u00f6v\u00e9nytermeszt\u00e9s, m\u00e1r t\u00f6bb mint 10 \u00e9ve\",\"publisher\":{\"@id\":\"https:\\\/\\\/webshop.jazminkert.hu\\\/#organization\"},\"potentialAction\":[{\"@type\":\"SearchAction\",\"target\":{\"@type\":\"EntryPoint\",\"urlTemplate\":\"https:\\\/\\\/webshop.jazminkert.hu\\\/?s={search_term_string}\"},\"query-input\":{\"@type\":\"PropertyValueSpecification\",\"valueRequired\":true,\"valueName\":\"search_term_string\"}}],\"inLanguage\":\"en-US\"},{\"@type\":\"Organization\",\"@id\":\"https:\\\/\\\/webshop.jazminkert.hu\\\/#organization\",\"name\":\"J\u00e1zmin kert\",\"url\":\"https:\\\/\\\/webshop.jazminkert.hu\\\/\",\"logo\":{\"@type\":\"ImageObject\",\"inLanguage\":\"en-US\",\"@id\":\"https:\\\/\\\/webshop.jazminkert.hu\\\/#\\\/schema\\\/logo\\\/image\\\/\",\"url\":\"https:\\\/\\\/webshop.jazminkert.hu\\\/wp-content\\\/uploads\\\/2022\\\/04\\\/cropped-logo.png\",\"contentUrl\":\"https:\\\/\\\/webshop.jazminkert.hu\\\/wp-content\\\/uploads\\\/2022\\\/04\\\/cropped-logo.png\",\"width\":533,\"height\":200,\"caption\":\"J\u00e1zmin kert\"},\"image\":{\"@id\":\"https:\\\/\\\/webshop.jazminkert.hu\\\/#\\\/schema\\\/logo\\\/image\\\/\"},\"sameAs\":[\"https:\\\/\\\/www.facebook.com\\\/groups\\\/2773731042866203\\\/\"]}]}<\/script>\n<!-- \/ Yoast SEO plugin. -->","yoast_head_json":{"title":"Parajdi f\u00fcrd\u0151s\u00f3 levendul\u00e1val 50g","description":"Parajdi f\u00fcrd\u0151s\u00f3 levendul\u00e1val.Wellness az otthon\u00e1ban. Relax\u00e1ci\u00f3, nyugtat\u00f3, k\u00e9nyeztet\u0151 \u00e9lm\u00e9ny.A parajdi s\u00f3b\u00f3l \u00e9s levendul\u00e1b\u00f3l k\u00e9sz\u00fclt term\u00e9szetes f\u00fcrd\u0151s\u00f3 t\u00f6k\u00e9letes \u00f6sszhangban van, mind a k\u00e9t alkot\u00f3 elem hat\u00e9kony lehet l\u00e9g\u00fati panaszok kezel\u00e9s\u00e9re.","robots":{"index":"index","follow":"follow","max-snippet":"max-snippet:-1","max-image-preview":"max-image-preview:large","max-video-preview":"max-video-preview:-1"},"canonical":"https:\/\/webshop.jazminkert.hu\/en\/termek\/parajdi-furdoso-levendula-wellness\/","og_locale":"en_US","og_type":"article","og_title":"[:hu]Parajdi f\u00fcrd\u0151s\u00f3 levendul\u00e1val 50g[:] - J\u00e1zmin kert","og_description":"Parajdi f\u00fcrd\u0151s\u00f3 levendul\u00e1val.Wellness az otthon\u00e1ban. Relax\u00e1ci\u00f3, nyugtat\u00f3, k\u00e9nyeztet\u0151 \u00e9lm\u00e9ny.A parajdi s\u00f3b\u00f3l \u00e9s levendul\u00e1b\u00f3l k\u00e9sz\u00fclt term\u00e9szetes f\u00fcrd\u0151s\u00f3 t\u00f6k\u00e9letes \u00f6sszhangban van, mind a k\u00e9t alkot\u00f3 elem hat\u00e9kony lehet l\u00e9g\u00fati panaszok kezel\u00e9s\u00e9re.","og_url":"https:\/\/webshop.jazminkert.hu\/en\/termek\/parajdi-furdoso-levendula-wellness\/","og_site_name":"J\u00e1zmin kert","article_publisher":"https:\/\/www.facebook.com\/groups\/2773731042866203\/","article_modified_time":"2024-09-22T14:26:08+00:00","og_image":[{"width":2560,"height":2276,"url":"https:\/\/webshop.jazminkert.hu\/wp-content\/uploads\/2023\/01\/20230116_141954-scaled.jpg","type":"image\/jpeg"}],"twitter_card":"summary_large_image","twitter_misc":{"Est. reading time":"2 minutes"},"schema":{"@context":"https:\/\/schema.org","@graph":[{"@type":"WebPage","@id":"https:\/\/webshop.jazminkert.hu\/termek\/parajdi-furdoso-levendula-wellness\/","url":"https:\/\/webshop.jazminkert.hu\/termek\/parajdi-furdoso-levendula-wellness\/","name":"Parajdi f\u00fcrd\u0151s\u00f3 levendul\u00e1val 50g","isPartOf":{"@id":"https:\/\/webshop.jazminkert.hu\/#website"},"primaryImageOfPage":{"@id":"https:\/\/webshop.jazminkert.hu\/termek\/parajdi-furdoso-levendula-wellness\/#primaryimage"},"image":{"@id":"https:\/\/webshop.jazminkert.hu\/termek\/parajdi-furdoso-levendula-wellness\/#primaryimage"},"thumbnailUrl":"https:\/\/webshop.jazminkert.hu\/wp-content\/uploads\/2023\/01\/20230116_141954-scaled.jpg","datePublished":"2023-01-31T08:23:40+00:00","dateModified":"2024-09-22T14:26:08+00:00","description":"Parajdi f\u00fcrd\u0151s\u00f3 levendul\u00e1val.Wellness az otthon\u00e1ban. Relax\u00e1ci\u00f3, nyugtat\u00f3, k\u00e9nyeztet\u0151 \u00e9lm\u00e9ny.A parajdi s\u00f3b\u00f3l \u00e9s levendul\u00e1b\u00f3l k\u00e9sz\u00fclt term\u00e9szetes f\u00fcrd\u0151s\u00f3 t\u00f6k\u00e9letes \u00f6sszhangban van, mind a k\u00e9t alkot\u00f3 elem hat\u00e9kony lehet l\u00e9g\u00fati panaszok kezel\u00e9s\u00e9re.","breadcrumb":{"@id":"https:\/\/webshop.jazminkert.hu\/termek\/parajdi-furdoso-levendula-wellness\/#breadcrumb"},"inLanguage":"en-US","potentialAction":[{"@type":"ReadAction","target":["https:\/\/webshop.jazminkert.hu\/termek\/parajdi-furdoso-levendula-wellness\/"]}]},{"@type":"ImageObject","inLanguage":"en-US","@id":"https:\/\/webshop.jazminkert.hu\/termek\/parajdi-furdoso-levendula-wellness\/#primaryimage","url":"https:\/\/webshop.jazminkert.hu\/wp-content\/uploads\/2023\/01\/20230116_141954-scaled.jpg","contentUrl":"https:\/\/webshop.jazminkert.hu\/wp-content\/uploads\/2023\/01\/20230116_141954-scaled.jpg","width":2560,"height":2276,"caption":"levendul\u00e1s parajdi f\u00fcrd\u0151s\u00f3"},{"@type":"BreadcrumbList","@id":"https:\/\/webshop.jazminkert.hu\/termek\/parajdi-furdoso-levendula-wellness\/#breadcrumb","itemListElement":[{"@type":"ListItem","position":1,"name":"Kezd\u0151lap","item":"https:\/\/webshop.jazminkert.hu\/"},{"@type":"ListItem","position":2,"name":"Gy\u00f3gyn\u00f6v\u00e9nyes term\u00e9keink t\u00f6nk\u00f6lypelyv\u00e1val","item":"https:\/\/webshop.jazminkert.hu\/"},{"@type":"ListItem","position":3,"name":"Parajdi f\u00fcrd\u0151s\u00f3 levendul\u00e1val 50g"}]},{"@type":"WebSite","@id":"https:\/\/webshop.jazminkert.hu\/#website","url":"https:\/\/webshop.jazminkert.hu\/","name":"J\u00e1zmin kert","description":"Kert\u00e9p\u00edt\u00e9s, kert-fenntart\u00e1s, d\u00edszn\u00f6v\u00e9nytermeszt\u00e9s, m\u00e1r t\u00f6bb mint 10 \u00e9ve","publisher":{"@id":"https:\/\/webshop.jazminkert.hu\/#organization"},"potentialAction":[{"@type":"SearchAction","target":{"@type":"EntryPoint","urlTemplate":"https:\/\/webshop.jazminkert.hu\/?s={search_term_string}"},"query-input":{"@type":"PropertyValueSpecification","valueRequired":true,"valueName":"search_term_string"}}],"inLanguage":"en-US"},{"@type":"Organization","@id":"https:\/\/webshop.jazminkert.hu\/#organization","name":"J\u00e1zmin kert","url":"https:\/\/webshop.jazminkert.hu\/","logo":{"@type":"ImageObject","inLanguage":"en-US","@id":"https:\/\/webshop.jazminkert.hu\/#\/schema\/logo\/image\/","url":"https:\/\/webshop.jazminkert.hu\/wp-content\/uploads\/2022\/04\/cropped-logo.png","contentUrl":"https:\/\/webshop.jazminkert.hu\/wp-content\/uploads\/2022\/04\/cropped-logo.png","width":533,"height":200,"caption":"J\u00e1zmin kert"},"image":{"@id":"https:\/\/webshop.jazminkert.hu\/#\/schema\/logo\/image\/"},"sameAs":["https:\/\/www.facebook.com\/groups\/2773731042866203\/"]}]}},"jetpack_sharing_enabled":true,"_links":{"self":[{"href":"https:\/\/webshop.jazminkert.hu\/en\/wp-json\/wp\/v2\/product\/409","targetHints":{"allow":["GET"]}}],"collection":[{"href":"https:\/\/webshop.jazminkert.hu\/en\/wp-json\/wp\/v2\/product"}],"about":[{"href":"https:\/\/webshop.jazminkert.hu\/en\/wp-json\/wp\/v2\/types\/product"}],"wp:featuredmedia":[{"embeddable":true,"href":"https:\/\/webshop.jazminkert.hu\/en\/wp-json\/wp\/v2\/media\/380"}],"wp:attachment":[{"href":"https:\/\/webshop.jazminkert.hu\/en\/wp-json\/wp\/v2\/media?parent=409"}],"wp:term":[{"taxonomy":"product_brand","embeddable":true,"href":"https:\/\/webshop.jazminkert.hu\/en\/wp-json\/wp\/v2\/product_brand?post=409"},{"taxonomy":"product_cat","embeddable":true,"href":"https:\/\/webshop.jazminkert.hu\/en\/wp-json\/wp\/v2\/product_cat?post=409"},{"taxonomy":"product_tag","embeddable":true,"href":"https:\/\/webshop.jazminkert.hu\/en\/wp-json\/wp\/v2\/product_tag?post=409"}],"curies":[{"name":"wp","href":"https:\/\/api.w.org\/{rel}","templated":true}]}}