{"id":199,"date":"2023-01-13T12:32:01","date_gmt":"2023-01-13T12:32:01","guid":{"rendered":"https:\/\/webshop.jazminkert.hu\/?post_type=product&#038;p=199"},"modified":"2025-01-31T11:44:23","modified_gmt":"2025-01-31T11:44:23","slug":"tonkoly-szemmaszk-gyermekeknek-4-fele-gyogynoveny-keverekkel","status":"publish","type":"product","link":"https:\/\/webshop.jazminkert.hu\/en\/termek\/tonkoly-szemmaszk-gyermekeknek-4-fele-gyogynoveny-keverekkel\/","title":{"rendered":"T\u00f6nk\u00f6lypelyva szemmaszk gyermekeknek 4 f\u00e9le gy\u00f3gyn\u00f6v\u00e9ny kever\u00e9kkel"},"content":{"rendered":"<h3><strong>T\u00f6nk\u00f6lypelyva szemmaszk Gyermekeknek 4 f\u00e9le gy\u00f3gyn\u00f6v\u00e9ny kever\u00e9kkel<\/strong><\/h3>\n<p>T\u00f6nk\u00f6lypelyva szemmaszk 2 \u00e9ves kort\u00f3l<\/p>\n<p>T\u00f6nk\u00f6lypelyva, 4 f\u00e9le gy\u00f3gyn\u00f6v\u00e9ny (saj\u00e1t termeszt\u00e9s\u0171 levendula, citromf\u0171, izs\u00f3pf\u0171, kakukkf\u0171)<\/p>\n<p>A gy\u00f3gyn\u00f6v\u00e9nyekb\u0151l kip\u00e1rolg\u00f3 ill\u00f3olaj seg\u00edtheti az elalv\u00e1st, \u00e9s a gyermek reggel t\u00f6k\u00e9letesen kipihenten \u00e9bredhet.<\/p>\n<p>A t\u00f6nk\u00f6lypelyva a benne l\u00e9v\u0151 kovasavat kibocs\u00e1tva j\u00f3t\u00e9kony hat\u00e1ssal lehet\u00a0a szervezetre, pihentetheti a szemet. Nyugtat\u00f3, stresszold\u00f3, f\u00e1jdalomcsillap\u00edt\u00f3 hat\u00e1sa lehet.<\/p>\n<p>A <strong><em><i>levendula<\/i><\/em><\/strong>\u00a0kellemes illatot ad, nyugtat\u00f3 hat\u00e1sa lehet , seg\u00edtheti az elalv\u00e1st.<\/p>\n<p>Az <em><strong>izs\u00f3pf\u0171<\/strong> <\/em>csillap\u00edthatja a k\u00f6h\u00f6g\u00e9st, j\u00f3 hat\u00e1sa lehet a fels\u0151 l\u00e9g\u00fati megbeteged\u00e9sekre.<\/p>\n<p>A <strong><em><i>citromf\u0171<\/i><\/em><\/strong>\u00a0minden koroszt\u00e1lyn\u00e1l el\u0151seg\u00edtheti a nyugodt, m\u00e9ly alv\u00e1st, enyh\u00edtheti a fogf\u00e1j\u00e1s okozta panaszokat, gyermekekn\u00e9l pedig a fogz\u00e1s okozta nyugtalan id\u0151szakban is seg\u00edts\u00e9get ny\u00fajthat.<\/p>\n<p>A <strong><em><i>kakukkf\u0171<\/i><\/em><\/strong>\u00a0megsz\u00fcntetheti az alv\u00e1si panaszokat.<\/p>\n<p>A szemmaszk f\u00e9l,- egy \u00e9vig \u0151rzi meg az illat\u00e1t. Az illatok v\u00e1ltoznak, az elej\u00e9n intenz\u00edvebb, er\u0151sebb, majd az id\u0151 haladt\u00e1val csillapodik, gyeng\u00fcl. Ett\u0151l f\u00fcggetlen\u00fcl tov\u00e1bbra is hat\u00e1ssal vannak szervezet\u00fcnkre. P\u00e1r h\u00e9t m\u00falva el\u0151fordulhat, hogy nem \u00e9rezz\u00fck az illat\u00e1t, hiszen megszokja az orrunk.<\/p>\n<p>A szemmaszk, h\u0171s\u00edt\u0151 szem \u2013 pakol\u00e1sk\u00e9nt is haszn\u00e1lhat\u00f3. N\u00e9h\u00e1ny percre a fagyaszt\u00f3ba kell tenni. Ilyen m\u00f3don megnyugtathatja a szemet, cs\u00f6kkentheti a szem duzzanat\u00e1t \u00e9s seg\u00edtheti a v\u00e9rkering\u00e9st.<\/p>\n<p>A pelyva nagyon kedveli a napot, hiszen onnan nyeri energi\u00e1j\u00e1t. Amikor csak alkalom van r\u00e1 meg kell napoztatni, n\u00e9ha -n\u00e9ha \u00e1tg\u0151z\u00f6lni \u00e9s a napon megsz\u00e1r\u00edtani.<\/p>\n<p>Tartsa sz\u00e1raz helyen \u00e9s v\u00e9dje a nedvess\u00e9gt\u0151l.<\/p>\n<p>A szemmaszk \u00a050\u00b0C-on 15-30 percig s\u00fct\u0151ben, vagy 8 \u00f3r\u00e1t m\u00e9lyh\u0171t\u0151ben tartva fert\u0151tlen\u00edthet\u0151.<\/p>\n<p>Minden szemmaszk, alapja a t\u00f6nk\u00f6lyb\u00faza szemeket bebor\u00edt\u00f3 vegyszermentes h\u00e9j, a t\u00f6nk\u00f6lypelyva, ami igen kedvez\u0151 hat\u00e1st gyakorolhat\u00a0a szervezetre.<\/p>\n<p>A nyugodt, b\u00e9k\u00e9s \u00e9jszak\u00e1kat, minden egyes nap kiegyens\u00falyozott reggelek k\u00f6vethetik majd. Ellen\u00e1ll\u00f3 a k\u00f3rokoz\u00f3kkal szemben, \u00edgy az \u00e9l\u0151sk\u00f6d\u0151k sem telepednek meg benne. A n\u00e9pi megfigyel\u00e9sek szerint nem tapasztalt\u00e1k esetleges allergiz\u00e1l\u00f3 hat\u00e1s\u00e1t.<\/p>\n<p>A t\u00f6nk\u00f6lypelyva a benne l\u00e9v\u0151 kovasavat kibocs\u00e1tva j\u00f3t\u00e9kony hat\u00e1ssal lehet a szervezetre. Hat\u00e1s\u00e1t 3 \u00e9vig fejti ki, (kb. 3 \u00e9vig tart a kovasav kip\u00e1rolg\u00e1sa).\u00a0Gy\u00f3gyhat\u00e1s\u00e1t annak k\u00f6sz\u00f6nheti, hogy 90%-ban kovasavb\u00f3l \u00e1ll. A kovasav, mint v\u00edzk\u00f6t\u00e9s\u0171 szil\u00edciumdioxid, a pelyva sz\u00e1rad\u00e1sa k\u00f6vetkezt\u00e9ben lev\u00e1lik \u00e9s a k\u00f6t\u0151sz\u00f6vetekbe behatolva ker\u00fcl szervezet\u00fcnkbe.\u00a0Kiv\u00e1l\u00f3 k\u00f6z\u00e9rzetjav\u00edt\u00f3 hat\u00e1sa miatt a n\u00e9pi gy\u00f3gy\u00e1szat r\u00e9g\u00f3ta alkalmazza.\u00a0A h\u00e9jak mindenf\u00e9le testhelyzethez kiv\u00e1l\u00f3an tudnak alkalmazkodni.<\/p>\n<p>A le\u00edr\u00e1sok szerint nyugtat\u00f3, stresszold\u00f3, f\u00e1jdalomcsillap\u00edt\u00f3, \u00e9s gyullad\u00e1scs\u00f6kkent\u0151 hat\u00e1sa lehet, enyh\u00edtheti a migr\u00e9nes fejf\u00e1j\u00e1st, az alv\u00e1szavarokat, oldhatja a fesz\u00fclts\u00e9get. A gabonah\u00e9j t\u00f6ltet gyeng\u00e9d massz\u00edroz\u00e1ssal, halk zizeg\u00e9ssel a term\u00e9szetet var\u00e1zsolja k\u00f6r\u00e9nk, ahol test\u00fcnk \u00e9s lelk\u00fcnk egyar\u00e1nt megpihenhet..<\/p>\n<p>A t\u00f6nk\u00f6lypelyva gy\u00f3gy\u00edt\u00f3 hat\u00e1sa, nem titokzatos h\u00f3kuszp\u00f3kusz, hanem hossz\u00fa \u00e9vsz\u00e1zadok \u00f3ta bizony\u00edtott t\u00e9ny. M\u00e1r az 1100as \u00e9vek elej\u00e9n Bingeni Szent Hildeg\u00e1rd, aki a gy\u00f3gyn\u00f6v\u00e9nyes gy\u00f3gy\u00edt\u00e1s egyik legels\u0151 k\u00e9pvisel\u0151je, \u00e9s gyakorl\u00f3ja volt, \u00edgy \u00edrt \u00ed t\u00f6nk\u00f6lyb\u00faz\u00e1r\u00f3l: \u2019\u2019a t\u00f6nk\u00f6lyb\u00faza a legjobb gabona. Meleg, zs\u00edros, er\u0151s, \u00e9s aki ezt eszi, azt helyes h\u00fassal \u00e9s v\u00e9rrel aj\u00e1nd\u00e9kozza meg, \u00e9s az emberi ked\u00e9lyt vid\u00e1mm\u00e1 \u00e9s \u00f6r\u00f6mteliv\u00e9 teszi.\u2019\u2019<\/p>\n<p>Term\u00e9szettudom\u00e1nyos munk\u00e1i k\u00f6z\u00f6tt a hagyom\u00e1nyos \u00e9s term\u00e9szetes gy\u00f3gy\u00e1szatr\u00f3l sz\u00f3l\u00f3 k\u00f6nyveiben, t\u00f6bb alkalommal is eml\u00edti a t\u00f6nk\u00f6lypelyva gy\u00f3gy\u00edt\u00f3 hat\u00e1sait.<\/p>\n<p>Gy\u00e1rtja \u00e9s Forgalmazza: J\u00e1zminKert, KASZ-KER Kft. 8042 Moha, F\u0151 utca 102.<\/p>\n<p>Sz\u00e1rmaz\u00e1s: Magyarorsz\u00e1g<\/p>\n","protected":false},"excerpt":{"rendered":"<p>A gy\u00f3gyn\u00f6v\u00e9nyekb\u0151l kip\u00e1rolg\u00f3 ill\u00f3olaj seg\u00edtheti az elalv\u00e1st, \u00e9s a gyermek reggel t\u00f6k\u00e9letesen kipihenten \u00e9bredhet.<\/p>\n","protected":false},"featured_media":263,"template":"","meta":[],"product_brand":[],"product_cat":[152],"product_tag":[45,47,43,34,120,54,96,28,133,65,163,157,153,105,73,61,101],"class_list":{"0":"post-199","1":"product","2":"type-product","3":"status-publish","4":"has-post-thumbnail","6":"product_cat-szemmaszk-gyogynovenyes-tonkolypelyvas","7":"product_tag-citromfu","8":"product_tag-gyermek","9":"product_tag-gyogynoveny","10":"product_tag-illoolaj","11":"product_tag-izsopfu","12":"product_tag-jazminkert","13":"product_tag-kakukkfu","14":"product_tag-levendula","15":"product_tag-nap","16":"product_tag-nyugalom","17":"product_tag-pihenteto-ebredes","18":"product_tag-szem","19":"product_tag-szemmaszk","20":"product_tag-termeszet","21":"product_tag-tonkoly","22":"product_tag-tonkolypelyva","23":"product_tag-webshop","25":"first","26":"instock","27":"taxable","28":"shipping-taxable","29":"purchasable","30":"product-type-variable"},"yoast_head":"<!-- This site is optimized with the Yoast SEO plugin v27.4 - https:\/\/yoast.com\/product\/yoast-seo-wordpress\/ -->\n<title>T\u00f6nk\u00f6lypelyva szemmaszk gyermekeknek 4 f\u00e9le gy\u00f3gyn\u00f6v\u00e9ny kever\u00e9kkel<\/title>\n<meta name=\"description\" content=\"Gyerek szemmaszk t\u00f6nk\u00f6lypelyva \u00e9s 4 f\u00e9le gy\u00f3gyn\u00f6v\u00e9nnyel.A gy\u00f3gyn\u00f6v\u00e9nyekb\u0151l kip\u00e1rolg\u00f3 ill\u00f3olaj seg\u00edtheti az elalv\u00e1st, \u00e9s a gyermek reggel t\u00f6k\u00e9letesen kipihenten \u00e9bredhet. A t\u00f6nk\u00f6lypelyva a benne l\u00e9v\u0151 kovasavat kibocs\u00e1tva j\u00f3t\u00e9kony hat\u00e1ssal lehet\u00a0a szervezetre, pihentetheti a szemet. Nyugtat\u00f3, stresszold\u00f3, f\u00e1jdalomcsillap\u00edt\u00f3 hat\u00e1sa lehet.\" \/>\n<meta name=\"robots\" content=\"index, follow, max-snippet:-1, max-image-preview:large, max-video-preview:-1\" \/>\n<link rel=\"canonical\" href=\"https:\/\/webshop.jazminkert.hu\/en\/termek\/tonkoly-szemmaszk-gyermekeknek-4-fele-gyogynoveny-keverekkel\/\" \/>\n<meta property=\"og:locale\" content=\"en_US\" \/>\n<meta property=\"og:locale:alternate\" content=\"hu_HU\" \/>\n<meta property=\"og:type\" content=\"article\" \/>\n<meta property=\"og:title\" content=\"T\u00f6nk\u00f6lypelyva szemmaszk gyermekeknek 4 f\u00e9le gy\u00f3gyn\u00f6v\u00e9ny kever\u00e9kkel\" \/>\n<meta property=\"og:description\" content=\"Gyerek szemmaszk t\u00f6nk\u00f6lypelyva \u00e9s 4 f\u00e9le gy\u00f3gyn\u00f6v\u00e9nnyel.A gy\u00f3gyn\u00f6v\u00e9nyekb\u0151l kip\u00e1rolg\u00f3 ill\u00f3olaj seg\u00edtheti az elalv\u00e1st, \u00e9s a gyermek reggel t\u00f6k\u00e9letesen kipihenten \u00e9bredhet. A t\u00f6nk\u00f6lypelyva a benne l\u00e9v\u0151 kovasavat kibocs\u00e1tva j\u00f3t\u00e9kony hat\u00e1ssal lehet\u00a0a szervezetre, pihentetheti a szemet. Nyugtat\u00f3, stresszold\u00f3, f\u00e1jdalomcsillap\u00edt\u00f3 hat\u00e1sa lehet.\" \/>\n<meta property=\"og:url\" content=\"https:\/\/webshop.jazminkert.hu\/en\/termek\/tonkoly-szemmaszk-gyermekeknek-4-fele-gyogynoveny-keverekkel\/\" \/>\n<meta property=\"og:site_name\" content=\"J\u00e1zmin kert\" \/>\n<meta property=\"article:publisher\" content=\"https:\/\/www.facebook.com\/groups\/2773731042866203\/\" \/>\n<meta property=\"article:modified_time\" content=\"2025-01-31T11:44:23+00:00\" \/>\n<meta property=\"og:image\" content=\"https:\/\/webshop.jazminkert.hu\/wp-content\/uploads\/2023\/01\/20230116_121638.jpg\" \/>\n\t<meta property=\"og:image:width\" content=\"1426\" \/>\n\t<meta property=\"og:image:height\" content=\"962\" \/>\n\t<meta property=\"og:image:type\" content=\"image\/jpeg\" \/>\n<meta name=\"twitter:card\" content=\"summary_large_image\" \/>\n<meta name=\"twitter:label1\" content=\"Est. reading time\" \/>\n\t<meta name=\"twitter:data1\" content=\"3 minutes\" \/>\n<script type=\"application\/ld+json\" class=\"yoast-schema-graph\">{\"@context\":\"https:\\\/\\\/schema.org\",\"@graph\":[{\"@type\":\"WebPage\",\"@id\":\"https:\\\/\\\/webshop.jazminkert.hu\\\/termek\\\/tonkoly-szemmaszk-gyermekeknek-4-fele-gyogynoveny-keverekkel\\\/\",\"url\":\"https:\\\/\\\/webshop.jazminkert.hu\\\/termek\\\/tonkoly-szemmaszk-gyermekeknek-4-fele-gyogynoveny-keverekkel\\\/\",\"name\":\"T\u00f6nk\u00f6lypelyva szemmaszk gyermekeknek 4 f\u00e9le gy\u00f3gyn\u00f6v\u00e9ny kever\u00e9kkel\",\"isPartOf\":{\"@id\":\"https:\\\/\\\/webshop.jazminkert.hu\\\/#website\"},\"primaryImageOfPage\":{\"@id\":\"https:\\\/\\\/webshop.jazminkert.hu\\\/termek\\\/tonkoly-szemmaszk-gyermekeknek-4-fele-gyogynoveny-keverekkel\\\/#primaryimage\"},\"image\":{\"@id\":\"https:\\\/\\\/webshop.jazminkert.hu\\\/termek\\\/tonkoly-szemmaszk-gyermekeknek-4-fele-gyogynoveny-keverekkel\\\/#primaryimage\"},\"thumbnailUrl\":\"https:\\\/\\\/webshop.jazminkert.hu\\\/wp-content\\\/uploads\\\/2023\\\/01\\\/20230116_121638.jpg\",\"datePublished\":\"2023-01-13T12:32:01+00:00\",\"dateModified\":\"2025-01-31T11:44:23+00:00\",\"description\":\"Gyerek szemmaszk t\u00f6nk\u00f6lypelyva \u00e9s 4 f\u00e9le gy\u00f3gyn\u00f6v\u00e9nnyel.A gy\u00f3gyn\u00f6v\u00e9nyekb\u0151l kip\u00e1rolg\u00f3 ill\u00f3olaj seg\u00edtheti az elalv\u00e1st, \u00e9s a gyermek reggel t\u00f6k\u00e9letesen kipihenten \u00e9bredhet. A t\u00f6nk\u00f6lypelyva a benne l\u00e9v\u0151 kovasavat kibocs\u00e1tva j\u00f3t\u00e9kony hat\u00e1ssal lehet\u00a0a szervezetre, pihentetheti a szemet. Nyugtat\u00f3, stresszold\u00f3, f\u00e1jdalomcsillap\u00edt\u00f3 hat\u00e1sa lehet.\",\"breadcrumb\":{\"@id\":\"https:\\\/\\\/webshop.jazminkert.hu\\\/termek\\\/tonkoly-szemmaszk-gyermekeknek-4-fele-gyogynoveny-keverekkel\\\/#breadcrumb\"},\"inLanguage\":\"en-US\",\"potentialAction\":[{\"@type\":\"ReadAction\",\"target\":[\"https:\\\/\\\/webshop.jazminkert.hu\\\/termek\\\/tonkoly-szemmaszk-gyermekeknek-4-fele-gyogynoveny-keverekkel\\\/\"]}]},{\"@type\":\"ImageObject\",\"inLanguage\":\"en-US\",\"@id\":\"https:\\\/\\\/webshop.jazminkert.hu\\\/termek\\\/tonkoly-szemmaszk-gyermekeknek-4-fele-gyogynoveny-keverekkel\\\/#primaryimage\",\"url\":\"https:\\\/\\\/webshop.jazminkert.hu\\\/wp-content\\\/uploads\\\/2023\\\/01\\\/20230116_121638.jpg\",\"contentUrl\":\"https:\\\/\\\/webshop.jazminkert.hu\\\/wp-content\\\/uploads\\\/2023\\\/01\\\/20230116_121638.jpg\",\"width\":1426,\"height\":962},{\"@type\":\"BreadcrumbList\",\"@id\":\"https:\\\/\\\/webshop.jazminkert.hu\\\/termek\\\/tonkoly-szemmaszk-gyermekeknek-4-fele-gyogynoveny-keverekkel\\\/#breadcrumb\",\"itemListElement\":[{\"@type\":\"ListItem\",\"position\":1,\"name\":\"Kezd\u0151lap\",\"item\":\"https:\\\/\\\/webshop.jazminkert.hu\\\/\"},{\"@type\":\"ListItem\",\"position\":2,\"name\":\"Gy\u00f3gyn\u00f6v\u00e9nyes term\u00e9keink t\u00f6nk\u00f6lypelyv\u00e1val\",\"item\":\"https:\\\/\\\/webshop.jazminkert.hu\\\/\"},{\"@type\":\"ListItem\",\"position\":3,\"name\":\"T\u00f6nk\u00f6lypelyva szemmaszk gyermekeknek 4 f\u00e9le gy\u00f3gyn\u00f6v\u00e9ny kever\u00e9kkel\"}]},{\"@type\":\"WebSite\",\"@id\":\"https:\\\/\\\/webshop.jazminkert.hu\\\/#website\",\"url\":\"https:\\\/\\\/webshop.jazminkert.hu\\\/\",\"name\":\"J\u00e1zmin kert\",\"description\":\"Kert\u00e9p\u00edt\u00e9s, kert-fenntart\u00e1s, d\u00edszn\u00f6v\u00e9nytermeszt\u00e9s, m\u00e1r t\u00f6bb mint 10 \u00e9ve\",\"publisher\":{\"@id\":\"https:\\\/\\\/webshop.jazminkert.hu\\\/#organization\"},\"potentialAction\":[{\"@type\":\"SearchAction\",\"target\":{\"@type\":\"EntryPoint\",\"urlTemplate\":\"https:\\\/\\\/webshop.jazminkert.hu\\\/?s={search_term_string}\"},\"query-input\":{\"@type\":\"PropertyValueSpecification\",\"valueRequired\":true,\"valueName\":\"search_term_string\"}}],\"inLanguage\":\"en-US\"},{\"@type\":\"Organization\",\"@id\":\"https:\\\/\\\/webshop.jazminkert.hu\\\/#organization\",\"name\":\"J\u00e1zmin kert\",\"url\":\"https:\\\/\\\/webshop.jazminkert.hu\\\/\",\"logo\":{\"@type\":\"ImageObject\",\"inLanguage\":\"en-US\",\"@id\":\"https:\\\/\\\/webshop.jazminkert.hu\\\/#\\\/schema\\\/logo\\\/image\\\/\",\"url\":\"https:\\\/\\\/webshop.jazminkert.hu\\\/wp-content\\\/uploads\\\/2022\\\/04\\\/cropped-logo.png\",\"contentUrl\":\"https:\\\/\\\/webshop.jazminkert.hu\\\/wp-content\\\/uploads\\\/2022\\\/04\\\/cropped-logo.png\",\"width\":533,\"height\":200,\"caption\":\"J\u00e1zmin kert\"},\"image\":{\"@id\":\"https:\\\/\\\/webshop.jazminkert.hu\\\/#\\\/schema\\\/logo\\\/image\\\/\"},\"sameAs\":[\"https:\\\/\\\/www.facebook.com\\\/groups\\\/2773731042866203\\\/\"]}]}<\/script>\n<!-- \/ Yoast SEO plugin. -->","yoast_head_json":{"title":"T\u00f6nk\u00f6lypelyva szemmaszk gyermekeknek 4 f\u00e9le gy\u00f3gyn\u00f6v\u00e9ny kever\u00e9kkel","description":"Gyerek szemmaszk t\u00f6nk\u00f6lypelyva \u00e9s 4 f\u00e9le gy\u00f3gyn\u00f6v\u00e9nnyel.A gy\u00f3gyn\u00f6v\u00e9nyekb\u0151l kip\u00e1rolg\u00f3 ill\u00f3olaj seg\u00edtheti az elalv\u00e1st, \u00e9s a gyermek reggel t\u00f6k\u00e9letesen kipihenten \u00e9bredhet. A t\u00f6nk\u00f6lypelyva a benne l\u00e9v\u0151 kovasavat kibocs\u00e1tva j\u00f3t\u00e9kony hat\u00e1ssal lehet\u00a0a szervezetre, pihentetheti a szemet. Nyugtat\u00f3, stresszold\u00f3, f\u00e1jdalomcsillap\u00edt\u00f3 hat\u00e1sa lehet.","robots":{"index":"index","follow":"follow","max-snippet":"max-snippet:-1","max-image-preview":"max-image-preview:large","max-video-preview":"max-video-preview:-1"},"canonical":"https:\/\/webshop.jazminkert.hu\/en\/termek\/tonkoly-szemmaszk-gyermekeknek-4-fele-gyogynoveny-keverekkel\/","og_locale":"en_US","og_type":"article","og_title":"[:hu]T\u00f6nk\u00f6lypelyva szemmaszk gyermekeknek 4 f\u00e9le gy\u00f3gyn\u00f6v\u00e9ny kever\u00e9kkel[:] - J\u00e1zmin kert","og_description":"[:hu]Gyerek szemmaszk t\u00f6nk\u00f6lypelyva \u00e9s 4 f\u00e9le gy\u00f3gyn\u00f6v\u00e9nnyel.A gy\u00f3gyn\u00f6v\u00e9nyekb\u0151l kip\u00e1rolg\u00f3 ill\u00f3olaj seg\u00edtheti az elalv\u00e1st, \u00e9s a gyermek reggel t\u00f6k\u00e9letesen kipihenten \u00e9bredhet. A t\u00f6nk\u00f6lypelyva a benne l\u00e9v\u0151 kovasavat kibocs\u00e1tva j\u00f3t\u00e9kony hat\u00e1ssal lehet\u00a0a szervezetre, pihentetheti a szemet. Nyugtat\u00f3, stresszold\u00f3, f\u00e1jdalomcsillap\u00edt\u00f3 hat\u00e1sa lehet.[:]","og_url":"https:\/\/webshop.jazminkert.hu\/en\/termek\/tonkoly-szemmaszk-gyermekeknek-4-fele-gyogynoveny-keverekkel\/","og_site_name":"J\u00e1zmin kert","article_publisher":"https:\/\/www.facebook.com\/groups\/2773731042866203\/","article_modified_time":"2025-01-31T11:44:23+00:00","og_image":[{"width":1426,"height":962,"url":"https:\/\/webshop.jazminkert.hu\/wp-content\/uploads\/2023\/01\/20230116_121638.jpg","type":"image\/jpeg"}],"twitter_card":"summary_large_image","twitter_misc":{"Est. reading time":"3 minutes"},"schema":{"@context":"https:\/\/schema.org","@graph":[{"@type":"WebPage","@id":"https:\/\/webshop.jazminkert.hu\/termek\/tonkoly-szemmaszk-gyermekeknek-4-fele-gyogynoveny-keverekkel\/","url":"https:\/\/webshop.jazminkert.hu\/termek\/tonkoly-szemmaszk-gyermekeknek-4-fele-gyogynoveny-keverekkel\/","name":"T\u00f6nk\u00f6lypelyva szemmaszk gyermekeknek 4 f\u00e9le gy\u00f3gyn\u00f6v\u00e9ny kever\u00e9kkel","isPartOf":{"@id":"https:\/\/webshop.jazminkert.hu\/#website"},"primaryImageOfPage":{"@id":"https:\/\/webshop.jazminkert.hu\/termek\/tonkoly-szemmaszk-gyermekeknek-4-fele-gyogynoveny-keverekkel\/#primaryimage"},"image":{"@id":"https:\/\/webshop.jazminkert.hu\/termek\/tonkoly-szemmaszk-gyermekeknek-4-fele-gyogynoveny-keverekkel\/#primaryimage"},"thumbnailUrl":"https:\/\/webshop.jazminkert.hu\/wp-content\/uploads\/2023\/01\/20230116_121638.jpg","datePublished":"2023-01-13T12:32:01+00:00","dateModified":"2025-01-31T11:44:23+00:00","description":"Gyerek szemmaszk t\u00f6nk\u00f6lypelyva \u00e9s 4 f\u00e9le gy\u00f3gyn\u00f6v\u00e9nnyel.A gy\u00f3gyn\u00f6v\u00e9nyekb\u0151l kip\u00e1rolg\u00f3 ill\u00f3olaj seg\u00edtheti az elalv\u00e1st, \u00e9s a gyermek reggel t\u00f6k\u00e9letesen kipihenten \u00e9bredhet. A t\u00f6nk\u00f6lypelyva a benne l\u00e9v\u0151 kovasavat kibocs\u00e1tva j\u00f3t\u00e9kony hat\u00e1ssal lehet\u00a0a szervezetre, pihentetheti a szemet. Nyugtat\u00f3, stresszold\u00f3, f\u00e1jdalomcsillap\u00edt\u00f3 hat\u00e1sa lehet.","breadcrumb":{"@id":"https:\/\/webshop.jazminkert.hu\/termek\/tonkoly-szemmaszk-gyermekeknek-4-fele-gyogynoveny-keverekkel\/#breadcrumb"},"inLanguage":"en-US","potentialAction":[{"@type":"ReadAction","target":["https:\/\/webshop.jazminkert.hu\/termek\/tonkoly-szemmaszk-gyermekeknek-4-fele-gyogynoveny-keverekkel\/"]}]},{"@type":"ImageObject","inLanguage":"en-US","@id":"https:\/\/webshop.jazminkert.hu\/termek\/tonkoly-szemmaszk-gyermekeknek-4-fele-gyogynoveny-keverekkel\/#primaryimage","url":"https:\/\/webshop.jazminkert.hu\/wp-content\/uploads\/2023\/01\/20230116_121638.jpg","contentUrl":"https:\/\/webshop.jazminkert.hu\/wp-content\/uploads\/2023\/01\/20230116_121638.jpg","width":1426,"height":962},{"@type":"BreadcrumbList","@id":"https:\/\/webshop.jazminkert.hu\/termek\/tonkoly-szemmaszk-gyermekeknek-4-fele-gyogynoveny-keverekkel\/#breadcrumb","itemListElement":[{"@type":"ListItem","position":1,"name":"Kezd\u0151lap","item":"https:\/\/webshop.jazminkert.hu\/"},{"@type":"ListItem","position":2,"name":"Gy\u00f3gyn\u00f6v\u00e9nyes term\u00e9keink t\u00f6nk\u00f6lypelyv\u00e1val","item":"https:\/\/webshop.jazminkert.hu\/"},{"@type":"ListItem","position":3,"name":"T\u00f6nk\u00f6lypelyva szemmaszk gyermekeknek 4 f\u00e9le gy\u00f3gyn\u00f6v\u00e9ny kever\u00e9kkel"}]},{"@type":"WebSite","@id":"https:\/\/webshop.jazminkert.hu\/#website","url":"https:\/\/webshop.jazminkert.hu\/","name":"J\u00e1zmin kert","description":"Kert\u00e9p\u00edt\u00e9s, kert-fenntart\u00e1s, d\u00edszn\u00f6v\u00e9nytermeszt\u00e9s, m\u00e1r t\u00f6bb mint 10 \u00e9ve","publisher":{"@id":"https:\/\/webshop.jazminkert.hu\/#organization"},"potentialAction":[{"@type":"SearchAction","target":{"@type":"EntryPoint","urlTemplate":"https:\/\/webshop.jazminkert.hu\/?s={search_term_string}"},"query-input":{"@type":"PropertyValueSpecification","valueRequired":true,"valueName":"search_term_string"}}],"inLanguage":"en-US"},{"@type":"Organization","@id":"https:\/\/webshop.jazminkert.hu\/#organization","name":"J\u00e1zmin kert","url":"https:\/\/webshop.jazminkert.hu\/","logo":{"@type":"ImageObject","inLanguage":"en-US","@id":"https:\/\/webshop.jazminkert.hu\/#\/schema\/logo\/image\/","url":"https:\/\/webshop.jazminkert.hu\/wp-content\/uploads\/2022\/04\/cropped-logo.png","contentUrl":"https:\/\/webshop.jazminkert.hu\/wp-content\/uploads\/2022\/04\/cropped-logo.png","width":533,"height":200,"caption":"J\u00e1zmin kert"},"image":{"@id":"https:\/\/webshop.jazminkert.hu\/#\/schema\/logo\/image\/"},"sameAs":["https:\/\/www.facebook.com\/groups\/2773731042866203\/"]}]}},"jetpack_sharing_enabled":true,"_links":{"self":[{"href":"https:\/\/webshop.jazminkert.hu\/en\/wp-json\/wp\/v2\/product\/199","targetHints":{"allow":["GET"]}}],"collection":[{"href":"https:\/\/webshop.jazminkert.hu\/en\/wp-json\/wp\/v2\/product"}],"about":[{"href":"https:\/\/webshop.jazminkert.hu\/en\/wp-json\/wp\/v2\/types\/product"}],"wp:featuredmedia":[{"embeddable":true,"href":"https:\/\/webshop.jazminkert.hu\/en\/wp-json\/wp\/v2\/media\/263"}],"wp:attachment":[{"href":"https:\/\/webshop.jazminkert.hu\/en\/wp-json\/wp\/v2\/media?parent=199"}],"wp:term":[{"taxonomy":"product_brand","embeddable":true,"href":"https:\/\/webshop.jazminkert.hu\/en\/wp-json\/wp\/v2\/product_brand?post=199"},{"taxonomy":"product_cat","embeddable":true,"href":"https:\/\/webshop.jazminkert.hu\/en\/wp-json\/wp\/v2\/product_cat?post=199"},{"taxonomy":"product_tag","embeddable":true,"href":"https:\/\/webshop.jazminkert.hu\/en\/wp-json\/wp\/v2\/product_tag?post=199"}],"curies":[{"name":"wp","href":"https:\/\/api.w.org\/{rel}","templated":true}]}}