{"id":196,"date":"2023-01-13T11:47:59","date_gmt":"2023-01-13T11:47:59","guid":{"rendered":"https:\/\/webshop.jazminkert.hu\/?post_type=product&#038;p=196"},"modified":"2024-09-06T19:37:15","modified_gmt":"2024-09-06T19:37:15","slug":"tonkoly-szemmaszk","status":"publish","type":"product","link":"https:\/\/webshop.jazminkert.hu\/en\/termek\/tonkoly-szemmaszk\/","title":{"rendered":"T\u00f6nk\u00f6lypelyva szemmaszk"},"content":{"rendered":"<h3><strong>T\u00f6nk\u00f6lypelyva szemmaszk<\/strong><\/h3>\n<p>A t\u00f6nk\u00f6lypelyva pihenteti a szemet, a benne l\u00e9v\u0151 kovasavat kibocs\u00e1tva j\u00f3t\u00e9kony hat\u00e1ssal van a szervezetre. Nyugtat\u00f3, stresszold\u00f3, f\u00e1jdalomcsillap\u00edt\u00f3 hat\u00e1s\u00fa.<\/p>\n<p>Kiv\u00e1l\u00f3 k\u00f6z\u00e9rzetjav\u00edt\u00f3.<\/p>\n<p>A maszk h\u0171s\u00edt\u0151 szem \u2013 pakol\u00e1sk\u00e9nt is haszn\u00e1lhat\u00f3. N\u00e9h\u00e1ny percre a fagyaszt\u00f3ba kell helyezni, ilyen m\u00f3don megnyugtatja a f\u00e1radt szemet, cs\u00f6kkenti a szem duzzanat\u00e1t \u00e9s serkenti a v\u00e9rkering\u00e9st. T\u00e9len f\u0171t ny\u00e1ron h\u0171t, \u00edgy mindig komfortos \u201eviselet\u201d.<\/p>\n<p>Viszl\u00e1t karik\u00e1s szemek!<\/p>\n<p>A pelyva nagyon kedveli a napot, hiszen onnan nyeri energi\u00e1j\u00e1t. Amikor csak alkalom van r\u00e1 meg kell napoztatni, n\u00e9ha-n\u00e9ha pedig \u00e1tg\u0151z\u00f6lni \u00e9s napon megsz\u00e1r\u00edtani. \u0150szi \u2013 t\u00e9li, napmentes id\u0151szakban f\u0171t\u0151testre helyezve lehet \u00e1tmeleg\u00edteni.\u00a0A tiszt\u00edtott h\u00e9j is tartalmazhat nyomokban pollent \u00e9s port.<\/p>\n<p>A szemmaszk\u00a050\u00b0C-on 15-30 percig s\u00fct\u0151ben, vagy 8 \u00f3r\u00e1t m\u00e9lyh\u0171t\u0151ben tartva fert\u0151tlen\u00edthet\u0151.<\/p>\n<p>Tartsa sz\u00e1raz helyen \u00e9s v\u00e9dje a nedvess\u00e9gt\u0151l.<\/p>\n<p>Minden szemmaszk, alapja a t\u00f6nk\u00f6lyb\u00faza szemeket bebor\u00edt\u00f3 vegyszermentes h\u00e9j, a t\u00f6nk\u00f6lypelyva, ami igen kedvez\u0151 hat\u00e1st gyakorol a szervezetre. A nyugodt, b\u00e9k\u00e9s \u00e9jszak\u00e1kat, minden egyes nap kiegyens\u00falyozott reggelek k\u00f6vetik majd. Ellen\u00e1ll\u00f3 a k\u00f3rokoz\u00f3kkal szemben, \u00edgy az \u00e9l\u0151sk\u00f6d\u0151k sem telepednek meg benne. A n\u00e9pi megfigyel\u00e9sek szerint nem tapasztalt\u00e1k esetleges allergiz\u00e1l\u00f3 hat\u00e1s\u00e1t.<\/p>\n<p>A t\u00f6nk\u00f6lypelyva a benne l\u00e9v\u0151 kovasavat kibocs\u00e1tva j\u00f3t\u00e9kony hat\u00e1ssal lehet a szervezetre. Hat\u00e1s\u00e1t 3 \u00e9vig fejti ki, (kb. 3 \u00e9vig tart a kovasav kip\u00e1rolg\u00e1sa).\u00a0Gy\u00f3gyhat\u00e1s\u00e1t annak k\u00f6sz\u00f6nheti, hogy 90%-ban kovasavb\u00f3l \u00e1ll. A kovasav, mint v\u00edzk\u00f6t\u00e9s\u0171 szil\u00edciumdioxid, a pelyva sz\u00e1rad\u00e1sa k\u00f6vetkezt\u00e9ben lev\u00e1lik \u00e9s a k\u00f6t\u0151sz\u00f6vetekbe behatolva ker\u00fcl szervezet\u00fcnkbe.\u00a0Kiv\u00e1l\u00f3 k\u00f6z\u00e9rzetjav\u00edt\u00f3 hat\u00e1sa miatt a n\u00e9pi gy\u00f3gy\u00e1szat r\u00e9g\u00f3ta alkalmazza.\u00a0A h\u00e9jak mindenf\u00e9le testhelyzethez kiv\u00e1l\u00f3an tudnak alkalmazkodni. A le\u00edr\u00e1sok szerint nyugtat\u00f3, stresszold\u00f3, f\u00e1jdalomcsillap\u00edt\u00f3, \u00e9s gyullad\u00e1scs\u00f6kkent\u0151 hat\u00e1sa lehet, enyh\u00edtheti a migr\u00e9nes fejf\u00e1j\u00e1st, az alv\u00e1szavarokat, oldhatja a fesz\u00fclts\u00e9get. A gabonah\u00e9j t\u00f6ltet gyeng\u00e9d massz\u00edroz\u00e1ssal, halk zizeg\u00e9ssel a term\u00e9szetet var\u00e1zsolja k\u00f6r\u00e9nk, ahol test\u00fcnk \u00e9s lelk\u00fcnk egyar\u00e1nt megpihenhet.<\/p>\n<p>A t\u00f6nk\u00f6lypelyva gy\u00f3gy\u00edt\u00f3 hat\u00e1sa, nem titokzatos h\u00f3kuszp\u00f3kusz, hanem hossz\u00fa \u00e9vsz\u00e1zadok \u00f3ta bizony\u00edtott t\u00e9ny. M\u00e1r az 1100as \u00e9vek elej\u00e9n Bingeni Szent Hildeg\u00e1rd, aki a gy\u00f3gyn\u00f6v\u00e9nyes gy\u00f3gy\u00edt\u00e1s egyik legels\u0151 k\u00e9pvisel\u0151je, \u00e9s gyakorl\u00f3ja volt, \u00edgy \u00edrt \u00ed t\u00f6nk\u00f6lyb\u00faz\u00e1r\u00f3l: \u2019\u2019a t\u00f6nk\u00f6lyb\u00faza a legjobb gabona. Meleg, zs\u00edros, er\u0151s, \u00e9s aki ezt eszi, azt helyes h\u00fassal \u00e9s v\u00e9rrel aj\u00e1nd\u00e9kozza meg, \u00e9s az emberi ked\u00e9lyt vid\u00e1mm\u00e1 \u00e9s \u00f6r\u00f6mteliv\u00e9 teszi.\u2019\u2019<\/p>\n<p>Term\u00e9szettudom\u00e1nyos munk\u00e1i k\u00f6z\u00f6tt a hagyom\u00e1nyos \u00e9s term\u00e9szetes gy\u00f3gy\u00e1szatr\u00f3l sz\u00f3l\u00f3 k\u00f6nyveiben, t\u00f6bb alkalommal is eml\u00edti a t\u00f6nk\u00f6lypelyva gy\u00f3gy\u00edt\u00f3 hat\u00e1sait.<\/p>\n<p>Gy\u00e1rtja \u00e9s Forgalmazza: J\u00e1zminKert KASZ-KER Kft. 8042 Moha, F\u0151 utca 102.<\/p>\n<p>Sz\u00e1rmaz\u00e1si hely: Magyarorsz\u00e1g<\/p>\n<p>&nbsp;<\/p>\n","protected":false},"excerpt":{"rendered":"<p>Viszl\u00e1t karik\u00e1s szemek! A szemmaszk pihenteti a szemet, nyugtat\u00f3, stresszold\u00f3, f\u00e1jdalomcsillap\u00edt\u00f3 hat\u00e1s\u00fa.<\/p>\n","protected":false},"featured_media":326,"template":"","meta":[],"product_brand":[],"product_cat":[152],"product_tag":[77,155,54,156,75,133,154,66,153,105,73,61,101],"class_list":{"0":"post-196","1":"product","2":"type-product","3":"status-publish","4":"has-post-thumbnail","6":"product_cat-szemmaszk-gyogynovenyes-tonkolypelyvas","7":"product_tag-fajdalomcsillapitas","8":"product_tag-faradt-szem","9":"product_tag-jazminkert","10":"product_tag-karikas-szem","11":"product_tag-kozerzetjavitas","12":"product_tag-nap","13":"product_tag-nyugtato","14":"product_tag-stresszoldas","15":"product_tag-szemmaszk","16":"product_tag-termeszet","17":"product_tag-tonkoly","18":"product_tag-tonkolypelyva","19":"product_tag-webshop","21":"first","22":"instock","23":"taxable","24":"shipping-taxable","25":"purchasable","26":"product-type-variable"},"yoast_head":"<!-- This site is optimized with the Yoast SEO plugin v27.4 - https:\/\/yoast.com\/product\/yoast-seo-wordpress\/ -->\n<title>T\u00f6nk\u00f6lypelyva szemmaszk<\/title>\n<meta name=\"description\" content=\"T\u00f6nk\u00f6lypelyva szemmaszk. A t\u00f6nk\u00f6lypelyva pihenteti a szemet, a benne l\u00e9v\u0151 kovasavat kibocs\u00e1tva j\u00f3t\u00e9kony hat\u00e1ssal van a szervezetre. Nyugtat\u00f3, stresszold\u00f3, f\u00e1jdalomcsillap\u00edt\u00f3 hat\u00e1s\u00fa.Kiv\u00e1l\u00f3 k\u00f6z\u00e9rzetjav\u00edt\u00f3.\" \/>\n<meta name=\"robots\" content=\"index, follow, max-snippet:-1, max-image-preview:large, max-video-preview:-1\" \/>\n<link rel=\"canonical\" href=\"https:\/\/webshop.jazminkert.hu\/en\/termek\/tonkoly-szemmaszk\/\" \/>\n<meta property=\"og:locale\" content=\"en_US\" \/>\n<meta property=\"og:locale:alternate\" content=\"hu_HU\" \/>\n<meta property=\"og:type\" content=\"article\" \/>\n<meta property=\"og:title\" content=\"T\u00f6nk\u00f6lypelyva szemmaszk\" \/>\n<meta property=\"og:description\" content=\"T\u00f6nk\u00f6lypelyva szemmaszk. A t\u00f6nk\u00f6lypelyva pihenteti a szemet, a benne l\u00e9v\u0151 kovasavat kibocs\u00e1tva j\u00f3t\u00e9kony hat\u00e1ssal van a szervezetre. Nyugtat\u00f3, stresszold\u00f3, f\u00e1jdalomcsillap\u00edt\u00f3 hat\u00e1s\u00fa.Kiv\u00e1l\u00f3 k\u00f6z\u00e9rzetjav\u00edt\u00f3.\" \/>\n<meta property=\"og:url\" content=\"https:\/\/webshop.jazminkert.hu\/en\/termek\/tonkoly-szemmaszk\/\" \/>\n<meta property=\"og:site_name\" content=\"J\u00e1zmin kert\" \/>\n<meta property=\"article:publisher\" content=\"https:\/\/www.facebook.com\/groups\/2773731042866203\/\" \/>\n<meta property=\"article:modified_time\" content=\"2024-09-06T19:37:15+00:00\" \/>\n<meta property=\"og:image\" content=\"https:\/\/webshop.jazminkert.hu\/wp-content\/uploads\/2023\/01\/DSC_0918-scaled.jpg\" \/>\n\t<meta property=\"og:image:width\" content=\"1709\" \/>\n\t<meta property=\"og:image:height\" content=\"2560\" \/>\n\t<meta property=\"og:image:type\" content=\"image\/jpeg\" \/>\n<meta name=\"twitter:card\" content=\"summary_large_image\" \/>\n<meta name=\"twitter:label1\" content=\"Est. reading time\" \/>\n\t<meta name=\"twitter:data1\" content=\"3 minutes\" \/>\n<script type=\"application\/ld+json\" class=\"yoast-schema-graph\">{\"@context\":\"https:\\\/\\\/schema.org\",\"@graph\":[{\"@type\":\"WebPage\",\"@id\":\"https:\\\/\\\/webshop.jazminkert.hu\\\/termek\\\/tonkoly-szemmaszk\\\/\",\"url\":\"https:\\\/\\\/webshop.jazminkert.hu\\\/termek\\\/tonkoly-szemmaszk\\\/\",\"name\":\"T\u00f6nk\u00f6lypelyva szemmaszk\",\"isPartOf\":{\"@id\":\"https:\\\/\\\/webshop.jazminkert.hu\\\/#website\"},\"primaryImageOfPage\":{\"@id\":\"https:\\\/\\\/webshop.jazminkert.hu\\\/termek\\\/tonkoly-szemmaszk\\\/#primaryimage\"},\"image\":{\"@id\":\"https:\\\/\\\/webshop.jazminkert.hu\\\/termek\\\/tonkoly-szemmaszk\\\/#primaryimage\"},\"thumbnailUrl\":\"https:\\\/\\\/webshop.jazminkert.hu\\\/wp-content\\\/uploads\\\/2023\\\/01\\\/DSC_0918-scaled.jpg\",\"datePublished\":\"2023-01-13T11:47:59+00:00\",\"dateModified\":\"2024-09-06T19:37:15+00:00\",\"description\":\"T\u00f6nk\u00f6lypelyva szemmaszk. A t\u00f6nk\u00f6lypelyva pihenteti a szemet, a benne l\u00e9v\u0151 kovasavat kibocs\u00e1tva j\u00f3t\u00e9kony hat\u00e1ssal van a szervezetre. Nyugtat\u00f3, stresszold\u00f3, f\u00e1jdalomcsillap\u00edt\u00f3 hat\u00e1s\u00fa.Kiv\u00e1l\u00f3 k\u00f6z\u00e9rzetjav\u00edt\u00f3.\",\"breadcrumb\":{\"@id\":\"https:\\\/\\\/webshop.jazminkert.hu\\\/termek\\\/tonkoly-szemmaszk\\\/#breadcrumb\"},\"inLanguage\":\"en-US\",\"potentialAction\":[{\"@type\":\"ReadAction\",\"target\":[\"https:\\\/\\\/webshop.jazminkert.hu\\\/termek\\\/tonkoly-szemmaszk\\\/\"]}]},{\"@type\":\"ImageObject\",\"inLanguage\":\"en-US\",\"@id\":\"https:\\\/\\\/webshop.jazminkert.hu\\\/termek\\\/tonkoly-szemmaszk\\\/#primaryimage\",\"url\":\"https:\\\/\\\/webshop.jazminkert.hu\\\/wp-content\\\/uploads\\\/2023\\\/01\\\/DSC_0918-scaled.jpg\",\"contentUrl\":\"https:\\\/\\\/webshop.jazminkert.hu\\\/wp-content\\\/uploads\\\/2023\\\/01\\\/DSC_0918-scaled.jpg\",\"width\":1709,\"height\":2560},{\"@type\":\"BreadcrumbList\",\"@id\":\"https:\\\/\\\/webshop.jazminkert.hu\\\/termek\\\/tonkoly-szemmaszk\\\/#breadcrumb\",\"itemListElement\":[{\"@type\":\"ListItem\",\"position\":1,\"name\":\"Kezd\u0151lap\",\"item\":\"https:\\\/\\\/webshop.jazminkert.hu\\\/\"},{\"@type\":\"ListItem\",\"position\":2,\"name\":\"Gy\u00f3gyn\u00f6v\u00e9nyes term\u00e9keink t\u00f6nk\u00f6lypelyv\u00e1val\",\"item\":\"https:\\\/\\\/webshop.jazminkert.hu\\\/\"},{\"@type\":\"ListItem\",\"position\":3,\"name\":\"T\u00f6nk\u00f6lypelyva szemmaszk\"}]},{\"@type\":\"WebSite\",\"@id\":\"https:\\\/\\\/webshop.jazminkert.hu\\\/#website\",\"url\":\"https:\\\/\\\/webshop.jazminkert.hu\\\/\",\"name\":\"J\u00e1zmin kert\",\"description\":\"Kert\u00e9p\u00edt\u00e9s, kert-fenntart\u00e1s, d\u00edszn\u00f6v\u00e9nytermeszt\u00e9s, m\u00e1r t\u00f6bb mint 10 \u00e9ve\",\"publisher\":{\"@id\":\"https:\\\/\\\/webshop.jazminkert.hu\\\/#organization\"},\"potentialAction\":[{\"@type\":\"SearchAction\",\"target\":{\"@type\":\"EntryPoint\",\"urlTemplate\":\"https:\\\/\\\/webshop.jazminkert.hu\\\/?s={search_term_string}\"},\"query-input\":{\"@type\":\"PropertyValueSpecification\",\"valueRequired\":true,\"valueName\":\"search_term_string\"}}],\"inLanguage\":\"en-US\"},{\"@type\":\"Organization\",\"@id\":\"https:\\\/\\\/webshop.jazminkert.hu\\\/#organization\",\"name\":\"J\u00e1zmin kert\",\"url\":\"https:\\\/\\\/webshop.jazminkert.hu\\\/\",\"logo\":{\"@type\":\"ImageObject\",\"inLanguage\":\"en-US\",\"@id\":\"https:\\\/\\\/webshop.jazminkert.hu\\\/#\\\/schema\\\/logo\\\/image\\\/\",\"url\":\"https:\\\/\\\/webshop.jazminkert.hu\\\/wp-content\\\/uploads\\\/2022\\\/04\\\/cropped-logo.png\",\"contentUrl\":\"https:\\\/\\\/webshop.jazminkert.hu\\\/wp-content\\\/uploads\\\/2022\\\/04\\\/cropped-logo.png\",\"width\":533,\"height\":200,\"caption\":\"J\u00e1zmin kert\"},\"image\":{\"@id\":\"https:\\\/\\\/webshop.jazminkert.hu\\\/#\\\/schema\\\/logo\\\/image\\\/\"},\"sameAs\":[\"https:\\\/\\\/www.facebook.com\\\/groups\\\/2773731042866203\\\/\"]}]}<\/script>\n<!-- \/ Yoast SEO plugin. -->","yoast_head_json":{"title":"T\u00f6nk\u00f6lypelyva szemmaszk","description":"T\u00f6nk\u00f6lypelyva szemmaszk. A t\u00f6nk\u00f6lypelyva pihenteti a szemet, a benne l\u00e9v\u0151 kovasavat kibocs\u00e1tva j\u00f3t\u00e9kony hat\u00e1ssal van a szervezetre. Nyugtat\u00f3, stresszold\u00f3, f\u00e1jdalomcsillap\u00edt\u00f3 hat\u00e1s\u00fa.Kiv\u00e1l\u00f3 k\u00f6z\u00e9rzetjav\u00edt\u00f3.","robots":{"index":"index","follow":"follow","max-snippet":"max-snippet:-1","max-image-preview":"max-image-preview:large","max-video-preview":"max-video-preview:-1"},"canonical":"https:\/\/webshop.jazminkert.hu\/en\/termek\/tonkoly-szemmaszk\/","og_locale":"en_US","og_type":"article","og_title":"[:hu]T\u00f6nk\u00f6lypelyva szemmaszk[:] - J\u00e1zmin kert","og_description":"[:hu]T\u00f6nk\u00f6lypelyva szemmaszk. A t\u00f6nk\u00f6lypelyva pihenteti a szemet, a benne l\u00e9v\u0151 kovasavat kibocs\u00e1tva j\u00f3t\u00e9kony hat\u00e1ssal van a szervezetre. Nyugtat\u00f3, stresszold\u00f3, f\u00e1jdalomcsillap\u00edt\u00f3 hat\u00e1s\u00fa.Kiv\u00e1l\u00f3 k\u00f6z\u00e9rzetjav\u00edt\u00f3.[:]","og_url":"https:\/\/webshop.jazminkert.hu\/en\/termek\/tonkoly-szemmaszk\/","og_site_name":"J\u00e1zmin kert","article_publisher":"https:\/\/www.facebook.com\/groups\/2773731042866203\/","article_modified_time":"2024-09-06T19:37:15+00:00","og_image":[{"width":1709,"height":2560,"url":"https:\/\/webshop.jazminkert.hu\/wp-content\/uploads\/2023\/01\/DSC_0918-scaled.jpg","type":"image\/jpeg"}],"twitter_card":"summary_large_image","twitter_misc":{"Est. reading time":"3 minutes"},"schema":{"@context":"https:\/\/schema.org","@graph":[{"@type":"WebPage","@id":"https:\/\/webshop.jazminkert.hu\/termek\/tonkoly-szemmaszk\/","url":"https:\/\/webshop.jazminkert.hu\/termek\/tonkoly-szemmaszk\/","name":"T\u00f6nk\u00f6lypelyva szemmaszk","isPartOf":{"@id":"https:\/\/webshop.jazminkert.hu\/#website"},"primaryImageOfPage":{"@id":"https:\/\/webshop.jazminkert.hu\/termek\/tonkoly-szemmaszk\/#primaryimage"},"image":{"@id":"https:\/\/webshop.jazminkert.hu\/termek\/tonkoly-szemmaszk\/#primaryimage"},"thumbnailUrl":"https:\/\/webshop.jazminkert.hu\/wp-content\/uploads\/2023\/01\/DSC_0918-scaled.jpg","datePublished":"2023-01-13T11:47:59+00:00","dateModified":"2024-09-06T19:37:15+00:00","description":"T\u00f6nk\u00f6lypelyva szemmaszk. A t\u00f6nk\u00f6lypelyva pihenteti a szemet, a benne l\u00e9v\u0151 kovasavat kibocs\u00e1tva j\u00f3t\u00e9kony hat\u00e1ssal van a szervezetre. Nyugtat\u00f3, stresszold\u00f3, f\u00e1jdalomcsillap\u00edt\u00f3 hat\u00e1s\u00fa.Kiv\u00e1l\u00f3 k\u00f6z\u00e9rzetjav\u00edt\u00f3.","breadcrumb":{"@id":"https:\/\/webshop.jazminkert.hu\/termek\/tonkoly-szemmaszk\/#breadcrumb"},"inLanguage":"en-US","potentialAction":[{"@type":"ReadAction","target":["https:\/\/webshop.jazminkert.hu\/termek\/tonkoly-szemmaszk\/"]}]},{"@type":"ImageObject","inLanguage":"en-US","@id":"https:\/\/webshop.jazminkert.hu\/termek\/tonkoly-szemmaszk\/#primaryimage","url":"https:\/\/webshop.jazminkert.hu\/wp-content\/uploads\/2023\/01\/DSC_0918-scaled.jpg","contentUrl":"https:\/\/webshop.jazminkert.hu\/wp-content\/uploads\/2023\/01\/DSC_0918-scaled.jpg","width":1709,"height":2560},{"@type":"BreadcrumbList","@id":"https:\/\/webshop.jazminkert.hu\/termek\/tonkoly-szemmaszk\/#breadcrumb","itemListElement":[{"@type":"ListItem","position":1,"name":"Kezd\u0151lap","item":"https:\/\/webshop.jazminkert.hu\/"},{"@type":"ListItem","position":2,"name":"Gy\u00f3gyn\u00f6v\u00e9nyes term\u00e9keink t\u00f6nk\u00f6lypelyv\u00e1val","item":"https:\/\/webshop.jazminkert.hu\/"},{"@type":"ListItem","position":3,"name":"T\u00f6nk\u00f6lypelyva szemmaszk"}]},{"@type":"WebSite","@id":"https:\/\/webshop.jazminkert.hu\/#website","url":"https:\/\/webshop.jazminkert.hu\/","name":"J\u00e1zmin kert","description":"Kert\u00e9p\u00edt\u00e9s, kert-fenntart\u00e1s, d\u00edszn\u00f6v\u00e9nytermeszt\u00e9s, m\u00e1r t\u00f6bb mint 10 \u00e9ve","publisher":{"@id":"https:\/\/webshop.jazminkert.hu\/#organization"},"potentialAction":[{"@type":"SearchAction","target":{"@type":"EntryPoint","urlTemplate":"https:\/\/webshop.jazminkert.hu\/?s={search_term_string}"},"query-input":{"@type":"PropertyValueSpecification","valueRequired":true,"valueName":"search_term_string"}}],"inLanguage":"en-US"},{"@type":"Organization","@id":"https:\/\/webshop.jazminkert.hu\/#organization","name":"J\u00e1zmin kert","url":"https:\/\/webshop.jazminkert.hu\/","logo":{"@type":"ImageObject","inLanguage":"en-US","@id":"https:\/\/webshop.jazminkert.hu\/#\/schema\/logo\/image\/","url":"https:\/\/webshop.jazminkert.hu\/wp-content\/uploads\/2022\/04\/cropped-logo.png","contentUrl":"https:\/\/webshop.jazminkert.hu\/wp-content\/uploads\/2022\/04\/cropped-logo.png","width":533,"height":200,"caption":"J\u00e1zmin kert"},"image":{"@id":"https:\/\/webshop.jazminkert.hu\/#\/schema\/logo\/image\/"},"sameAs":["https:\/\/www.facebook.com\/groups\/2773731042866203\/"]}]}},"jetpack_sharing_enabled":true,"_links":{"self":[{"href":"https:\/\/webshop.jazminkert.hu\/en\/wp-json\/wp\/v2\/product\/196","targetHints":{"allow":["GET"]}}],"collection":[{"href":"https:\/\/webshop.jazminkert.hu\/en\/wp-json\/wp\/v2\/product"}],"about":[{"href":"https:\/\/webshop.jazminkert.hu\/en\/wp-json\/wp\/v2\/types\/product"}],"wp:featuredmedia":[{"embeddable":true,"href":"https:\/\/webshop.jazminkert.hu\/en\/wp-json\/wp\/v2\/media\/326"}],"wp:attachment":[{"href":"https:\/\/webshop.jazminkert.hu\/en\/wp-json\/wp\/v2\/media?parent=196"}],"wp:term":[{"taxonomy":"product_brand","embeddable":true,"href":"https:\/\/webshop.jazminkert.hu\/en\/wp-json\/wp\/v2\/product_brand?post=196"},{"taxonomy":"product_cat","embeddable":true,"href":"https:\/\/webshop.jazminkert.hu\/en\/wp-json\/wp\/v2\/product_cat?post=196"},{"taxonomy":"product_tag","embeddable":true,"href":"https:\/\/webshop.jazminkert.hu\/en\/wp-json\/wp\/v2\/product_tag?post=196"}],"curies":[{"name":"wp","href":"https:\/\/api.w.org\/{rel}","templated":true}]}}