{"id":182,"date":"2023-01-12T21:06:30","date_gmt":"2023-01-12T21:06:30","guid":{"rendered":"https:\/\/webshop.jazminkert.hu\/?post_type=product&#038;p=182"},"modified":"2025-09-01T20:22:04","modified_gmt":"2025-09-01T20:22:04","slug":"tonkoly-alvoparna-pelyva-tonkolypelyva-parna","status":"publish","type":"product","link":"https:\/\/webshop.jazminkert.hu\/en\/termek\/tonkoly-alvoparna-pelyva-tonkolypelyva-parna\/","title":{"rendered":"T\u00f6nk\u00f6lypelyva alv\u00f3p\u00e1rna 800gr"},"content":{"rendered":"<h3><strong>T\u00f6nk\u00f6lypelyva alv\u00f3p\u00e1rna<\/strong><\/h3>\n<p>M\u00e9rete:30 x 40cm<\/p>\n<p>S\u00faly: 800gr<\/p>\n<p>Anyag: 100% pamut, avatatlan bels\u0151 illetve k\u00fcls\u0151 huzat. A k\u00fcls\u0151 huzat k\u00f6nnyen levehet\u0151, moshat\u00f3, cser\u00e9lhet\u0151<\/p>\n<p>A nyak \u00e9s a v\u00e1llizmok f\u00e1jdalma ellen, az ebb\u0151l kialakult migr\u00e9n, \u00edz\u00fcleti f\u00e1jdalom csillap\u00edt\u00e1s\u00e1ra kiv\u00e1l\u00f3 v\u00e1laszt\u00e1s a t\u00f6nk\u00f6lypelyv\u00e1val t\u00f6lt\u00f6tt p\u00e1rna. Igazodik a nyak \u00e9s a fej form\u00e1j\u00e1hoz, j\u00f3l szell\u0151zik,nem melegszik t\u00fal.<\/p>\n<p>Minden p\u00e1rna t\u00f6ltet, alapja a t\u00f6nk\u00f6lyb\u00faza szemeket bebor\u00edt\u00f3 vegyszermentes h\u00e9j, a t\u00f6nk\u00f6lypelyva, ami igen kedvez\u0151 hat\u00e1st gyakorol a szervezetre. Kiv\u00e1l\u00f3an alkalmazkodik a fejform\u00e1hoz \u00edgy k\u00f6nnyen v\u00e1lik a legk\u00e9nyelmesebb alv\u00f3t\u00e1rss\u00e1.<\/p>\n<p>A nyugodt, b\u00e9k\u00e9s \u00e9jszak\u00e1kat, minden egyes nap kiegyens\u00falyozott reggelek k\u00f6vetik majd. Ellen\u00e1ll\u00f3 a k\u00f3rokoz\u00f3kkal szemben, \u00edgy az \u00e9l\u0151sk\u00f6d\u0151k sem telepednek meg benne.<\/p>\n<p>A n\u00e9pi megfigyel\u00e9sek szerint nem tapasztalt\u00e1k esetleges allergiz\u00e1l\u00f3 hat\u00e1s\u00e1t. A t\u00f6nk\u00f6lypelyva a benne l\u00e9v\u0151 kovasavat kibocs\u00e1tva j\u00f3t\u00e9kony hat\u00e1ssal lehet a szervezetre. Hat\u00e1s\u00e1t 3 \u00e9vig fejti ki, (kb. 3 \u00e9vig tart a kovasav kip\u00e1rolg\u00e1sa) majd \u00fajra lehet t\u00f6lteni. Gy\u00f3gyhat\u00e1s\u00e1t annak k\u00f6sz\u00f6nheti, hogy 90%-ban kovasavb\u00f3l \u00e1ll. A kovasav, mint v\u00edzk\u00f6t\u00e9s\u0171 szil\u00edciumdioxid, a pelyva sz\u00e1rad\u00e1sa k\u00f6vetkezt\u00e9ben lev\u00e1lik \u00e9s a k\u00f6t\u0151sz\u00f6vetekbe behatolva ker\u00fcl szervezet\u00fcnkbe.\u00a0Kiv\u00e1l\u00f3 k\u00f6z\u00e9rzetjav\u00edt\u00f3 hat\u00e1sa miatt a n\u00e9pi gy\u00f3gy\u00e1szat r\u00e9g\u00f3ta alkalmazza.<\/p>\n<p>A t\u00f6nk\u00f6lyh\u00e9j leveg\u0151s, k\u00f6nny\u0171, m\u00e9gis stabil t\u00f6lt\u00e9st ad, tehermentes\u00edti a nyakizmokat, \u00edgy t\u00f6k\u00e9letes\u00edti az agyi v\u00e9rell\u00e1t\u00e1st. A gabonah\u00e9j t\u00f6ltet j\u00f3l \u00e1tszell\u0151zik, nem melegszik t\u00fal, \u00edgy izzad\u00f3s t\u00edpusoknak is kiv\u00e1l\u00f3 v\u00e1laszt\u00e1s. A h\u00e9jak mindenf\u00e9le testhelyzethez kiv\u00e1l\u00f3an tudnak alkalmazkodni. J\u00f3l al\u00e1t\u00e1masztj\u00e1k a testet, \u00edgy ellaz\u00edtj\u00e1k az izomzatot b\u00e1rmilyen poz\u00edci\u00f3ban.A le\u00edr\u00e1sok szerint nyugtat\u00f3, stresszold\u00f3, f\u00e1jdalomcsillap\u00edt\u00f3, \u00e9s gyullad\u00e1scs\u00f6kkent\u0151 hat\u00e1sa lehet, enyh\u00edtheti a migr\u00e9nes fejf\u00e1j\u00e1st, az alv\u00e1szavarokat, menstru\u00e1ci\u00f3s f\u00e1jdalmat, oldhatja a fesz\u00fclts\u00e9get. A gabonah\u00e9j t\u00f6ltet gyeng\u00e9d massz\u00edroz\u00e1ssal, halk zizeg\u00e9ssel a term\u00e9szetet var\u00e1zsolja k\u00f6r\u00e9nk, ahol test\u00fcnk \u00e9s lelk\u00fcnk egyar\u00e1nt megpihenhet. Nyugtalan, pocakf\u00e1j\u00f3s gyerekekre \u00e9s feln\u0151ttekre egyar\u00e1nt j\u00f3 hat\u00e1s\u00fa lehet.<\/p>\n<p><em><strong>Jellemz\u0151zi:<\/strong><\/em><\/p>\n<p>felveszi a fej form\u00e1j\u00e1t<\/p>\n<p>egyar\u00e1nt alkalmas h\u00e1ton-, oldalt-, hason fekv\u00e9shez<\/p>\n<p>nyugodtabb, m\u00e9lyebb alv\u00e1st biztos\u00edthat<\/p>\n<p>seg\u00edthet lek\u00fczdeni az esetleges alv\u00e1szavarokat<\/p>\n<p>fejf\u00e1j\u00e1s, migr\u00e9n, eset\u00e9n enyh\u00edtheti a probl\u00e9m\u00e1kat<\/p>\n<p>meleg\u00edtve hasf\u00e1j\u00e1sok, g\u00f6rcs\u00f6s \u00e1llapotok eset\u00e9n enyh\u00edtheti a panaszokat<\/p>\n<p>menstru\u00e1ci\u00f3s \u00e9s sz\u00fcl\u00e9s ut\u00e1ni f\u00e1jdalmakat enyh\u00edtheti<\/p>\n<p>seg\u00edtheti a nagyobb betegs\u00e9g ut\u00e1ni regener\u00e1ci\u00f3t<\/p>\n<p>T\u00e9len f\u0171t, ny\u00e1ron h\u0171t, \u00edgy mindig komfortos \u2019\u2019viselet\u201d. A pelyva nagyon kedveli a napot, hiszen onnan nyeri energi\u00e1j\u00e1t. Amikor csak alkalom van r\u00e1, meg kell napoztatni, n\u00e9ha-n\u00e9ha pedig \u00e1tg\u0151z\u00f6lni \u00e9s a napon megsz\u00e1r\u00edtani. \u0150szi \u2013 t\u00e9li, napmentes id\u0151szakban f\u0171t\u0151testre helyezve lehet \u00e1tmeleg\u00edteni.\u00a0A tiszt\u00edtott h\u00e9j is tartalmazhat nyomokban pollent \u00e9s port. A h\u00e9j \u00e9s huzata (k\u00fcl\u00f6n), k\u00e9zmeleg v\u00edzben \u00a0moshat\u00f3. A mos\u00e1s ut\u00e1n a vizes h\u00e9jat gondosan sz\u00e9t kell ter\u00edteni, nem megfelel\u0151 sz\u00e1r\u00edt\u00e1s eset\u00e9n a h\u00e9j nem sz\u00e1rad ki teljesen \u00e9s ha \u00edgy ker\u00fcl vissza az anyagba bepen\u00e9szedhet!<\/p>\n<p>A p\u00e1rna t\u00f6ltet 50\u00b0C-on 15-30 percig s\u00fct\u0151ben, vagy 8 \u00f3r\u00e1t m\u00e9lyh\u0171t\u0151ben tartva fert\u0151tlen\u00edthet\u0151.<\/p>\n<p>Amennyiben t\u00fal kem\u00e9nynek bizonyul a p\u00e1rna, a t\u00f6nk\u00f6lypelyv\u00e1b\u00f3l ki kell venni a felesleget, saj\u00e1t k\u00e9nyelm\u00fcnkh\u00f6z kell igaz\u00edtani. A feleslegess\u00e9 v\u00e1t h\u00e9jat f\u00e9lre kell tenni, k\u00e9s\u0151bb, \u00fajra t\u00f6lt\u00e9s, p\u00f3tl\u00e1s eset\u00e9n felhaszn\u00e1lhat\u00f3.<\/p>\n<p>Tudom\u00e1nyosan nem bizony\u00edtott, tapasztalati feljegyz\u00e9sek szerint a t\u00f6nk\u00f6lyh\u00e9j semleges\u00edti a napk\u00f6zben felvett k\u00e1ros rezg\u00e9seket (mobiltelefon, mikrohull\u00e1m\u00fa s\u00fct\u0151 stb&#8230;)<\/p>\n<p>A t\u00f6nk\u00f6lypelyva gy\u00f3gy\u00edt\u00f3 hat\u00e1sa, nem titokzatos h\u00f3kuszp\u00f3kusz, hanem hossz\u00fa \u00e9vsz\u00e1zadok \u00f3ta bizony\u00edtott t\u00e9ny. M\u00e1r az 1100as \u00e9vek elej\u00e9n Bingeni Szent Hildeg\u00e1rd, aki a gy\u00f3gyn\u00f6v\u00e9nyes gy\u00f3gy\u00edt\u00e1s egyik legels\u0151 k\u00e9pvisel\u0151je, \u00e9s gyakorl\u00f3ja volt, \u00edgy \u00edrt \u00ed t\u00f6nk\u00f6lyb\u00faz\u00e1r\u00f3l: \u2019\u2019a t\u00f6nk\u00f6lyb\u00faza a legjobb gabona. Meleg, zs\u00edros, er\u0151s, \u00e9s aki ezt eszi, azt helyes h\u00fassal \u00e9s v\u00e9rrel aj\u00e1nd\u00e9kozza meg, \u00e9s az emberi ked\u00e9lyt vid\u00e1mm\u00e1 \u00e9s \u00f6r\u00f6mteliv\u00e9 teszi.\u2019\u2019<\/p>\n<p>Term\u00e9szettudom\u00e1nyos munk\u00e1i k\u00f6z\u00f6tt a hagyom\u00e1nyos \u00e9s term\u00e9szetes gy\u00f3gy\u00e1szatr\u00f3l sz\u00f3l\u00f3 k\u00f6nyveiben, t\u00f6bb alkalommal is eml\u00edti a t\u00f6nk\u00f6lypelyva gy\u00f3gy\u00edt\u00f3 hat\u00e1sait.<\/p>\n<p>Gy\u00e1rtja \u00e9s Forgalmazza: J\u00e1zminKert, KASZ-KER Kft. 8042 Moha, F\u0151 utca 102.<\/p>\n<p>Sz\u00e1rmaz\u00e1s: Magyarorsz\u00e1g<\/p>\n<p>&nbsp;<\/p>\n","protected":false},"excerpt":{"rendered":"<p>T\u00f6nk\u00f6lypelyva alv\u00f3p\u00e1rna. A nyak \u00e9s a v\u00e1llizmok f\u00e1jdalma ellen, az ebb\u0151l kialakult migr\u00e9n, \u00edz\u00fcleti f\u00e1jdalom csillap\u00edt\u00e1s\u00e1ra kiv\u00e1l\u00f3 v\u00e1laszt\u00e1s a t\u00f6nk\u00f6lypelyv\u00e1val t\u00f6lt\u00f6tt p\u00e1rna.<\/p>\n","protected":false},"featured_media":73,"template":"","meta":[],"product_brand":[],"product_cat":[90],"product_tag":[125,92,127,124,76,128,54,49,126,65,51,26,129,105,73,61,101],"class_list":{"0":"post-182","1":"product","2":"type-product","3":"status-publish","4":"has-post-thumbnail","6":"product_cat-alvoparna-tonkolypelyva-gyogynovenyes","7":"product_tag-alvaszavar","8":"product_tag-alvoparna","9":"product_tag-asztma","10":"product_tag-fejfajas","11":"product_tag-feszultsegoldas","12":"product_tag-gyulladascsokkentes","13":"product_tag-jazminkert","14":"product_tag-menstruacios-fajdalom","15":"product_tag-migren","16":"product_tag-nyugalom","17":"product_tag-nyugodt-alvas","18":"product_tag-parna","19":"product_tag-stresszcsokkentes","20":"product_tag-termeszet","21":"product_tag-tonkoly","22":"product_tag-tonkolypelyva","23":"product_tag-webshop","25":"first","26":"instock","27":"taxable","28":"shipping-taxable","29":"purchasable","30":"product-type-variable"},"yoast_head":"<!-- This site is optimized with the Yoast SEO plugin v27.4 - https:\/\/yoast.com\/product\/yoast-seo-wordpress\/ -->\n<title>T\u00f6nk\u00f6lypelyva alv\u00f3p\u00e1rna 800gr<\/title>\n<meta name=\"description\" content=\"T\u00f6nk\u00f6lypelyva alv\u00f3p\u00e1rna.Minden p\u00e1rna\u00a0t\u00f6ltet, alapja a t\u00f6nk\u00f6lyb\u00faza szemeket bebor\u00edt\u00f3 vegyszermentes h\u00e9j, a t\u00f6nk\u00f6lypelyva, ami igen kedvez\u0151 hat\u00e1st gyakorol a szervezetre. Kiv\u00e1l\u00f3an alkalmazkodik a fejform\u00e1hoz \u00edgy k\u00f6nnyen v\u00e1lik a legk\u00e9nyelmesebb alv\u00f3t\u00e1rss\u00e1.\" \/>\n<meta name=\"robots\" content=\"index, follow, max-snippet:-1, max-image-preview:large, max-video-preview:-1\" \/>\n<link rel=\"canonical\" href=\"https:\/\/webshop.jazminkert.hu\/en\/termek\/tonkoly-alvoparna-pelyva-tonkolypelyva-parna\/\" \/>\n<meta property=\"og:locale\" content=\"en_US\" \/>\n<meta property=\"og:locale:alternate\" content=\"hu_HU\" \/>\n<meta property=\"og:type\" content=\"article\" \/>\n<meta property=\"og:title\" content=\"T\u00f6nk\u00f6lypelyva alv\u00f3p\u00e1rna 800gr\" \/>\n<meta property=\"og:description\" content=\"T\u00f6nk\u00f6lypelyva alv\u00f3p\u00e1rna.Minden p\u00e1rna\u00a0t\u00f6ltet, alapja a t\u00f6nk\u00f6lyb\u00faza szemeket bebor\u00edt\u00f3 vegyszermentes h\u00e9j, a t\u00f6nk\u00f6lypelyva, ami igen kedvez\u0151 hat\u00e1st gyakorol a szervezetre. Kiv\u00e1l\u00f3an alkalmazkodik a fejform\u00e1hoz \u00edgy k\u00f6nnyen v\u00e1lik a legk\u00e9nyelmesebb alv\u00f3t\u00e1rss\u00e1.\" \/>\n<meta property=\"og:url\" content=\"https:\/\/webshop.jazminkert.hu\/en\/termek\/tonkoly-alvoparna-pelyva-tonkolypelyva-parna\/\" \/>\n<meta property=\"og:site_name\" content=\"J\u00e1zmin kert\" \/>\n<meta property=\"article:publisher\" content=\"https:\/\/www.facebook.com\/groups\/2773731042866203\/\" \/>\n<meta property=\"article:modified_time\" content=\"2025-09-01T20:22:04+00:00\" \/>\n<meta property=\"og:image\" content=\"https:\/\/webshop.jazminkert.hu\/wp-content\/uploads\/2022\/04\/95_dsc-0851_nagy.jpeg\" \/>\n\t<meta property=\"og:image:width\" content=\"1200\" \/>\n\t<meta property=\"og:image:height\" content=\"800\" \/>\n\t<meta property=\"og:image:type\" content=\"image\/jpeg\" \/>\n<meta name=\"twitter:card\" content=\"summary_large_image\" \/>\n<meta name=\"twitter:label1\" content=\"Est. reading time\" \/>\n\t<meta name=\"twitter:data1\" content=\"4 minutes\" \/>\n<script type=\"application\/ld+json\" class=\"yoast-schema-graph\">{\"@context\":\"https:\\\/\\\/schema.org\",\"@graph\":[{\"@type\":\"WebPage\",\"@id\":\"https:\\\/\\\/webshop.jazminkert.hu\\\/termek\\\/tonkoly-alvoparna-pelyva-tonkolypelyva-parna\\\/\",\"url\":\"https:\\\/\\\/webshop.jazminkert.hu\\\/termek\\\/tonkoly-alvoparna-pelyva-tonkolypelyva-parna\\\/\",\"name\":\"T\u00f6nk\u00f6lypelyva alv\u00f3p\u00e1rna 800gr\",\"isPartOf\":{\"@id\":\"https:\\\/\\\/webshop.jazminkert.hu\\\/#website\"},\"primaryImageOfPage\":{\"@id\":\"https:\\\/\\\/webshop.jazminkert.hu\\\/termek\\\/tonkoly-alvoparna-pelyva-tonkolypelyva-parna\\\/#primaryimage\"},\"image\":{\"@id\":\"https:\\\/\\\/webshop.jazminkert.hu\\\/termek\\\/tonkoly-alvoparna-pelyva-tonkolypelyva-parna\\\/#primaryimage\"},\"thumbnailUrl\":\"https:\\\/\\\/webshop.jazminkert.hu\\\/wp-content\\\/uploads\\\/2022\\\/04\\\/95_dsc-0851_nagy.jpeg\",\"datePublished\":\"2023-01-12T21:06:30+00:00\",\"dateModified\":\"2025-09-01T20:22:04+00:00\",\"description\":\"T\u00f6nk\u00f6lypelyva alv\u00f3p\u00e1rna.Minden p\u00e1rna\u00a0t\u00f6ltet, alapja a t\u00f6nk\u00f6lyb\u00faza szemeket bebor\u00edt\u00f3 vegyszermentes h\u00e9j, a t\u00f6nk\u00f6lypelyva, ami igen kedvez\u0151 hat\u00e1st gyakorol a szervezetre. Kiv\u00e1l\u00f3an alkalmazkodik a fejform\u00e1hoz \u00edgy k\u00f6nnyen v\u00e1lik a legk\u00e9nyelmesebb alv\u00f3t\u00e1rss\u00e1.\",\"breadcrumb\":{\"@id\":\"https:\\\/\\\/webshop.jazminkert.hu\\\/termek\\\/tonkoly-alvoparna-pelyva-tonkolypelyva-parna\\\/#breadcrumb\"},\"inLanguage\":\"en-US\",\"potentialAction\":[{\"@type\":\"ReadAction\",\"target\":[\"https:\\\/\\\/webshop.jazminkert.hu\\\/termek\\\/tonkoly-alvoparna-pelyva-tonkolypelyva-parna\\\/\"]}]},{\"@type\":\"ImageObject\",\"inLanguage\":\"en-US\",\"@id\":\"https:\\\/\\\/webshop.jazminkert.hu\\\/termek\\\/tonkoly-alvoparna-pelyva-tonkolypelyva-parna\\\/#primaryimage\",\"url\":\"https:\\\/\\\/webshop.jazminkert.hu\\\/wp-content\\\/uploads\\\/2022\\\/04\\\/95_dsc-0851_nagy.jpeg\",\"contentUrl\":\"https:\\\/\\\/webshop.jazminkert.hu\\\/wp-content\\\/uploads\\\/2022\\\/04\\\/95_dsc-0851_nagy.jpeg\",\"width\":1200,\"height\":800},{\"@type\":\"BreadcrumbList\",\"@id\":\"https:\\\/\\\/webshop.jazminkert.hu\\\/termek\\\/tonkoly-alvoparna-pelyva-tonkolypelyva-parna\\\/#breadcrumb\",\"itemListElement\":[{\"@type\":\"ListItem\",\"position\":1,\"name\":\"Kezd\u0151lap\",\"item\":\"https:\\\/\\\/webshop.jazminkert.hu\\\/\"},{\"@type\":\"ListItem\",\"position\":2,\"name\":\"Gy\u00f3gyn\u00f6v\u00e9nyes term\u00e9keink t\u00f6nk\u00f6lypelyv\u00e1val\",\"item\":\"https:\\\/\\\/webshop.jazminkert.hu\\\/\"},{\"@type\":\"ListItem\",\"position\":3,\"name\":\"T\u00f6nk\u00f6lypelyva alv\u00f3p\u00e1rna 800gr\"}]},{\"@type\":\"WebSite\",\"@id\":\"https:\\\/\\\/webshop.jazminkert.hu\\\/#website\",\"url\":\"https:\\\/\\\/webshop.jazminkert.hu\\\/\",\"name\":\"J\u00e1zmin kert\",\"description\":\"Kert\u00e9p\u00edt\u00e9s, kert-fenntart\u00e1s, d\u00edszn\u00f6v\u00e9nytermeszt\u00e9s, m\u00e1r t\u00f6bb mint 10 \u00e9ve\",\"publisher\":{\"@id\":\"https:\\\/\\\/webshop.jazminkert.hu\\\/#organization\"},\"potentialAction\":[{\"@type\":\"SearchAction\",\"target\":{\"@type\":\"EntryPoint\",\"urlTemplate\":\"https:\\\/\\\/webshop.jazminkert.hu\\\/?s={search_term_string}\"},\"query-input\":{\"@type\":\"PropertyValueSpecification\",\"valueRequired\":true,\"valueName\":\"search_term_string\"}}],\"inLanguage\":\"en-US\"},{\"@type\":\"Organization\",\"@id\":\"https:\\\/\\\/webshop.jazminkert.hu\\\/#organization\",\"name\":\"J\u00e1zmin kert\",\"url\":\"https:\\\/\\\/webshop.jazminkert.hu\\\/\",\"logo\":{\"@type\":\"ImageObject\",\"inLanguage\":\"en-US\",\"@id\":\"https:\\\/\\\/webshop.jazminkert.hu\\\/#\\\/schema\\\/logo\\\/image\\\/\",\"url\":\"https:\\\/\\\/webshop.jazminkert.hu\\\/wp-content\\\/uploads\\\/2022\\\/04\\\/cropped-logo.png\",\"contentUrl\":\"https:\\\/\\\/webshop.jazminkert.hu\\\/wp-content\\\/uploads\\\/2022\\\/04\\\/cropped-logo.png\",\"width\":533,\"height\":200,\"caption\":\"J\u00e1zmin kert\"},\"image\":{\"@id\":\"https:\\\/\\\/webshop.jazminkert.hu\\\/#\\\/schema\\\/logo\\\/image\\\/\"},\"sameAs\":[\"https:\\\/\\\/www.facebook.com\\\/groups\\\/2773731042866203\\\/\"]}]}<\/script>\n<!-- \/ Yoast SEO plugin. -->","yoast_head_json":{"title":"T\u00f6nk\u00f6lypelyva alv\u00f3p\u00e1rna 800gr","description":"T\u00f6nk\u00f6lypelyva alv\u00f3p\u00e1rna.Minden p\u00e1rna\u00a0t\u00f6ltet, alapja a t\u00f6nk\u00f6lyb\u00faza szemeket bebor\u00edt\u00f3 vegyszermentes h\u00e9j, a t\u00f6nk\u00f6lypelyva, ami igen kedvez\u0151 hat\u00e1st gyakorol a szervezetre. Kiv\u00e1l\u00f3an alkalmazkodik a fejform\u00e1hoz \u00edgy k\u00f6nnyen v\u00e1lik a legk\u00e9nyelmesebb alv\u00f3t\u00e1rss\u00e1.","robots":{"index":"index","follow":"follow","max-snippet":"max-snippet:-1","max-image-preview":"max-image-preview:large","max-video-preview":"max-video-preview:-1"},"canonical":"https:\/\/webshop.jazminkert.hu\/en\/termek\/tonkoly-alvoparna-pelyva-tonkolypelyva-parna\/","og_locale":"en_US","og_type":"article","og_title":"[:hu]T\u00f6nk\u00f6lypelyva alv\u00f3p\u00e1rna 800gr[:] - J\u00e1zmin kert","og_description":"T\u00f6nk\u00f6lypelyva alv\u00f3p\u00e1rna.Minden p\u00e1rna\u00a0t\u00f6ltet, alapja a t\u00f6nk\u00f6lyb\u00faza szemeket bebor\u00edt\u00f3 vegyszermentes h\u00e9j, a t\u00f6nk\u00f6lypelyva, ami igen kedvez\u0151 hat\u00e1st gyakorol a szervezetre. Kiv\u00e1l\u00f3an alkalmazkodik a fejform\u00e1hoz \u00edgy k\u00f6nnyen v\u00e1lik a legk\u00e9nyelmesebb alv\u00f3t\u00e1rss\u00e1.","og_url":"https:\/\/webshop.jazminkert.hu\/en\/termek\/tonkoly-alvoparna-pelyva-tonkolypelyva-parna\/","og_site_name":"J\u00e1zmin kert","article_publisher":"https:\/\/www.facebook.com\/groups\/2773731042866203\/","article_modified_time":"2025-09-01T20:22:04+00:00","og_image":[{"width":1200,"height":800,"url":"https:\/\/webshop.jazminkert.hu\/wp-content\/uploads\/2022\/04\/95_dsc-0851_nagy.jpeg","type":"image\/jpeg"}],"twitter_card":"summary_large_image","twitter_misc":{"Est. reading time":"4 minutes"},"schema":{"@context":"https:\/\/schema.org","@graph":[{"@type":"WebPage","@id":"https:\/\/webshop.jazminkert.hu\/termek\/tonkoly-alvoparna-pelyva-tonkolypelyva-parna\/","url":"https:\/\/webshop.jazminkert.hu\/termek\/tonkoly-alvoparna-pelyva-tonkolypelyva-parna\/","name":"T\u00f6nk\u00f6lypelyva alv\u00f3p\u00e1rna 800gr","isPartOf":{"@id":"https:\/\/webshop.jazminkert.hu\/#website"},"primaryImageOfPage":{"@id":"https:\/\/webshop.jazminkert.hu\/termek\/tonkoly-alvoparna-pelyva-tonkolypelyva-parna\/#primaryimage"},"image":{"@id":"https:\/\/webshop.jazminkert.hu\/termek\/tonkoly-alvoparna-pelyva-tonkolypelyva-parna\/#primaryimage"},"thumbnailUrl":"https:\/\/webshop.jazminkert.hu\/wp-content\/uploads\/2022\/04\/95_dsc-0851_nagy.jpeg","datePublished":"2023-01-12T21:06:30+00:00","dateModified":"2025-09-01T20:22:04+00:00","description":"T\u00f6nk\u00f6lypelyva alv\u00f3p\u00e1rna.Minden p\u00e1rna\u00a0t\u00f6ltet, alapja a t\u00f6nk\u00f6lyb\u00faza szemeket bebor\u00edt\u00f3 vegyszermentes h\u00e9j, a t\u00f6nk\u00f6lypelyva, ami igen kedvez\u0151 hat\u00e1st gyakorol a szervezetre. Kiv\u00e1l\u00f3an alkalmazkodik a fejform\u00e1hoz \u00edgy k\u00f6nnyen v\u00e1lik a legk\u00e9nyelmesebb alv\u00f3t\u00e1rss\u00e1.","breadcrumb":{"@id":"https:\/\/webshop.jazminkert.hu\/termek\/tonkoly-alvoparna-pelyva-tonkolypelyva-parna\/#breadcrumb"},"inLanguage":"en-US","potentialAction":[{"@type":"ReadAction","target":["https:\/\/webshop.jazminkert.hu\/termek\/tonkoly-alvoparna-pelyva-tonkolypelyva-parna\/"]}]},{"@type":"ImageObject","inLanguage":"en-US","@id":"https:\/\/webshop.jazminkert.hu\/termek\/tonkoly-alvoparna-pelyva-tonkolypelyva-parna\/#primaryimage","url":"https:\/\/webshop.jazminkert.hu\/wp-content\/uploads\/2022\/04\/95_dsc-0851_nagy.jpeg","contentUrl":"https:\/\/webshop.jazminkert.hu\/wp-content\/uploads\/2022\/04\/95_dsc-0851_nagy.jpeg","width":1200,"height":800},{"@type":"BreadcrumbList","@id":"https:\/\/webshop.jazminkert.hu\/termek\/tonkoly-alvoparna-pelyva-tonkolypelyva-parna\/#breadcrumb","itemListElement":[{"@type":"ListItem","position":1,"name":"Kezd\u0151lap","item":"https:\/\/webshop.jazminkert.hu\/"},{"@type":"ListItem","position":2,"name":"Gy\u00f3gyn\u00f6v\u00e9nyes term\u00e9keink t\u00f6nk\u00f6lypelyv\u00e1val","item":"https:\/\/webshop.jazminkert.hu\/"},{"@type":"ListItem","position":3,"name":"T\u00f6nk\u00f6lypelyva alv\u00f3p\u00e1rna 800gr"}]},{"@type":"WebSite","@id":"https:\/\/webshop.jazminkert.hu\/#website","url":"https:\/\/webshop.jazminkert.hu\/","name":"J\u00e1zmin kert","description":"Kert\u00e9p\u00edt\u00e9s, kert-fenntart\u00e1s, d\u00edszn\u00f6v\u00e9nytermeszt\u00e9s, m\u00e1r t\u00f6bb mint 10 \u00e9ve","publisher":{"@id":"https:\/\/webshop.jazminkert.hu\/#organization"},"potentialAction":[{"@type":"SearchAction","target":{"@type":"EntryPoint","urlTemplate":"https:\/\/webshop.jazminkert.hu\/?s={search_term_string}"},"query-input":{"@type":"PropertyValueSpecification","valueRequired":true,"valueName":"search_term_string"}}],"inLanguage":"en-US"},{"@type":"Organization","@id":"https:\/\/webshop.jazminkert.hu\/#organization","name":"J\u00e1zmin kert","url":"https:\/\/webshop.jazminkert.hu\/","logo":{"@type":"ImageObject","inLanguage":"en-US","@id":"https:\/\/webshop.jazminkert.hu\/#\/schema\/logo\/image\/","url":"https:\/\/webshop.jazminkert.hu\/wp-content\/uploads\/2022\/04\/cropped-logo.png","contentUrl":"https:\/\/webshop.jazminkert.hu\/wp-content\/uploads\/2022\/04\/cropped-logo.png","width":533,"height":200,"caption":"J\u00e1zmin kert"},"image":{"@id":"https:\/\/webshop.jazminkert.hu\/#\/schema\/logo\/image\/"},"sameAs":["https:\/\/www.facebook.com\/groups\/2773731042866203\/"]}]}},"jetpack_sharing_enabled":true,"_links":{"self":[{"href":"https:\/\/webshop.jazminkert.hu\/en\/wp-json\/wp\/v2\/product\/182","targetHints":{"allow":["GET"]}}],"collection":[{"href":"https:\/\/webshop.jazminkert.hu\/en\/wp-json\/wp\/v2\/product"}],"about":[{"href":"https:\/\/webshop.jazminkert.hu\/en\/wp-json\/wp\/v2\/types\/product"}],"wp:featuredmedia":[{"embeddable":true,"href":"https:\/\/webshop.jazminkert.hu\/en\/wp-json\/wp\/v2\/media\/73"}],"wp:attachment":[{"href":"https:\/\/webshop.jazminkert.hu\/en\/wp-json\/wp\/v2\/media?parent=182"}],"wp:term":[{"taxonomy":"product_brand","embeddable":true,"href":"https:\/\/webshop.jazminkert.hu\/en\/wp-json\/wp\/v2\/product_brand?post=182"},{"taxonomy":"product_cat","embeddable":true,"href":"https:\/\/webshop.jazminkert.hu\/en\/wp-json\/wp\/v2\/product_cat?post=182"},{"taxonomy":"product_tag","embeddable":true,"href":"https:\/\/webshop.jazminkert.hu\/en\/wp-json\/wp\/v2\/product_tag?post=182"}],"curies":[{"name":"wp","href":"https:\/\/api.w.org\/{rel}","templated":true}]}}