{"id":178,"date":"2023-01-12T20:19:59","date_gmt":"2023-01-12T20:19:59","guid":{"rendered":"https:\/\/webshop.jazminkert.hu\/?post_type=product&#038;p=178"},"modified":"2023-06-28T20:35:15","modified_gmt":"2023-06-28T20:35:15","slug":"tonkoly-tonkolypelyva-csuklotamasz-parna-10-fele-gyogynovenykeverekkel","status":"publish","type":"product","link":"https:\/\/webshop.jazminkert.hu\/en\/termek\/tonkoly-tonkolypelyva-csuklotamasz-parna-10-fele-gyogynovenykeverekkel\/","title":{"rendered":"T\u00f6nk\u00f6lypelyva csukl\u00f3t\u00e1masz p\u00e1rna 10 f\u00e9le gy\u00f3gyn\u00f6v\u00e9ny kever\u00e9kkel"},"content":{"rendered":"<h3 style=\"text-align: left;\"><strong>T\u00f6nk\u00f6lypelyva Csukl\u00f3t\u00e1masz p\u00e1rna\u00a0 10 f\u00e9le gy\u00f3gyn\u00f6v\u00e9ny kever\u00e9kkel<\/strong><\/h3>\n<p>M\u00e9ret: 11x22cm<\/p>\n<p>Anyag: 100% pamut, avatatlan bels\u0151 illetve k\u00fcls\u0151 huzat. A k\u00fcls\u0151 huzat k\u00f6nnyen levehet\u0151, moshat\u00f3, cser\u00e9lhet\u0151.<\/p>\n<p>Sz\u00e1m\u00edt\u00f3g\u00e9p, laptop mellett az eg\u00e9r haszn\u00e1latakor el\u0151fordulhat, hogy elzsibbad, megf\u00e1jdul a csukl\u00f3 a rossz v\u00e9rkering\u00e9s miatt. A p\u00e1rna igazodik a form\u00e1j\u00e1hoz, megfelel\u0151 al\u00e1t\u00e1maszt\u00e1st biztos\u00edt.<\/p>\n<p>Minden p\u00e1rna t\u00f6ltet, alapja a t\u00f6nk\u00f6lyb\u00faza szemeket bebor\u00edt\u00f3 vegyszermentes h\u00e9j, a t\u00f6nk\u00f6lypelyva, ami igen kedvez\u0151 hat\u00e1st gyakorol a szervezetre. Kiv\u00e1l\u00f3an alkalmazkodik a fejform\u00e1hoz \u00edgy k\u00f6nnyen v\u00e1lhat a legk\u00e9nyelmesebb alv\u00f3t\u00e1rss\u00e1.<\/p>\n<p>A nyugodt, b\u00e9k\u00e9s \u00e9jszak\u00e1kat, minden egyes nap kiegyens\u00falyozott reggelek k\u00f6vethetik majd. Ellen\u00e1ll\u00f3 a k\u00f3rokoz\u00f3kkal szemben, \u00edgy az \u00e9l\u0151sk\u00f6d\u0151k sem telepednek meg benne. A n\u00e9pi megfigyel\u00e9sek szerint nem tapasztalt\u00e1k esetleges allergiz\u00e1l\u00f3 hat\u00e1s\u00e1t. A t\u00f6nk\u00f6lypelyva a benne l\u00e9v\u0151 kovasavat kibocs\u00e1tva j\u00f3t\u00e9kony hat\u00e1ssal lehet a szervezetre. Hat\u00e1s\u00e1t 3 \u00e9vig fejti ki, (kb. 3 \u00e9vig tart a kovasav kip\u00e1rolg\u00e1sa) majd \u00fajra lehet t\u00f6lteni.<\/p>\n<p>Gy\u00f3gyhat\u00e1s\u00e1t annak k\u00f6sz\u00f6nheti, hogy 90%-ban kovasavb\u00f3l \u00e1ll. A kovasav, mint v\u00edzk\u00f6t\u00e9s\u0171 szil\u00edciumdioxid, a pelyva sz\u00e1rad\u00e1sa k\u00f6vetkezt\u00e9ben lev\u00e1lik \u00e9s a k\u00f6t\u0151sz\u00f6vetekbe behatolva ker\u00fcl szervezet\u00fcnkbe. Kiv\u00e1l\u00f3 k\u00f6z\u00e9rzet jav\u00edt\u00f3 hat\u00e1sa miatt a n\u00e9pi gy\u00f3gy\u00e1szat r\u00e9g\u00f3ta alkalmazza. A t\u00f6nk\u00f6lyh\u00e9j leveg\u0151s, k\u00f6nny\u0171, m\u00e9gis stabil t\u00f6lt\u00e9st ad, tehermentes\u00edtheti a nyakizmokat, \u00edgy t\u00f6k\u00e9letes\u00edtheti az agyi v\u00e9rell\u00e1t\u00e1st. A gabonah\u00e9j t\u00f6ltet j\u00f3l \u00e1tszell\u0151zik, nem melegszik t\u00fal, \u00edgy izzad\u00f3s t\u00edpusoknak is kiv\u00e1l\u00f3 v\u00e1laszt\u00e1s. A h\u00e9jak mindenf\u00e9le testhelyzethez kiv\u00e1l\u00f3an tudnak alkalmazkodni.<\/p>\n<p>J\u00f3l al\u00e1t\u00e1masztj\u00e1k a testet, \u00edgy ellaz\u00edthathatj\u00e1k az izomzatot b\u00e1rmilyen poz\u00edci\u00f3ban. A le\u00edr\u00e1sok szerint nyugtat\u00f3, stresszold\u00f3, f\u00e1jdalomcsillap\u00edt\u00f3, \u00e9s gyullad\u00e1scs\u00f6kkent\u0151 hat\u00e1sa lehet, enyh\u00edtheti a migr\u00e9nes fejf\u00e1j\u00e1st, az alv\u00e1szavarokat, menstru\u00e1ci\u00f3s f\u00e1jdalmat, oldhatja a fesz\u00fclts\u00e9get. A gabonah\u00e9j t\u00f6ltet gyeng\u00e9d massz\u00edroz\u00e1ssal, halk zizeg\u00e9ssel a term\u00e9szetet var\u00e1zsolja k\u00f6r\u00e9nk, ahol test\u00fcnk \u00e9s lelk\u00fcnk egyar\u00e1nt megpihenhet. Nyugtalan, pocakf\u00e1j\u00f3s gyerekekre \u00e9s feln\u0151ttekre egyar\u00e1nt j\u00f3 hat\u00e1s\u00fa lehet.<\/p>\n<p>T\u00f6nk\u00f6lypelyva j\u00f3t\u00e9kony hat\u00e1s\u00e1t fokozza a hozz\u00e1adott 10 f\u00e9le gy\u00f3gyn\u00f6v\u00e9ny kever\u00e9ke.<\/p>\n<p>A levendula vir\u00e1ga, citromf\u0171, kamilla, borsmenta, \u00e1nizsmag, must\u00e1rmag, k\u00f6r\u00f6mvir\u00e1g, kakukkf\u0171, izs\u00f3pf\u0171, \u00fatif\u0171lev\u00e9l, egyenk\u00e9nt is igen hasznos, sokoldal\u00faan haszn\u00e1lhat\u00f3, a n\u00e9pi \u00e9s term\u00e9szetgy\u00f3gy\u00e1szatban el\u0151szeretettel alkalmazott gy\u00f3gyn\u00f6v\u00e9nyeink. Kever\u00e9kk\u00e9nt egym\u00e1s hat\u00e1s\u00e1t kieg\u00e9sz\u00edtik \u00e9s fokozz\u00e1k. T\u00f6nk\u00f6lypelyv\u00e1val keverve a 10 gy\u00f3gyn\u00f6v\u00e9ny kever\u00e9ke felid\u00e9zi\u00a0a ropog\u00f3s, illatos sz\u00e9na intenz\u00edv, egyedi arom\u00e1j\u00e1t, a term\u00e9szet frissess\u00e9g\u00e9t.<\/p>\n<p>A <strong><em><i>levendula<\/i><\/em><\/strong>\u00a0kellemes illatot ad, megnyugtathat.<\/p>\n<p>A<em><i>\u00a0<strong>kamilla<\/strong><\/i><\/em>\u00a0kellemes illata seg\u00edthet megnyugtatni, ellaz\u00edtani f\u00e1radt test\u00fcnket.<\/p>\n<p>A <strong><em><i>citromf\u0171<\/i><\/em><\/strong>\u00a0illata nyugtat\u00f3 hat\u00e1ssal lehet a szervezetre<\/p>\n<p>A <strong><em><i>borsmenta<\/i><\/em><\/strong>\u00a0illata a szervezetre \u00fcd\u00edt\u0151, friss\u00edt\u0151 hat\u00e1st gyakorolhat.<\/p>\n<p>A<strong> <em><i>kakukk<\/i><\/em><\/strong><em><i><strong>f\u0171 <\/strong><\/i><\/em>er\u0151s\u00edtheti immunrendszer\u00fcnket.<\/p>\n<p>A k<em><i><strong>\u00f6r\u00f6mvir\u00e1g<\/strong><\/i><\/em><em><i>\u00a0l\u00e1t\u00e1sjav\u00edt\u00f3<\/i><\/em>, csillap\u00edthatja a k\u00f6h\u00f6g\u00e9st.<\/p>\n<p>Az<strong><em><i> \u00e1nizsmag<\/i><\/em><\/strong>\u00a0enyh\u00edtheti a<strong><b>\u00a0<\/b><\/strong>fejf\u00e1j\u00e1st, a megf\u00e1z\u00e1s \u00e9s asztma okozta t\u00fcneteket.<\/p>\n<p>A <em><strong>must\u00e1rmag<\/strong><\/em>\u00a0k\u00f6nny\u00edtheti a l\u00e9gz\u00e9st egy megf\u00e1z\u00e1s alatt.<\/p>\n<p>Az<em><i><strong> \u00fatif\u0171lev\u00e9<\/strong><\/i><\/em><strong>l<\/strong> fels\u0151 l\u00e9g\u00fati panaszok eset\u00e9n cs\u00f6kkentheti a gyullad\u00e1st.<\/p>\n<p>Az<strong><em><i> izs\u00f3pf\u0171<\/i><\/em><\/strong>\u00a0illata, seg\u00edthet megnyugtatni, er\u0151s\u00edtheti az ideget, seg\u00edtheti a gondolkoz\u00e1st.<\/p>\n<p>A pelyva nagyon kedveli a napot, hiszen onnan nyeri energi\u00e1j\u00e1t. Amikor csak alkalom van r\u00e1 meg kell napoztatni, n\u00e9ha-n\u00e9ha pedig \u00e1tg\u0151z\u00f6lni \u00e9s napon megsz\u00e1r\u00edtani. \u0150szi \u2013 t\u00e9li, napmentes id\u0151szakban f\u0171t\u0151testre helyezve lehet \u00e1tmeleg\u00edteni.\u00a0A tiszt\u00edtott h\u00e9j is tartalmazhat nyomokban pollent \u00e9s port.<\/p>\n<p>A csukl\u00f3t\u00e1masz p\u00e1rna f\u00e9l, &#8211; egy \u00e9vig \u0151rzi meg az illat\u00e1t. Az illatok v\u00e1ltoznak, az elej\u00e9n intenz\u00edvebb, er\u0151sebb, majd az id\u0151 haladt\u00e1val csillapodik, gyeng\u00fcl. Ett\u0151l f\u00fcggetlen\u00fcl tov\u00e1bbra is hat\u00e1ssal vannak szervezet\u00fcnkre. P\u00e1r h\u00e9t m\u00falva el\u0151fordulhat, hogy nem \u00e9rezz\u00fck az illat\u00e1t, hiszen megszokja az orrunk.<\/p>\n<p>A p\u00e1rna t\u00f6ltet\u00a050\u00b0C-on 15-30 percig s\u00fct\u0151ben, vagy 8 \u00f3r\u00e1t m\u00e9lyh\u0171t\u0151ben tartva fert\u0151tlen\u00edthet\u0151.<\/p>\n<p>A p\u00e1rna t\u00f6ltet nem moshat\u00f3!<\/p>\n<p>Tartsa sz\u00e1raz helyen \u00e9s v\u00e9dje a nedvess\u00e9gt\u0151l.<\/p>\n<p>A t\u00f6nk\u00f6lypelyva gy\u00f3gy\u00edt\u00f3 hat\u00e1sa, nem titokzatos h\u00f3kuszp\u00f3kusz, hanem hossz\u00fa \u00e9vsz\u00e1zadok \u00f3ta bizony\u00edtott t\u00e9ny. M\u00e1r az 1100as \u00e9vek elej\u00e9n Bingeni Szent Hildeg\u00e1rd, aki a gy\u00f3gyn\u00f6v\u00e9nyes gy\u00f3gy\u00edt\u00e1s egyik legels\u0151 k\u00e9pvisel\u0151je, \u00e9s gyakorl\u00f3ja volt, \u00edgy \u00edrt \u00ed t\u00f6nk\u00f6lyb\u00faz\u00e1r\u00f3l:<\/p>\n<p>\u2019\u2019a t\u00f6nk\u00f6lyb\u00faza a legjobb gabona. Meleg, zs\u00edros, er\u0151s, \u00e9s aki ezt eszi, azt helyes h\u00fassal \u00e9s v\u00e9rrel aj\u00e1nd\u00e9kozza meg, \u00e9s az emberi ked\u00e9lyt vid\u00e1mm\u00e1 \u00e9s \u00f6r\u00f6mteliv\u00e9 teszi.\u2019\u2019<\/p>\n<p>Term\u00e9szettudom\u00e1nyos munk\u00e1i k\u00f6z\u00f6tt a hagyom\u00e1nyos \u00e9s term\u00e9szetes gy\u00f3gy\u00e1szatr\u00f3l sz\u00f3l\u00f3 k\u00f6nyveiben, t\u00f6bb alkalommal is eml\u00edti a t\u00f6nk\u00f6lypelyva gy\u00f3gy\u00edt\u00f3 hat\u00e1sait.<\/p>\n<p>Gy\u00e1rtja \u00e9s Forgalmazza: J\u00e1zminKert, KASZ-KER Kft. 8042 Moha, F\u0151 utca 102.<\/p>\n<p>Sz\u00e1rmaz\u00e1si hely: Magyarorsz\u00e1g<\/p>\n<p>&nbsp;<\/p>\n","protected":false},"excerpt":{"rendered":"<p>Sz\u00e1m\u00edt\u00f3g\u00e9p, laptop mellett az eg\u00e9r haszn\u00e1latakor el\u0151fordulhat, hogy elzsibbad, megf\u00e1jdul a csukl\u00f3 a rossz v\u00e9rkering\u00e9s miatt. A p\u00e1rna igazodik a form\u00e1j\u00e1hoz, megfelel\u0151 al\u00e1t\u00e1maszt\u00e1st biztos\u00edt.<\/p>\n","protected":false},"featured_media":385,"template":"","meta":[],"product_brand":[],"product_cat":[110],"product_tag":[116,117,108,45,113,114,43,120,54,96,46,119,112,28,118,26,111,61,121,101,115],"class_list":{"0":"post-178","1":"product","2":"type-product","3":"status-publish","4":"has-post-thumbnail","6":"product_cat-csuklotamasz-parna","7":"product_tag-alatamasztas","8":"product_tag-anizsmag","9":"product_tag-borsmenta","10":"product_tag-citromfu","11":"product_tag-csuklo","12":"product_tag-fajdalom","13":"product_tag-gyogynoveny","14":"product_tag-izsopfu","15":"product_tag-jazminkert","16":"product_tag-kakukkfu","17":"product_tag-kamilla","18":"product_tag-koromvirag","19":"product_tag-laptop","20":"product_tag-levendula","21":"product_tag-mustarmag","22":"product_tag-parna","23":"product_tag-szamitogep","24":"product_tag-tonkolypelyva","25":"product_tag-utifulevel","26":"product_tag-webshop","27":"product_tag-zsibbadas","29":"first","30":"instock","31":"taxable","32":"shipping-taxable","33":"purchasable","34":"product-type-variable"},"yoast_head":"<!-- This site is optimized with the Yoast SEO plugin v27.5 - https:\/\/yoast.com\/product\/yoast-seo-wordpress\/ -->\n<title>T\u00f6nk\u00f6lypelyva csukl\u00f3t\u00e1masz p\u00e1rna 10 f\u00e9le gy\u00f3gyn\u00f6v\u00e9ny kever\u00e9kkel<\/title>\n<meta name=\"description\" content=\"Sz\u00e1m\u00edt\u00f3g\u00e9p, laptop mellett az eg\u00e9r haszn\u00e1latakor el\u0151fordulhat, hogy elzsibbad, megf\u00e1jdul a csukl\u00f3 a rossz v\u00e9rkering\u00e9s miatt. A p\u00e1rna igazodik a form\u00e1j\u00e1hoz, megfelel\u0151 al\u00e1t\u00e1maszt\u00e1st biztos\u00edt.\" \/>\n<meta name=\"robots\" content=\"index, follow, max-snippet:-1, max-image-preview:large, max-video-preview:-1\" \/>\n<link rel=\"canonical\" href=\"https:\/\/webshop.jazminkert.hu\/en\/termek\/tonkoly-tonkolypelyva-csuklotamasz-parna-10-fele-gyogynovenykeverekkel\/\" \/>\n<meta property=\"og:locale\" content=\"en_US\" \/>\n<meta property=\"og:locale:alternate\" content=\"hu_HU\" \/>\n<meta property=\"og:type\" content=\"article\" \/>\n<meta property=\"og:title\" content=\"T\u00f6nk\u00f6lypelyva csukl\u00f3t\u00e1masz p\u00e1rna 10 f\u00e9le gy\u00f3gyn\u00f6v\u00e9ny kever\u00e9kkel\" \/>\n<meta property=\"og:description\" content=\"Sz\u00e1m\u00edt\u00f3g\u00e9p, laptop mellett az eg\u00e9r haszn\u00e1latakor el\u0151fordulhat, hogy elzsibbad, megf\u00e1jdul a csukl\u00f3 a rossz v\u00e9rkering\u00e9s miatt. A p\u00e1rna igazodik a form\u00e1j\u00e1hoz, megfelel\u0151 al\u00e1t\u00e1maszt\u00e1st biztos\u00edt.\" \/>\n<meta property=\"og:url\" content=\"https:\/\/webshop.jazminkert.hu\/en\/termek\/tonkoly-tonkolypelyva-csuklotamasz-parna-10-fele-gyogynovenykeverekkel\/\" \/>\n<meta property=\"og:site_name\" content=\"J\u00e1zmin kert\" \/>\n<meta property=\"article:publisher\" content=\"https:\/\/www.facebook.com\/groups\/2773731042866203\/\" \/>\n<meta property=\"article:modified_time\" content=\"2023-06-28T20:35:15+00:00\" \/>\n<meta property=\"og:image\" content=\"https:\/\/webshop.jazminkert.hu\/wp-content\/uploads\/2023\/01\/20230124_095909.jpg\" \/>\n\t<meta property=\"og:image:width\" content=\"2487\" \/>\n\t<meta property=\"og:image:height\" content=\"2531\" \/>\n\t<meta property=\"og:image:type\" content=\"image\/jpeg\" \/>\n<meta name=\"twitter:card\" content=\"summary_large_image\" \/>\n<meta name=\"twitter:label1\" content=\"Est. reading time\" \/>\n\t<meta name=\"twitter:data1\" content=\"4 minutes\" \/>\n<script type=\"application\/ld+json\" class=\"yoast-schema-graph\">{\"@context\":\"https:\\\/\\\/schema.org\",\"@graph\":[{\"@type\":\"WebPage\",\"@id\":\"https:\\\/\\\/webshop.jazminkert.hu\\\/termek\\\/tonkoly-tonkolypelyva-csuklotamasz-parna-10-fele-gyogynovenykeverekkel\\\/\",\"url\":\"https:\\\/\\\/webshop.jazminkert.hu\\\/termek\\\/tonkoly-tonkolypelyva-csuklotamasz-parna-10-fele-gyogynovenykeverekkel\\\/\",\"name\":\"T\u00f6nk\u00f6lypelyva csukl\u00f3t\u00e1masz p\u00e1rna 10 f\u00e9le gy\u00f3gyn\u00f6v\u00e9ny kever\u00e9kkel\",\"isPartOf\":{\"@id\":\"https:\\\/\\\/webshop.jazminkert.hu\\\/#website\"},\"primaryImageOfPage\":{\"@id\":\"https:\\\/\\\/webshop.jazminkert.hu\\\/termek\\\/tonkoly-tonkolypelyva-csuklotamasz-parna-10-fele-gyogynovenykeverekkel\\\/#primaryimage\"},\"image\":{\"@id\":\"https:\\\/\\\/webshop.jazminkert.hu\\\/termek\\\/tonkoly-tonkolypelyva-csuklotamasz-parna-10-fele-gyogynovenykeverekkel\\\/#primaryimage\"},\"thumbnailUrl\":\"https:\\\/\\\/webshop.jazminkert.hu\\\/wp-content\\\/uploads\\\/2023\\\/01\\\/20230124_095909.jpg\",\"datePublished\":\"2023-01-12T20:19:59+00:00\",\"dateModified\":\"2023-06-28T20:35:15+00:00\",\"description\":\"Sz\u00e1m\u00edt\u00f3g\u00e9p, laptop mellett az eg\u00e9r haszn\u00e1latakor el\u0151fordulhat, hogy elzsibbad, megf\u00e1jdul a csukl\u00f3 a rossz v\u00e9rkering\u00e9s miatt. A p\u00e1rna igazodik a form\u00e1j\u00e1hoz, megfelel\u0151 al\u00e1t\u00e1maszt\u00e1st biztos\u00edt.\",\"breadcrumb\":{\"@id\":\"https:\\\/\\\/webshop.jazminkert.hu\\\/termek\\\/tonkoly-tonkolypelyva-csuklotamasz-parna-10-fele-gyogynovenykeverekkel\\\/#breadcrumb\"},\"inLanguage\":\"en-US\",\"potentialAction\":[{\"@type\":\"ReadAction\",\"target\":[\"https:\\\/\\\/webshop.jazminkert.hu\\\/termek\\\/tonkoly-tonkolypelyva-csuklotamasz-parna-10-fele-gyogynovenykeverekkel\\\/\"]}]},{\"@type\":\"ImageObject\",\"inLanguage\":\"en-US\",\"@id\":\"https:\\\/\\\/webshop.jazminkert.hu\\\/termek\\\/tonkoly-tonkolypelyva-csuklotamasz-parna-10-fele-gyogynovenykeverekkel\\\/#primaryimage\",\"url\":\"https:\\\/\\\/webshop.jazminkert.hu\\\/wp-content\\\/uploads\\\/2023\\\/01\\\/20230124_095909.jpg\",\"contentUrl\":\"https:\\\/\\\/webshop.jazminkert.hu\\\/wp-content\\\/uploads\\\/2023\\\/01\\\/20230124_095909.jpg\",\"width\":2487,\"height\":2531,\"caption\":\"csukl\u00f3t\u00e1masz p\u00e1rna\"},{\"@type\":\"BreadcrumbList\",\"@id\":\"https:\\\/\\\/webshop.jazminkert.hu\\\/termek\\\/tonkoly-tonkolypelyva-csuklotamasz-parna-10-fele-gyogynovenykeverekkel\\\/#breadcrumb\",\"itemListElement\":[{\"@type\":\"ListItem\",\"position\":1,\"name\":\"Kezd\u0151lap\",\"item\":\"https:\\\/\\\/webshop.jazminkert.hu\\\/\"},{\"@type\":\"ListItem\",\"position\":2,\"name\":\"Gy\u00f3gyn\u00f6v\u00e9nyes term\u00e9keink t\u00f6nk\u00f6lypelyv\u00e1val\",\"item\":\"https:\\\/\\\/webshop.jazminkert.hu\\\/\"},{\"@type\":\"ListItem\",\"position\":3,\"name\":\"T\u00f6nk\u00f6lypelyva csukl\u00f3t\u00e1masz p\u00e1rna 10 f\u00e9le gy\u00f3gyn\u00f6v\u00e9ny kever\u00e9kkel\"}]},{\"@type\":\"WebSite\",\"@id\":\"https:\\\/\\\/webshop.jazminkert.hu\\\/#website\",\"url\":\"https:\\\/\\\/webshop.jazminkert.hu\\\/\",\"name\":\"J\u00e1zmin kert\",\"description\":\"Kert\u00e9p\u00edt\u00e9s, kert-fenntart\u00e1s, d\u00edszn\u00f6v\u00e9nytermeszt\u00e9s, m\u00e1r t\u00f6bb mint 10 \u00e9ve\",\"publisher\":{\"@id\":\"https:\\\/\\\/webshop.jazminkert.hu\\\/#organization\"},\"potentialAction\":[{\"@type\":\"SearchAction\",\"target\":{\"@type\":\"EntryPoint\",\"urlTemplate\":\"https:\\\/\\\/webshop.jazminkert.hu\\\/?s={search_term_string}\"},\"query-input\":{\"@type\":\"PropertyValueSpecification\",\"valueRequired\":true,\"valueName\":\"search_term_string\"}}],\"inLanguage\":\"en-US\"},{\"@type\":\"Organization\",\"@id\":\"https:\\\/\\\/webshop.jazminkert.hu\\\/#organization\",\"name\":\"J\u00e1zmin kert\",\"url\":\"https:\\\/\\\/webshop.jazminkert.hu\\\/\",\"logo\":{\"@type\":\"ImageObject\",\"inLanguage\":\"en-US\",\"@id\":\"https:\\\/\\\/webshop.jazminkert.hu\\\/#\\\/schema\\\/logo\\\/image\\\/\",\"url\":\"https:\\\/\\\/webshop.jazminkert.hu\\\/wp-content\\\/uploads\\\/2022\\\/04\\\/cropped-logo.png\",\"contentUrl\":\"https:\\\/\\\/webshop.jazminkert.hu\\\/wp-content\\\/uploads\\\/2022\\\/04\\\/cropped-logo.png\",\"width\":533,\"height\":200,\"caption\":\"J\u00e1zmin kert\"},\"image\":{\"@id\":\"https:\\\/\\\/webshop.jazminkert.hu\\\/#\\\/schema\\\/logo\\\/image\\\/\"},\"sameAs\":[\"https:\\\/\\\/www.facebook.com\\\/groups\\\/2773731042866203\\\/\"]}]}<\/script>\n<!-- \/ Yoast SEO plugin. -->","yoast_head_json":{"title":"T\u00f6nk\u00f6lypelyva csukl\u00f3t\u00e1masz p\u00e1rna 10 f\u00e9le gy\u00f3gyn\u00f6v\u00e9ny kever\u00e9kkel","description":"Sz\u00e1m\u00edt\u00f3g\u00e9p, laptop mellett az eg\u00e9r haszn\u00e1latakor el\u0151fordulhat, hogy elzsibbad, megf\u00e1jdul a csukl\u00f3 a rossz v\u00e9rkering\u00e9s miatt. A p\u00e1rna igazodik a form\u00e1j\u00e1hoz, megfelel\u0151 al\u00e1t\u00e1maszt\u00e1st biztos\u00edt.","robots":{"index":"index","follow":"follow","max-snippet":"max-snippet:-1","max-image-preview":"max-image-preview:large","max-video-preview":"max-video-preview:-1"},"canonical":"https:\/\/webshop.jazminkert.hu\/en\/termek\/tonkoly-tonkolypelyva-csuklotamasz-parna-10-fele-gyogynovenykeverekkel\/","og_locale":"en_US","og_type":"article","og_title":"[:hu]T\u00f6nk\u00f6lypelyva csukl\u00f3t\u00e1masz p\u00e1rna 10 f\u00e9le gy\u00f3gyn\u00f6v\u00e9ny kever\u00e9kkel[:] - J\u00e1zmin kert","og_description":"Sz\u00e1m\u00edt\u00f3g\u00e9p, laptop mellett az eg\u00e9r haszn\u00e1latakor el\u0151fordulhat, hogy elzsibbad, megf\u00e1jdul a csukl\u00f3 a rossz v\u00e9rkering\u00e9s miatt. A p\u00e1rna igazodik a form\u00e1j\u00e1hoz, megfelel\u0151 al\u00e1t\u00e1maszt\u00e1st biztos\u00edt.","og_url":"https:\/\/webshop.jazminkert.hu\/en\/termek\/tonkoly-tonkolypelyva-csuklotamasz-parna-10-fele-gyogynovenykeverekkel\/","og_site_name":"J\u00e1zmin kert","article_publisher":"https:\/\/www.facebook.com\/groups\/2773731042866203\/","article_modified_time":"2023-06-28T20:35:15+00:00","og_image":[{"width":2487,"height":2531,"url":"https:\/\/webshop.jazminkert.hu\/wp-content\/uploads\/2023\/01\/20230124_095909.jpg","type":"image\/jpeg"}],"twitter_card":"summary_large_image","twitter_misc":{"Est. reading time":"4 minutes"},"schema":{"@context":"https:\/\/schema.org","@graph":[{"@type":"WebPage","@id":"https:\/\/webshop.jazminkert.hu\/termek\/tonkoly-tonkolypelyva-csuklotamasz-parna-10-fele-gyogynovenykeverekkel\/","url":"https:\/\/webshop.jazminkert.hu\/termek\/tonkoly-tonkolypelyva-csuklotamasz-parna-10-fele-gyogynovenykeverekkel\/","name":"T\u00f6nk\u00f6lypelyva csukl\u00f3t\u00e1masz p\u00e1rna 10 f\u00e9le gy\u00f3gyn\u00f6v\u00e9ny kever\u00e9kkel","isPartOf":{"@id":"https:\/\/webshop.jazminkert.hu\/#website"},"primaryImageOfPage":{"@id":"https:\/\/webshop.jazminkert.hu\/termek\/tonkoly-tonkolypelyva-csuklotamasz-parna-10-fele-gyogynovenykeverekkel\/#primaryimage"},"image":{"@id":"https:\/\/webshop.jazminkert.hu\/termek\/tonkoly-tonkolypelyva-csuklotamasz-parna-10-fele-gyogynovenykeverekkel\/#primaryimage"},"thumbnailUrl":"https:\/\/webshop.jazminkert.hu\/wp-content\/uploads\/2023\/01\/20230124_095909.jpg","datePublished":"2023-01-12T20:19:59+00:00","dateModified":"2023-06-28T20:35:15+00:00","description":"Sz\u00e1m\u00edt\u00f3g\u00e9p, laptop mellett az eg\u00e9r haszn\u00e1latakor el\u0151fordulhat, hogy elzsibbad, megf\u00e1jdul a csukl\u00f3 a rossz v\u00e9rkering\u00e9s miatt. A p\u00e1rna igazodik a form\u00e1j\u00e1hoz, megfelel\u0151 al\u00e1t\u00e1maszt\u00e1st biztos\u00edt.","breadcrumb":{"@id":"https:\/\/webshop.jazminkert.hu\/termek\/tonkoly-tonkolypelyva-csuklotamasz-parna-10-fele-gyogynovenykeverekkel\/#breadcrumb"},"inLanguage":"en-US","potentialAction":[{"@type":"ReadAction","target":["https:\/\/webshop.jazminkert.hu\/termek\/tonkoly-tonkolypelyva-csuklotamasz-parna-10-fele-gyogynovenykeverekkel\/"]}]},{"@type":"ImageObject","inLanguage":"en-US","@id":"https:\/\/webshop.jazminkert.hu\/termek\/tonkoly-tonkolypelyva-csuklotamasz-parna-10-fele-gyogynovenykeverekkel\/#primaryimage","url":"https:\/\/webshop.jazminkert.hu\/wp-content\/uploads\/2023\/01\/20230124_095909.jpg","contentUrl":"https:\/\/webshop.jazminkert.hu\/wp-content\/uploads\/2023\/01\/20230124_095909.jpg","width":2487,"height":2531,"caption":"csukl\u00f3t\u00e1masz p\u00e1rna"},{"@type":"BreadcrumbList","@id":"https:\/\/webshop.jazminkert.hu\/termek\/tonkoly-tonkolypelyva-csuklotamasz-parna-10-fele-gyogynovenykeverekkel\/#breadcrumb","itemListElement":[{"@type":"ListItem","position":1,"name":"Kezd\u0151lap","item":"https:\/\/webshop.jazminkert.hu\/"},{"@type":"ListItem","position":2,"name":"Gy\u00f3gyn\u00f6v\u00e9nyes term\u00e9keink t\u00f6nk\u00f6lypelyv\u00e1val","item":"https:\/\/webshop.jazminkert.hu\/"},{"@type":"ListItem","position":3,"name":"T\u00f6nk\u00f6lypelyva csukl\u00f3t\u00e1masz p\u00e1rna 10 f\u00e9le gy\u00f3gyn\u00f6v\u00e9ny kever\u00e9kkel"}]},{"@type":"WebSite","@id":"https:\/\/webshop.jazminkert.hu\/#website","url":"https:\/\/webshop.jazminkert.hu\/","name":"J\u00e1zmin kert","description":"Kert\u00e9p\u00edt\u00e9s, kert-fenntart\u00e1s, d\u00edszn\u00f6v\u00e9nytermeszt\u00e9s, m\u00e1r t\u00f6bb mint 10 \u00e9ve","publisher":{"@id":"https:\/\/webshop.jazminkert.hu\/#organization"},"potentialAction":[{"@type":"SearchAction","target":{"@type":"EntryPoint","urlTemplate":"https:\/\/webshop.jazminkert.hu\/?s={search_term_string}"},"query-input":{"@type":"PropertyValueSpecification","valueRequired":true,"valueName":"search_term_string"}}],"inLanguage":"en-US"},{"@type":"Organization","@id":"https:\/\/webshop.jazminkert.hu\/#organization","name":"J\u00e1zmin kert","url":"https:\/\/webshop.jazminkert.hu\/","logo":{"@type":"ImageObject","inLanguage":"en-US","@id":"https:\/\/webshop.jazminkert.hu\/#\/schema\/logo\/image\/","url":"https:\/\/webshop.jazminkert.hu\/wp-content\/uploads\/2022\/04\/cropped-logo.png","contentUrl":"https:\/\/webshop.jazminkert.hu\/wp-content\/uploads\/2022\/04\/cropped-logo.png","width":533,"height":200,"caption":"J\u00e1zmin kert"},"image":{"@id":"https:\/\/webshop.jazminkert.hu\/#\/schema\/logo\/image\/"},"sameAs":["https:\/\/www.facebook.com\/groups\/2773731042866203\/"]}]}},"jetpack_sharing_enabled":true,"_links":{"self":[{"href":"https:\/\/webshop.jazminkert.hu\/en\/wp-json\/wp\/v2\/product\/178","targetHints":{"allow":["GET"]}}],"collection":[{"href":"https:\/\/webshop.jazminkert.hu\/en\/wp-json\/wp\/v2\/product"}],"about":[{"href":"https:\/\/webshop.jazminkert.hu\/en\/wp-json\/wp\/v2\/types\/product"}],"wp:featuredmedia":[{"embeddable":true,"href":"https:\/\/webshop.jazminkert.hu\/en\/wp-json\/wp\/v2\/media\/385"}],"wp:attachment":[{"href":"https:\/\/webshop.jazminkert.hu\/en\/wp-json\/wp\/v2\/media?parent=178"}],"wp:term":[{"taxonomy":"product_brand","embeddable":true,"href":"https:\/\/webshop.jazminkert.hu\/en\/wp-json\/wp\/v2\/product_brand?post=178"},{"taxonomy":"product_cat","embeddable":true,"href":"https:\/\/webshop.jazminkert.hu\/en\/wp-json\/wp\/v2\/product_cat?post=178"},{"taxonomy":"product_tag","embeddable":true,"href":"https:\/\/webshop.jazminkert.hu\/en\/wp-json\/wp\/v2\/product_tag?post=178"}],"curies":[{"name":"wp","href":"https:\/\/api.w.org\/{rel}","templated":true}]}}