{"id":159,"date":"2023-01-12T12:21:42","date_gmt":"2023-01-12T12:21:42","guid":{"rendered":"https:\/\/webshop.jazminkert.hu\/?post_type=product&#038;p=159"},"modified":"2025-05-31T22:28:45","modified_gmt":"2025-05-31T22:28:45","slug":"tonkoly-joga-hengerparna-tonkolypelyva","status":"publish","type":"product","link":"https:\/\/webshop.jazminkert.hu\/en\/termek\/tonkoly-joga-hengerparna-tonkolypelyva\/","title":{"rendered":"T\u00f6nk\u00f6lypelyva j\u00f3ga hengerp\u00e1rna"},"content":{"rendered":"<h3><strong>T\u00f6nk\u00f6lypelyva j\u00f3ga hengerp\u00e1rna<\/strong><\/h3>\n<p>A j\u00f3ga gyakorl\u00e1s\u00e1hoz \u00e9s a h\u00e1tf\u00e1j\u00e1s cs\u00f6kkent\u00e9s\u00e9re kifejlesztett p\u00e1rna.<\/p>\n<p>M\u00e8rete: 70cm x 20cm<\/p>\n<p>Anyag: 100% pamut, avatatlan bels\u0151 illetve 55%pamut 45%poli\u00e9szter avatatlan k\u00fcls\u0151 huzat. K\u00fcls\u0151 huzat k\u00f6nnyen levehet\u0151, moshat\u00f3, cser\u00e9lhet\u0151.<\/p>\n<p>A t\u00f6nk\u00f6lyh\u00e9j leveg\u0151s, k\u00f6nny\u0171, m\u00e9gis stabil t\u00f6lt\u00e9st ad, tehermentes\u00edti a nyakizmokat, \u00edgy t\u00f6k\u00e9letes\u00edtheti az agyi v\u00e9rell\u00e1t\u00e1st. A h\u00e9jak mindenf\u00e9le testhelyzethez kiv\u00e1l\u00f3an tudnak alkalmazkodni. J\u00f3l al\u00e1t\u00e1masztj\u00e1k a testet, \u00edgy ellaz\u00edthatj\u00e1k az izomzatot b\u00e1rmilyen poz\u00edci\u00f3ban.<\/p>\n<p>Javasoljuk a p\u00e1rna 3 \u00e9venk\u00e9nti cser\u00e9j\u00e9t, friss\u00edt\u00e9s\u00e9t.<\/p>\n<p>Haszn\u00e1lat ut\u00e1n nyitott ablakn\u00e1l, vagy a napon szell\u0151ztethet\u0151.<\/p>\n<p><em><strong>T\u00f6nk\u00f6lypelyva:<\/strong><\/em><\/p>\n<p>A t\u00f6nk\u00f6lypelyva a t\u00f6nk\u00f6lyb\u00faza szemeket bebor\u00edt\u00f3 vegyszermentes h\u00e9j, ami igen kedvez\u0151 hat\u00e1st gyakorol a szervezetre. A h\u00e9jak mindenf\u00e9le testhelyzethez kiv\u00e1l\u00f3an alkalmazkodnak, j\u00f3l al\u00e1t\u00e1masztj\u00e1k a testet, ellaz\u00edthatj\u00e1k az izomzatot minden poz\u00edci\u00f3ban. Ellen\u00e1ll\u00f3 a k\u00f3rokoz\u00f3kkal szemben, \u00edgy az \u00e9l\u0151sk\u00f6d\u0151k sem telepednek meg benne.<\/p>\n<p>A n\u00e9pi megfigyel\u00e9sek szerint nem tapasztalt\u00e1k esetleges allergiz\u00e1l\u00f3 hat\u00e1s\u00e1t. A t\u00f6nk\u00f6lypelyva a benne l\u00e9v\u0151 kovasavat kibocs\u00e1tva j\u00f3t\u00e9kony hat\u00e1ssal lehet a szervezetre. Hat\u00e1s\u00e1t 3 \u00e9vig fejti ki, (kb. 3 \u00e9vig tart a kovasav kip\u00e1rolg\u00e1sa) majd \u00fajra lehet t\u00f6lteni.<\/p>\n<p>Gy\u00f3gyhat\u00e1s\u00e1t annak k\u00f6sz\u00f6nheti, hogy 90%-ban kovasavb\u00f3l \u00e1ll. A kovasav, mint v\u00edzk\u00f6t\u00e9s\u0171 szil\u00edciumdioxid, a pelyva sz\u00e1rad\u00e1sa k\u00f6vetkezt\u00e9ben lev\u00e1lik \u00e9s a k\u00f6t\u0151sz\u00f6vetekbe behatolva ker\u00fcl szervezet\u00fcnkbe. Kiv\u00e1l\u00f3 k\u00f6z\u00e9rzetjav\u00edt\u00f3 hat\u00e1sa miatt a n\u00e9pi gy\u00f3gy\u00e1szat r\u00e9g\u00f3ta alkalmazza:<\/p>\n<p>-k\u00f6z\u00e9rzetjav\u00edt\u00f3<\/p>\n<p>-nyugtat\u00f3<\/p>\n<p>-stresszold\u00f3<\/p>\n<p>-f\u00e1jdalomcsillap\u00edt\u00f3<\/p>\n<p>-gyullad\u00e1scs\u00f6kkent\u0151<\/p>\n<p>-enyh\u00edti a migr\u00e9nes fejf\u00e1j\u00e1st, alv\u00e1szavarokat, menstru\u00e1ci\u00f3s f\u00e1jdalmat, g\u00f6rcs\u00f6s \u00e1llapotokat<\/p>\n<p>-oldja a fesz\u00fclts\u00e9get<\/p>\n<p>T\u00e9len f\u0171t, ny\u00e1ron h\u0171t, \u00edgy mindig komfortos \u2019\u2019viselet\u201d. A pelyva nagyon kedveli a napot, hiszen onnan nyeri energi\u00e1j\u00e1t. Amikor csak alkalom van r\u00e1, meg kell napoztatni, n\u00e9ha-n\u00e9ha pedig \u00e1tg\u0151z\u00f6lni \u00e9s a napon megsz\u00e1r\u00edtani. \u0150szi \u2013 t\u00e9li, napmentes id\u0151szakban f\u0171t\u0151testre helyezve lehet \u00e1tmeleg\u00edteni.\u00a0A tiszt\u00edtott h\u00e9j is tartalmazhat nyomokban pollent \u00e9s port. A h\u00e9j \u00e9s huzata (k\u00fcl\u00f6n), k\u00e9zmeleg v\u00edzben \u00a0moshat\u00f3. A mos\u00e1s ut\u00e1n a vizes h\u00e9jat gondosan sz\u00e9t kell ter\u00edteni, nem megfelel\u0151 sz\u00e1r\u00edt\u00e1s eset\u00e9n a h\u00e9j nem sz\u00e1rad ki teljesen \u00e9s ha \u00edgy ker\u00fcl vissza az anyagba bepen\u00e9szedhet!<\/p>\n<p>A p\u00e1rna t\u00f6ltet 50\u00b0C-on 15-30 percig s\u00fct\u0151ben, vagy 8 \u00f3r\u00e1t m\u00e9lyh\u0171t\u0151ben tartva fert\u0151tlen\u00edthet\u0151.<\/p>\n<p>Amennyiben t\u00fal kem\u00e9nynek bizonyul a p\u00e1rna, a t\u00f6nk\u00f6lypelyv\u00e1b\u00f3l ki kell venni a felesleget, saj\u00e1t k\u00e9nyelm\u00fcnkh\u00f6z kell igaz\u00edtani. A feleslegess\u00e9 v\u00e1lt h\u00e9jat f\u00e9lre kell tenni, k\u00e9s\u0151bb, \u00fajra t\u00f6lt\u00e9s, p\u00f3tl\u00e1s eset\u00e9n felhaszn\u00e1lhat\u00f3.<\/p>\n<p>Tudom\u00e1nyosan nem bizony\u00edtott, tapasztalati feljegyz\u00e9sek szerint a t\u00f6nk\u00f6lyh\u00e9j semleges\u00edti a napk\u00f6zben felvett k\u00e1ros rezg\u00e9seket (mobiltelefon, mikrohull\u00e1m\u00fa s\u00fct\u0151 stb&#8230;)<\/p>\n<p>A t\u00f6nk\u00f6lypelyva gy\u00f3gy\u00edt\u00f3 hat\u00e1sa, nem titokzatos h\u00f3kuszp\u00f3kusz, hanem hossz\u00fa \u00e9vsz\u00e1zadok \u00f3ta bizony\u00edtott t\u00e9ny. M\u00e1r az 1100as \u00e9vek elej\u00e9n Bingeni Szent Hildeg\u00e1rd, aki a gy\u00f3gyn\u00f6v\u00e9nyes gy\u00f3gy\u00edt\u00e1s egyik legels\u0151 k\u00e9pvisel\u0151je, \u00e9s gyakorl\u00f3ja volt, \u00edgy \u00edrt \u00ed t\u00f6nk\u00f6lyb\u00faz\u00e1r\u00f3l: \u2019\u2019a t\u00f6nk\u00f6lyb\u00faza a legjobb gabona. Meleg, zs\u00edros, er\u0151s, \u00e9s aki ezt eszi, azt helyes h\u00fassal \u00e9s v\u00e9rrel aj\u00e1nd\u00e9kozza meg, \u00e9s az emberi ked\u00e9lyt vid\u00e1mm\u00e1 \u00e9s \u00f6r\u00f6mteliv\u00e9 teszi.\u2019\u2019<\/p>\n<p>Term\u00e9szettudom\u00e1nyos munk\u00e1i k\u00f6z\u00f6tt a hagyom\u00e1nyos \u00e9s term\u00e9szetes gy\u00f3gy\u00e1szatr\u00f3l sz\u00f3l\u00f3 k\u00f6nyveiben, t\u00f6bb alkalommal is eml\u00edti a t\u00f6nk\u00f6lypelyva gy\u00f3gy\u00edt\u00f3 hat\u00e1sait.<\/p>\n<p>Gy\u00e1rtja \u00e9s Forgalmazza:\u00a0J\u00e1zminKert, KASZ-KER Kft. 8042 Moha, F\u0151 utca 102.<\/p>\n<p>Sz\u00e1rmaz\u00e1s: Magyarorsz\u00e1g<\/p>\n<p>&nbsp;<\/p>\n<p>&nbsp;<\/p>\n","protected":false},"excerpt":{"rendered":"<p>A j\u00f3ga gyakorl\u00e1s\u00e1hoz \u00e9s a h\u00e1tf\u00e1j\u00e1s cs\u00f6kkent\u00e9s\u00e9re kifejlesztett p\u00e1rna.<\/p>\n","protected":false},"featured_media":469,"template":"","meta":[],"product_brand":[],"product_cat":[58],"product_tag":[64,29,60,54,69,63,59,62,68,67,65,26,66,61,70],"class_list":{"0":"post-159","1":"product","2":"type-product","3":"status-publish","4":"has-post-thumbnail","6":"product_cat-joga-parna","7":"product_tag-bolt","8":"product_tag-hatfajas","9":"product_tag-hengerparna","10":"product_tag-jazminkert","11":"product_tag-joga-termek","12":"product_tag-joga-webaruhaz","13":"product_tag-joga","14":"product_tag-jogaeszkoz","15":"product_tag-kozerzetjavito","16":"product_tag-meditacios-parna","17":"product_tag-nyugalom","18":"product_tag-parna","19":"product_tag-stresszoldas","20":"product_tag-tonkolypelyva","21":"product_tag-tudatos-eletmod","23":"first","24":"instock","25":"taxable","26":"shipping-taxable","27":"purchasable","28":"product-type-variable"},"yoast_head":"<!-- This site is optimized with the Yoast SEO plugin v27.4 - https:\/\/yoast.com\/product\/yoast-seo-wordpress\/ -->\n<title>T\u00f6nk\u00f6lypelyva j\u00f3ga hengerp\u00e1rna<\/title>\n<meta name=\"description\" content=\"T\u00f6nk\u00f6lypelyva j\u00f3ga hengerp\u00e1rna.A j\u00f3ga gyakorl\u00e1s\u00e1hoz \u00e9s a h\u00e1tf\u00e1j\u00e1s cs\u00f6kkent\u00e9s\u00e9re kifejlesztett p\u00e1rna.\" \/>\n<meta name=\"robots\" content=\"index, follow, max-snippet:-1, max-image-preview:large, max-video-preview:-1\" \/>\n<link rel=\"canonical\" href=\"https:\/\/webshop.jazminkert.hu\/en\/termek\/tonkoly-joga-hengerparna-tonkolypelyva\/\" \/>\n<meta property=\"og:locale\" content=\"en_US\" \/>\n<meta property=\"og:locale:alternate\" content=\"hu_HU\" \/>\n<meta property=\"og:type\" content=\"article\" \/>\n<meta property=\"og:title\" content=\"T\u00f6nk\u00f6lypelyva j\u00f3ga hengerp\u00e1rna\" \/>\n<meta property=\"og:description\" content=\"T\u00f6nk\u00f6lypelyva j\u00f3ga hengerp\u00e1rna.A j\u00f3ga gyakorl\u00e1s\u00e1hoz \u00e9s a h\u00e1tf\u00e1j\u00e1s cs\u00f6kkent\u00e9s\u00e9re kifejlesztett p\u00e1rna.\" \/>\n<meta property=\"og:url\" content=\"https:\/\/webshop.jazminkert.hu\/en\/termek\/tonkoly-joga-hengerparna-tonkolypelyva\/\" \/>\n<meta property=\"og:site_name\" content=\"J\u00e1zmin kert\" \/>\n<meta property=\"article:publisher\" content=\"https:\/\/www.facebook.com\/groups\/2773731042866203\/\" \/>\n<meta property=\"article:modified_time\" content=\"2025-05-31T22:28:45+00:00\" \/>\n<meta property=\"og:image\" content=\"https:\/\/webshop.jazminkert.hu\/wp-content\/uploads\/2023\/01\/20230205_163853-scaled.jpg\" \/>\n\t<meta property=\"og:image:width\" content=\"2560\" \/>\n\t<meta property=\"og:image:height\" content=\"2097\" \/>\n\t<meta property=\"og:image:type\" content=\"image\/jpeg\" \/>\n<meta name=\"twitter:card\" content=\"summary_large_image\" \/>\n<meta name=\"twitter:label1\" content=\"Est. reading time\" \/>\n\t<meta name=\"twitter:data1\" content=\"3 minutes\" \/>\n<script type=\"application\/ld+json\" class=\"yoast-schema-graph\">{\"@context\":\"https:\\\/\\\/schema.org\",\"@graph\":[{\"@type\":\"WebPage\",\"@id\":\"https:\\\/\\\/webshop.jazminkert.hu\\\/termek\\\/tonkoly-joga-hengerparna-tonkolypelyva\\\/\",\"url\":\"https:\\\/\\\/webshop.jazminkert.hu\\\/termek\\\/tonkoly-joga-hengerparna-tonkolypelyva\\\/\",\"name\":\"T\u00f6nk\u00f6lypelyva j\u00f3ga hengerp\u00e1rna\",\"isPartOf\":{\"@id\":\"https:\\\/\\\/webshop.jazminkert.hu\\\/#website\"},\"primaryImageOfPage\":{\"@id\":\"https:\\\/\\\/webshop.jazminkert.hu\\\/termek\\\/tonkoly-joga-hengerparna-tonkolypelyva\\\/#primaryimage\"},\"image\":{\"@id\":\"https:\\\/\\\/webshop.jazminkert.hu\\\/termek\\\/tonkoly-joga-hengerparna-tonkolypelyva\\\/#primaryimage\"},\"thumbnailUrl\":\"https:\\\/\\\/webshop.jazminkert.hu\\\/wp-content\\\/uploads\\\/2023\\\/01\\\/20230205_163853-scaled.jpg\",\"datePublished\":\"2023-01-12T12:21:42+00:00\",\"dateModified\":\"2025-05-31T22:28:45+00:00\",\"description\":\"T\u00f6nk\u00f6lypelyva j\u00f3ga hengerp\u00e1rna.A j\u00f3ga gyakorl\u00e1s\u00e1hoz \u00e9s a h\u00e1tf\u00e1j\u00e1s cs\u00f6kkent\u00e9s\u00e9re kifejlesztett p\u00e1rna.\",\"breadcrumb\":{\"@id\":\"https:\\\/\\\/webshop.jazminkert.hu\\\/termek\\\/tonkoly-joga-hengerparna-tonkolypelyva\\\/#breadcrumb\"},\"inLanguage\":\"en-US\",\"potentialAction\":[{\"@type\":\"ReadAction\",\"target\":[\"https:\\\/\\\/webshop.jazminkert.hu\\\/termek\\\/tonkoly-joga-hengerparna-tonkolypelyva\\\/\"]}]},{\"@type\":\"ImageObject\",\"inLanguage\":\"en-US\",\"@id\":\"https:\\\/\\\/webshop.jazminkert.hu\\\/termek\\\/tonkoly-joga-hengerparna-tonkolypelyva\\\/#primaryimage\",\"url\":\"https:\\\/\\\/webshop.jazminkert.hu\\\/wp-content\\\/uploads\\\/2023\\\/01\\\/20230205_163853-scaled.jpg\",\"contentUrl\":\"https:\\\/\\\/webshop.jazminkert.hu\\\/wp-content\\\/uploads\\\/2023\\\/01\\\/20230205_163853-scaled.jpg\",\"width\":2560,\"height\":2097,\"caption\":\"j\u00f3gap\u00e1rna\"},{\"@type\":\"BreadcrumbList\",\"@id\":\"https:\\\/\\\/webshop.jazminkert.hu\\\/termek\\\/tonkoly-joga-hengerparna-tonkolypelyva\\\/#breadcrumb\",\"itemListElement\":[{\"@type\":\"ListItem\",\"position\":1,\"name\":\"Kezd\u0151lap\",\"item\":\"https:\\\/\\\/webshop.jazminkert.hu\\\/\"},{\"@type\":\"ListItem\",\"position\":2,\"name\":\"Gy\u00f3gyn\u00f6v\u00e9nyes term\u00e9keink t\u00f6nk\u00f6lypelyv\u00e1val\",\"item\":\"https:\\\/\\\/webshop.jazminkert.hu\\\/\"},{\"@type\":\"ListItem\",\"position\":3,\"name\":\"T\u00f6nk\u00f6lypelyva j\u00f3ga hengerp\u00e1rna\"}]},{\"@type\":\"WebSite\",\"@id\":\"https:\\\/\\\/webshop.jazminkert.hu\\\/#website\",\"url\":\"https:\\\/\\\/webshop.jazminkert.hu\\\/\",\"name\":\"J\u00e1zmin kert\",\"description\":\"Kert\u00e9p\u00edt\u00e9s, kert-fenntart\u00e1s, d\u00edszn\u00f6v\u00e9nytermeszt\u00e9s, m\u00e1r t\u00f6bb mint 10 \u00e9ve\",\"publisher\":{\"@id\":\"https:\\\/\\\/webshop.jazminkert.hu\\\/#organization\"},\"potentialAction\":[{\"@type\":\"SearchAction\",\"target\":{\"@type\":\"EntryPoint\",\"urlTemplate\":\"https:\\\/\\\/webshop.jazminkert.hu\\\/?s={search_term_string}\"},\"query-input\":{\"@type\":\"PropertyValueSpecification\",\"valueRequired\":true,\"valueName\":\"search_term_string\"}}],\"inLanguage\":\"en-US\"},{\"@type\":\"Organization\",\"@id\":\"https:\\\/\\\/webshop.jazminkert.hu\\\/#organization\",\"name\":\"J\u00e1zmin kert\",\"url\":\"https:\\\/\\\/webshop.jazminkert.hu\\\/\",\"logo\":{\"@type\":\"ImageObject\",\"inLanguage\":\"en-US\",\"@id\":\"https:\\\/\\\/webshop.jazminkert.hu\\\/#\\\/schema\\\/logo\\\/image\\\/\",\"url\":\"https:\\\/\\\/webshop.jazminkert.hu\\\/wp-content\\\/uploads\\\/2022\\\/04\\\/cropped-logo.png\",\"contentUrl\":\"https:\\\/\\\/webshop.jazminkert.hu\\\/wp-content\\\/uploads\\\/2022\\\/04\\\/cropped-logo.png\",\"width\":533,\"height\":200,\"caption\":\"J\u00e1zmin kert\"},\"image\":{\"@id\":\"https:\\\/\\\/webshop.jazminkert.hu\\\/#\\\/schema\\\/logo\\\/image\\\/\"},\"sameAs\":[\"https:\\\/\\\/www.facebook.com\\\/groups\\\/2773731042866203\\\/\"]}]}<\/script>\n<!-- \/ Yoast SEO plugin. -->","yoast_head_json":{"title":"T\u00f6nk\u00f6lypelyva j\u00f3ga hengerp\u00e1rna","description":"T\u00f6nk\u00f6lypelyva j\u00f3ga hengerp\u00e1rna.A j\u00f3ga gyakorl\u00e1s\u00e1hoz \u00e9s a h\u00e1tf\u00e1j\u00e1s cs\u00f6kkent\u00e9s\u00e9re kifejlesztett p\u00e1rna.","robots":{"index":"index","follow":"follow","max-snippet":"max-snippet:-1","max-image-preview":"max-image-preview:large","max-video-preview":"max-video-preview:-1"},"canonical":"https:\/\/webshop.jazminkert.hu\/en\/termek\/tonkoly-joga-hengerparna-tonkolypelyva\/","og_locale":"en_US","og_type":"article","og_title":"[:hu]T\u00f6nk\u00f6lypelyva j\u00f3ga hengerp\u00e1rna[:] - J\u00e1zmin kert","og_description":"[:hu]T\u00f6nk\u00f6lypelyva j\u00f3ga hengerp\u00e1rna.A j\u00f3ga gyakorl\u00e1s\u00e1hoz \u00e9s a h\u00e1tf\u00e1j\u00e1s cs\u00f6kkent\u00e9s\u00e9re kifejlesztett p\u00e1rna.[:]","og_url":"https:\/\/webshop.jazminkert.hu\/en\/termek\/tonkoly-joga-hengerparna-tonkolypelyva\/","og_site_name":"J\u00e1zmin kert","article_publisher":"https:\/\/www.facebook.com\/groups\/2773731042866203\/","article_modified_time":"2025-05-31T22:28:45+00:00","og_image":[{"width":2560,"height":2097,"url":"https:\/\/webshop.jazminkert.hu\/wp-content\/uploads\/2023\/01\/20230205_163853-scaled.jpg","type":"image\/jpeg"}],"twitter_card":"summary_large_image","twitter_misc":{"Est. reading time":"3 minutes"},"schema":{"@context":"https:\/\/schema.org","@graph":[{"@type":"WebPage","@id":"https:\/\/webshop.jazminkert.hu\/termek\/tonkoly-joga-hengerparna-tonkolypelyva\/","url":"https:\/\/webshop.jazminkert.hu\/termek\/tonkoly-joga-hengerparna-tonkolypelyva\/","name":"T\u00f6nk\u00f6lypelyva j\u00f3ga hengerp\u00e1rna","isPartOf":{"@id":"https:\/\/webshop.jazminkert.hu\/#website"},"primaryImageOfPage":{"@id":"https:\/\/webshop.jazminkert.hu\/termek\/tonkoly-joga-hengerparna-tonkolypelyva\/#primaryimage"},"image":{"@id":"https:\/\/webshop.jazminkert.hu\/termek\/tonkoly-joga-hengerparna-tonkolypelyva\/#primaryimage"},"thumbnailUrl":"https:\/\/webshop.jazminkert.hu\/wp-content\/uploads\/2023\/01\/20230205_163853-scaled.jpg","datePublished":"2023-01-12T12:21:42+00:00","dateModified":"2025-05-31T22:28:45+00:00","description":"T\u00f6nk\u00f6lypelyva j\u00f3ga hengerp\u00e1rna.A j\u00f3ga gyakorl\u00e1s\u00e1hoz \u00e9s a h\u00e1tf\u00e1j\u00e1s cs\u00f6kkent\u00e9s\u00e9re kifejlesztett p\u00e1rna.","breadcrumb":{"@id":"https:\/\/webshop.jazminkert.hu\/termek\/tonkoly-joga-hengerparna-tonkolypelyva\/#breadcrumb"},"inLanguage":"en-US","potentialAction":[{"@type":"ReadAction","target":["https:\/\/webshop.jazminkert.hu\/termek\/tonkoly-joga-hengerparna-tonkolypelyva\/"]}]},{"@type":"ImageObject","inLanguage":"en-US","@id":"https:\/\/webshop.jazminkert.hu\/termek\/tonkoly-joga-hengerparna-tonkolypelyva\/#primaryimage","url":"https:\/\/webshop.jazminkert.hu\/wp-content\/uploads\/2023\/01\/20230205_163853-scaled.jpg","contentUrl":"https:\/\/webshop.jazminkert.hu\/wp-content\/uploads\/2023\/01\/20230205_163853-scaled.jpg","width":2560,"height":2097,"caption":"j\u00f3gap\u00e1rna"},{"@type":"BreadcrumbList","@id":"https:\/\/webshop.jazminkert.hu\/termek\/tonkoly-joga-hengerparna-tonkolypelyva\/#breadcrumb","itemListElement":[{"@type":"ListItem","position":1,"name":"Kezd\u0151lap","item":"https:\/\/webshop.jazminkert.hu\/"},{"@type":"ListItem","position":2,"name":"Gy\u00f3gyn\u00f6v\u00e9nyes term\u00e9keink t\u00f6nk\u00f6lypelyv\u00e1val","item":"https:\/\/webshop.jazminkert.hu\/"},{"@type":"ListItem","position":3,"name":"T\u00f6nk\u00f6lypelyva j\u00f3ga hengerp\u00e1rna"}]},{"@type":"WebSite","@id":"https:\/\/webshop.jazminkert.hu\/#website","url":"https:\/\/webshop.jazminkert.hu\/","name":"J\u00e1zmin kert","description":"Kert\u00e9p\u00edt\u00e9s, kert-fenntart\u00e1s, d\u00edszn\u00f6v\u00e9nytermeszt\u00e9s, m\u00e1r t\u00f6bb mint 10 \u00e9ve","publisher":{"@id":"https:\/\/webshop.jazminkert.hu\/#organization"},"potentialAction":[{"@type":"SearchAction","target":{"@type":"EntryPoint","urlTemplate":"https:\/\/webshop.jazminkert.hu\/?s={search_term_string}"},"query-input":{"@type":"PropertyValueSpecification","valueRequired":true,"valueName":"search_term_string"}}],"inLanguage":"en-US"},{"@type":"Organization","@id":"https:\/\/webshop.jazminkert.hu\/#organization","name":"J\u00e1zmin kert","url":"https:\/\/webshop.jazminkert.hu\/","logo":{"@type":"ImageObject","inLanguage":"en-US","@id":"https:\/\/webshop.jazminkert.hu\/#\/schema\/logo\/image\/","url":"https:\/\/webshop.jazminkert.hu\/wp-content\/uploads\/2022\/04\/cropped-logo.png","contentUrl":"https:\/\/webshop.jazminkert.hu\/wp-content\/uploads\/2022\/04\/cropped-logo.png","width":533,"height":200,"caption":"J\u00e1zmin kert"},"image":{"@id":"https:\/\/webshop.jazminkert.hu\/#\/schema\/logo\/image\/"},"sameAs":["https:\/\/www.facebook.com\/groups\/2773731042866203\/"]}]}},"jetpack_sharing_enabled":true,"_links":{"self":[{"href":"https:\/\/webshop.jazminkert.hu\/en\/wp-json\/wp\/v2\/product\/159","targetHints":{"allow":["GET"]}}],"collection":[{"href":"https:\/\/webshop.jazminkert.hu\/en\/wp-json\/wp\/v2\/product"}],"about":[{"href":"https:\/\/webshop.jazminkert.hu\/en\/wp-json\/wp\/v2\/types\/product"}],"wp:featuredmedia":[{"embeddable":true,"href":"https:\/\/webshop.jazminkert.hu\/en\/wp-json\/wp\/v2\/media\/469"}],"wp:attachment":[{"href":"https:\/\/webshop.jazminkert.hu\/en\/wp-json\/wp\/v2\/media?parent=159"}],"wp:term":[{"taxonomy":"product_brand","embeddable":true,"href":"https:\/\/webshop.jazminkert.hu\/en\/wp-json\/wp\/v2\/product_brand?post=159"},{"taxonomy":"product_cat","embeddable":true,"href":"https:\/\/webshop.jazminkert.hu\/en\/wp-json\/wp\/v2\/product_cat?post=159"},{"taxonomy":"product_tag","embeddable":true,"href":"https:\/\/webshop.jazminkert.hu\/en\/wp-json\/wp\/v2\/product_tag?post=159"}],"curies":[{"name":"wp","href":"https:\/\/api.w.org\/{rel}","templated":true}]}}