{"id":155,"date":"2023-01-12T10:18:02","date_gmt":"2023-01-12T10:18:02","guid":{"rendered":"https:\/\/webshop.jazminkert.hu\/?post_type=product&#038;p=155"},"modified":"2025-04-04T12:46:47","modified_gmt":"2025-04-04T12:46:47","slug":"parajdi-soparna-levendulaval","status":"publish","type":"product","link":"https:\/\/webshop.jazminkert.hu\/en\/termek\/parajdi-soparna-levendulaval\/","title":{"rendered":"Parajdi s\u00f3p\u00e1rna levendul\u00e1val"},"content":{"rendered":"<h3><strong>Parajdi s\u00f3p\u00e1rna levendul\u00e1val<\/strong><\/h3>\n<p>Parajdi s\u00f3p\u00e1rna levendul\u00e1val<\/p>\n<p>(parajdi s\u00f3 \u00e9s saj\u00e1t termeszt\u00e9s\u0171 sz\u00e1r\u00edtott levendulavir\u00e1ggal)<\/p>\n<p>M\u00e9ret: 20&#215;20 cm<\/p>\n<p>S\u00faly: 600gr<\/p>\n<p>Anyag: 100% pamut, avatatlan bels\u0151 illetve k\u00fcls\u0151 huzat. K\u00fcls\u0151 huzat k\u00f6nnyen levehet\u0151, moshat\u00f3, cser\u00e9lhet\u0151 .<\/p>\n<p>A parajdi s\u00f3p\u00e1rna mindennapos haszn\u00e1lata cs\u00f6kkentheti a reggeli t\u00fcssz\u00f6g\u00e9st, sz\u00e1raz k\u00f6h\u00f6g\u00e9st, j\u00f3 hat\u00e1ssal lehet az \u00e9jszakai pihen\u00e9sre.<\/p>\n<p>Haszn\u00e1lhatjuk melegen, vagy hidegen.<\/p>\n<p>Megel\u0151z\u00e9s c\u00e9lj\u00e1b\u00f3l, vagy m\u00e1r kialakult betegs\u00e9g t\u00fcneteinek enyh\u00edt\u00e9s\u00e9re. Fels\u0151 l\u00e9g\u00fati megbeteged\u00e9s, allergia eset\u00e9n, tiszt\u00edthatja a l\u00e9gutat, csillap\u00edthatja a k\u00f6h\u00f6g\u00e9st. \u00a0Minden alv\u00e1sn\u00e1l p\u00e1rna helyett, p\u00e1rn\u00e1ra, vagy p\u00e1rna mell\u00e9 helyezve.<\/p>\n<p><strong><em><b><i>Melegen<\/i><\/b><\/em><\/strong>:<\/p>\n<p>&#8211; k\u00f6z\u00e9pf\u00fclgyullad\u00e1s<\/p>\n<p>&#8211; vesef\u00e1jdalmak<\/p>\n<p>&#8211; m\u00e1j-, epe panaszok<\/p>\n<p>&#8211; \u00edz\u00fcleti f\u00e1jdalom<\/p>\n<p>&#8211; h\u00e1tf\u00e1j\u00e1s<\/p>\n<p>&#8211; menstru\u00e1ci\u00f3s f\u00e1jdalom<\/p>\n<p>10-15 percig meleg\u00edtj\u00fck 50-60\u00b0C-os s\u00fct\u0151ben<\/p>\n<p>Mikrohull\u00e1m\u00fa s\u00fct\u0151ben TILOS meleg\u00edteni!<\/p>\n<p>Vigy\u00e1zat!<br \/>\nA t\u00fal meleg s\u00f3p\u00e1rna s\u00e9r\u00fcl\u00e9st okozhat! Mindig ellen\u0151rizz\u00fck a h\u0151m\u00e9rs\u00e9klet\u00e9t, miel\u0151tt a meztelen b\u0151rfel\u00fcletre tenn\u00e9nk!<\/p>\n<p><strong><em><b><i>Hidegen<\/i><\/b><\/em><\/strong><strong><b>:<\/b><\/strong><\/p>\n<p>&#8211; r\u00e1ndul\u00e1s<\/p>\n<p>&#8211; ficam<\/p>\n<p>&#8211; z\u00faz\u00f3d\u00e1s<\/p>\n<p>Helyezz\u00fck 30 percre m\u00e9lyh\u0171t\u0151be, fagyaszt\u00f3ba.<\/p>\n<p><strong><em><b><i>Levendula<\/i><\/b><\/em><\/strong><em><i>\u00a0<\/i><\/em>t\u00f6rt\u00e9nete<\/p>\n<p>A levendula felhaszn\u00e1l\u00e1s\u00e1t el\u0151sz\u00f6r az \u00f3kori g\u00f6r\u00f6g\u00f6kn\u00e9l \u00e9s r\u00f3maiakn\u00e1l dokument\u00e1lt\u00e1k. \u00a0A legt\u00f6bb \u00f3kori \u00e9s k\u00f6z\u00e9pkori szerz\u0151 a levendul\u00e1t gy\u00f3gyn\u00f6v\u00e9nyk\u00e9nt eml\u00edti. Indi\u00e1ban \u00e9s Tibetben is haszn\u00e1lj\u00e1k els\u0151sorban nyugtat\u00f3k\u00e9nt. Haz\u00e1nkban k\u00f6zismert az 1920-as \u00e9vekben Tihanyi-f\u00e9lszigeten telep\u00edtett levendula \u00fcltetv\u00e9ny, de Pannonhalm\u00e1n is termesztik az Ap\u00e1ts\u00e1g gy\u00f3gyn\u00f6v\u00e9nykertj\u00e9ben. Franciaorsz\u00e1gban a levendul\u00e1t a 17. sz\u00e1zadt\u00f3l termesztik az illatszeripar sz\u00e1m\u00e1ra.<\/p>\n<p>A levendula elb\u0171v\u00f6l\u0151 illat\u00fa vir\u00e1g\u00e1nak \u00e9s ill\u00f3olaj\u00e1nak nyugtat\u00f3 \u00e9s izomlaz\u00edt\u00f3 hat\u00e1sa m\u00e1r r\u00e9g\u00f3ta ismert. Ennek k\u00f6sz\u00f6nhet\u0151en gy\u00f3gy\u00edr lehet az \u00e1lmatlans\u00e1gra, jav\u00edthatja a hangulatot, enyh\u00edtheti a depresszi\u00f3t, a szorong\u00e1st.<\/p>\n<p><strong><em><b><i>Parajdi s\u00f3<\/i><\/b><\/em><\/strong>:<\/p>\n<p>A parajdi a vil\u00e1g egyik legeg\u00e9szs\u00e9gesebb \u00e9s legjobb min\u0151s\u00e9g\u0171 s\u00f3ja, amely \u0151stengeri iszaptartalma k\u00f6vetkezt\u00e9ben sz\u00fcrk\u00e9s sz\u00edn\u0171, v\u00e1ltoz\u00f3 szemcsem\u00e9ret\u0171. \u00d6sszesen 84-f\u00e9le nyomelemet \u00e9s \u00e1sv\u00e1nyi anyagot tartalmaz. A parajdi s\u00f3nak k\u00f6r\u00fclbel\u00fcl 97%-a n\u00e1trium-klorid, a l\u00e9nyeg azonban a marad\u00e9k 3%-ban van: az \u00e9lethez n\u00e9lk\u00fcl\u00f6zhetetlen \u00e1sv\u00e1nyi anyagok \u00e9s nyomelemek teszik ki, amelyek sz\u00e1mos pozit\u00edv hat\u00e1ssal b\u00edrnak.<\/p>\n<p>A parajdi \u00e9tkez\u00e9si s\u00f3nak k\u00f6r\u00fclbel\u00fcl 1,2%-a v\u00edzben oldhatatlan iszap, amely a t\u00f6bb t\u00edzmilli\u00f3 \u00e9ve kisz\u00e1radt \u0151s\u00f3ce\u00e1nb\u00f3l sz\u00e1rmazik, nyugodtan elfogyaszthat\u00f3, b\u0151r\u00e1pol\u00e1sra pedig egyenesen kiv\u00e1l\u00f3, haszn\u00e1lj\u00e1k is kozmetikumokban.\u00a0Kalciumot, magn\u00e9ziumot, k\u00e1liumot \u00e9s m\u00e9g sz\u00e1mos az eg\u00e9szs\u00e9g meg\u0151rz\u00e9s\u00e9hez n\u00e9lk\u00fcl\u00f6zhetetlen anyagot tartalmaz ez a hihetetlen\u00fcl tiszta \u00e9s j\u00f3 min\u0151s\u00e9g\u0171 s\u00f3.<\/p>\n<p>A parajdi s\u00f3 teh\u00e1t sz\u00e1mos eg\u00e9szs\u00e9ges \u00e1sv\u00e1nyi anyagot, nyomelemet, s\u0151t \u0151s\u00f3ce\u00e1ni olajesszenci\u00e1kat is tartalmaz. Enn\u00e9l is fontosabb azonban tal\u00e1n az, hogy mit nem tartalmaz. Nem tartalmaz adal\u00e9kanyagokat.\u00a0A parajdi s\u00f3t a 18. sz\u00e1zad \u00f3ta gyakorlatilag azonos technol\u00f3gi\u00e1val, hagyom\u00e1nyos m\u00f3dszerrel, k\u00e9zi er\u0151vel, f\u00e9m szersz\u00e1mok haszn\u00e1lata n\u00e9lk\u00fcl, fa\u00e9kekkel b\u00e1ny\u00e1ssz\u00e1k. A darabol\u00e1s \u00e9s apr\u00edt\u00e1s szint\u00e9n k\u00e9zzel t\u00f6rt\u00e9nik, k\u00e9miai elj\u00e1r\u00e1sok \u00e9s adal\u00e9kanyagok n\u00e9lk\u00fcl.<\/p>\n<p>Gy\u00e1rtja \u00e9s Forgalmazza: J\u00e1zminKert, KASZ-KER Kft. 8042 Moha, F\u0151 utca 102.<\/p>\n<p>Sz\u00e1rmaz\u00e1s: Magyarorsz\u00e1g<\/p>\n<p>&nbsp;<\/p>\n<p>&nbsp;<\/p>\n","protected":false},"excerpt":{"rendered":"<p>A parajdi s\u00f3p\u00e1rna mindennapos haszn\u00e1lata cs\u00f6kkentheti a reggeli t\u00fcssz\u00f6g\u00e9st, sz\u00e1raz k\u00f6h\u00f6g\u00e9st, j\u00f3 hat\u00e1ssal lehet az \u00e9jszakai pihen\u00e9sre. Haszn\u00e1lhatjuk melegen, vagy hidegen. Megel\u0151z\u00e9s c\u00e9lj\u00e1b\u00f3l, vagy m\u00e1r kialakult betegs\u00e9g t\u00fcneteinek enyh\u00edt\u00e9s\u00e9re. Fels\u0151 l\u00e9g\u00fati megbeteged\u00e9s, allergia eset\u00e9n, tiszt\u00edthatja a l\u00e9gutat, csillap\u00edthatja a k\u00f6h\u00f6g\u00e9st. \u00a0Minden alv\u00e1sn\u00e1l p\u00e1rna helyett, p\u00e1rn\u00e1ra, vagy p\u00e1rna mell\u00e9 helyezve.<\/p>\n","protected":false},"featured_media":361,"template":"","meta":[],"product_brand":[],"product_cat":[40],"product_tag":[39,55,37,50,29,38,34,54,35,32,28,36,49,51,27,26,33,56],"class_list":{"0":"post-155","1":"product","2":"type-product","3":"status-publish","4":"has-post-thumbnail","6":"product_cat-parajdi-soparna","7":"product_tag-arcureggyulladas","8":"product_tag-ficam","9":"product_tag-fogfajas","10":"product_tag-hasfajas","11":"product_tag-hatfajas","12":"product_tag-huzodas","13":"product_tag-illoolaj","14":"product_tag-jazminkert","15":"product_tag-kohoges","16":"product_tag-kozepfulgyulladas","17":"product_tag-levendula","18":"product_tag-megfazas","19":"product_tag-menstruacios-fajdalom","20":"product_tag-nyugodt-alvas","21":"product_tag-parajdi-so","22":"product_tag-parna","23":"product_tag-soparna","24":"product_tag-zuzodas","26":"first","27":"instock","28":"taxable","29":"shipping-taxable","30":"purchasable","31":"product-type-variable"},"yoast_head":"<!-- This site is optimized with the Yoast SEO plugin v27.4 - https:\/\/yoast.com\/product\/yoast-seo-wordpress\/ -->\n<title>Parajdi s\u00f3p\u00e1rna levendul\u00e1val<\/title>\n<meta name=\"description\" content=\"Parajdi s\u00f3p\u00e1rna levendul\u00e1val (parajdi s\u00f3 \u00e9s saj\u00e1t termeszt\u00e9s\u0171 sz\u00e1r\u00edtott levendulavir\u00e1ggal)\" \/>\n<meta name=\"robots\" content=\"index, follow, max-snippet:-1, max-image-preview:large, max-video-preview:-1\" \/>\n<link rel=\"canonical\" href=\"https:\/\/webshop.jazminkert.hu\/en\/termek\/parajdi-soparna-levendulaval\/\" \/>\n<meta property=\"og:locale\" content=\"en_US\" \/>\n<meta property=\"og:locale:alternate\" content=\"hu_HU\" \/>\n<meta property=\"og:type\" content=\"article\" \/>\n<meta property=\"og:title\" content=\"Parajdi s\u00f3p\u00e1rna levendul\u00e1val\" \/>\n<meta property=\"og:description\" content=\"Parajdi s\u00f3p\u00e1rna levendul\u00e1val (parajdi s\u00f3 \u00e9s saj\u00e1t termeszt\u00e9s\u0171 sz\u00e1r\u00edtott levendulavir\u00e1ggal)\" \/>\n<meta property=\"og:url\" content=\"https:\/\/webshop.jazminkert.hu\/en\/termek\/parajdi-soparna-levendulaval\/\" \/>\n<meta property=\"og:site_name\" content=\"J\u00e1zmin kert\" \/>\n<meta property=\"article:publisher\" content=\"https:\/\/www.facebook.com\/groups\/2773731042866203\/\" \/>\n<meta property=\"article:modified_time\" content=\"2025-04-04T12:46:47+00:00\" \/>\n<meta property=\"og:image\" content=\"https:\/\/webshop.jazminkert.hu\/wp-content\/uploads\/2023\/01\/20230119_164326-1.jpg\" \/>\n\t<meta property=\"og:image:width\" content=\"2364\" \/>\n\t<meta property=\"og:image:height\" content=\"1773\" \/>\n\t<meta property=\"og:image:type\" content=\"image\/jpeg\" \/>\n<meta name=\"twitter:card\" content=\"summary_large_image\" \/>\n<meta name=\"twitter:label1\" content=\"Est. reading time\" \/>\n\t<meta name=\"twitter:data1\" content=\"3 minutes\" \/>\n<script type=\"application\/ld+json\" class=\"yoast-schema-graph\">{\"@context\":\"https:\\\/\\\/schema.org\",\"@graph\":[{\"@type\":\"WebPage\",\"@id\":\"https:\\\/\\\/webshop.jazminkert.hu\\\/termek\\\/parajdi-soparna-levendulaval\\\/\",\"url\":\"https:\\\/\\\/webshop.jazminkert.hu\\\/termek\\\/parajdi-soparna-levendulaval\\\/\",\"name\":\"Parajdi s\u00f3p\u00e1rna levendul\u00e1val\",\"isPartOf\":{\"@id\":\"https:\\\/\\\/webshop.jazminkert.hu\\\/#website\"},\"primaryImageOfPage\":{\"@id\":\"https:\\\/\\\/webshop.jazminkert.hu\\\/termek\\\/parajdi-soparna-levendulaval\\\/#primaryimage\"},\"image\":{\"@id\":\"https:\\\/\\\/webshop.jazminkert.hu\\\/termek\\\/parajdi-soparna-levendulaval\\\/#primaryimage\"},\"thumbnailUrl\":\"https:\\\/\\\/webshop.jazminkert.hu\\\/wp-content\\\/uploads\\\/2023\\\/01\\\/20230119_164326-1.jpg\",\"datePublished\":\"2023-01-12T10:18:02+00:00\",\"dateModified\":\"2025-04-04T12:46:47+00:00\",\"description\":\"Parajdi s\u00f3p\u00e1rna levendul\u00e1val (parajdi s\u00f3 \u00e9s saj\u00e1t termeszt\u00e9s\u0171 sz\u00e1r\u00edtott levendulavir\u00e1ggal)\",\"breadcrumb\":{\"@id\":\"https:\\\/\\\/webshop.jazminkert.hu\\\/termek\\\/parajdi-soparna-levendulaval\\\/#breadcrumb\"},\"inLanguage\":\"en-US\",\"potentialAction\":[{\"@type\":\"ReadAction\",\"target\":[\"https:\\\/\\\/webshop.jazminkert.hu\\\/termek\\\/parajdi-soparna-levendulaval\\\/\"]}]},{\"@type\":\"ImageObject\",\"inLanguage\":\"en-US\",\"@id\":\"https:\\\/\\\/webshop.jazminkert.hu\\\/termek\\\/parajdi-soparna-levendulaval\\\/#primaryimage\",\"url\":\"https:\\\/\\\/webshop.jazminkert.hu\\\/wp-content\\\/uploads\\\/2023\\\/01\\\/20230119_164326-1.jpg\",\"contentUrl\":\"https:\\\/\\\/webshop.jazminkert.hu\\\/wp-content\\\/uploads\\\/2023\\\/01\\\/20230119_164326-1.jpg\",\"width\":2364,\"height\":1773,\"caption\":\"parajdi s\u00f3p\u00e1rna gy\u00f3gyn\u00f6v\u00e9nnyel, levendul\u00e1val\"},{\"@type\":\"BreadcrumbList\",\"@id\":\"https:\\\/\\\/webshop.jazminkert.hu\\\/termek\\\/parajdi-soparna-levendulaval\\\/#breadcrumb\",\"itemListElement\":[{\"@type\":\"ListItem\",\"position\":1,\"name\":\"Kezd\u0151lap\",\"item\":\"https:\\\/\\\/webshop.jazminkert.hu\\\/\"},{\"@type\":\"ListItem\",\"position\":2,\"name\":\"Gy\u00f3gyn\u00f6v\u00e9nyes term\u00e9keink t\u00f6nk\u00f6lypelyv\u00e1val\",\"item\":\"https:\\\/\\\/webshop.jazminkert.hu\\\/\"},{\"@type\":\"ListItem\",\"position\":3,\"name\":\"Parajdi s\u00f3p\u00e1rna levendul\u00e1val\"}]},{\"@type\":\"WebSite\",\"@id\":\"https:\\\/\\\/webshop.jazminkert.hu\\\/#website\",\"url\":\"https:\\\/\\\/webshop.jazminkert.hu\\\/\",\"name\":\"J\u00e1zmin kert\",\"description\":\"Kert\u00e9p\u00edt\u00e9s, kert-fenntart\u00e1s, d\u00edszn\u00f6v\u00e9nytermeszt\u00e9s, m\u00e1r t\u00f6bb mint 10 \u00e9ve\",\"publisher\":{\"@id\":\"https:\\\/\\\/webshop.jazminkert.hu\\\/#organization\"},\"potentialAction\":[{\"@type\":\"SearchAction\",\"target\":{\"@type\":\"EntryPoint\",\"urlTemplate\":\"https:\\\/\\\/webshop.jazminkert.hu\\\/?s={search_term_string}\"},\"query-input\":{\"@type\":\"PropertyValueSpecification\",\"valueRequired\":true,\"valueName\":\"search_term_string\"}}],\"inLanguage\":\"en-US\"},{\"@type\":\"Organization\",\"@id\":\"https:\\\/\\\/webshop.jazminkert.hu\\\/#organization\",\"name\":\"J\u00e1zmin kert\",\"url\":\"https:\\\/\\\/webshop.jazminkert.hu\\\/\",\"logo\":{\"@type\":\"ImageObject\",\"inLanguage\":\"en-US\",\"@id\":\"https:\\\/\\\/webshop.jazminkert.hu\\\/#\\\/schema\\\/logo\\\/image\\\/\",\"url\":\"https:\\\/\\\/webshop.jazminkert.hu\\\/wp-content\\\/uploads\\\/2022\\\/04\\\/cropped-logo.png\",\"contentUrl\":\"https:\\\/\\\/webshop.jazminkert.hu\\\/wp-content\\\/uploads\\\/2022\\\/04\\\/cropped-logo.png\",\"width\":533,\"height\":200,\"caption\":\"J\u00e1zmin kert\"},\"image\":{\"@id\":\"https:\\\/\\\/webshop.jazminkert.hu\\\/#\\\/schema\\\/logo\\\/image\\\/\"},\"sameAs\":[\"https:\\\/\\\/www.facebook.com\\\/groups\\\/2773731042866203\\\/\"]}]}<\/script>\n<!-- \/ Yoast SEO plugin. -->","yoast_head_json":{"title":"Parajdi s\u00f3p\u00e1rna levendul\u00e1val","description":"Parajdi s\u00f3p\u00e1rna levendul\u00e1val (parajdi s\u00f3 \u00e9s saj\u00e1t termeszt\u00e9s\u0171 sz\u00e1r\u00edtott levendulavir\u00e1ggal)","robots":{"index":"index","follow":"follow","max-snippet":"max-snippet:-1","max-image-preview":"max-image-preview:large","max-video-preview":"max-video-preview:-1"},"canonical":"https:\/\/webshop.jazminkert.hu\/en\/termek\/parajdi-soparna-levendulaval\/","og_locale":"en_US","og_type":"article","og_title":"[:hu]Parajdi s\u00f3p\u00e1rna levendul\u00e1val[:] - J\u00e1zmin kert","og_description":"Parajdi s\u00f3p\u00e1rna levendul\u00e1val (parajdi s\u00f3 \u00e9s saj\u00e1t termeszt\u00e9s\u0171 sz\u00e1r\u00edtott levendulavir\u00e1ggal)","og_url":"https:\/\/webshop.jazminkert.hu\/en\/termek\/parajdi-soparna-levendulaval\/","og_site_name":"J\u00e1zmin kert","article_publisher":"https:\/\/www.facebook.com\/groups\/2773731042866203\/","article_modified_time":"2025-04-04T12:46:47+00:00","og_image":[{"width":2364,"height":1773,"url":"https:\/\/webshop.jazminkert.hu\/wp-content\/uploads\/2023\/01\/20230119_164326-1.jpg","type":"image\/jpeg"}],"twitter_card":"summary_large_image","twitter_misc":{"Est. reading time":"3 minutes"},"schema":{"@context":"https:\/\/schema.org","@graph":[{"@type":"WebPage","@id":"https:\/\/webshop.jazminkert.hu\/termek\/parajdi-soparna-levendulaval\/","url":"https:\/\/webshop.jazminkert.hu\/termek\/parajdi-soparna-levendulaval\/","name":"Parajdi s\u00f3p\u00e1rna levendul\u00e1val","isPartOf":{"@id":"https:\/\/webshop.jazminkert.hu\/#website"},"primaryImageOfPage":{"@id":"https:\/\/webshop.jazminkert.hu\/termek\/parajdi-soparna-levendulaval\/#primaryimage"},"image":{"@id":"https:\/\/webshop.jazminkert.hu\/termek\/parajdi-soparna-levendulaval\/#primaryimage"},"thumbnailUrl":"https:\/\/webshop.jazminkert.hu\/wp-content\/uploads\/2023\/01\/20230119_164326-1.jpg","datePublished":"2023-01-12T10:18:02+00:00","dateModified":"2025-04-04T12:46:47+00:00","description":"Parajdi s\u00f3p\u00e1rna levendul\u00e1val (parajdi s\u00f3 \u00e9s saj\u00e1t termeszt\u00e9s\u0171 sz\u00e1r\u00edtott levendulavir\u00e1ggal)","breadcrumb":{"@id":"https:\/\/webshop.jazminkert.hu\/termek\/parajdi-soparna-levendulaval\/#breadcrumb"},"inLanguage":"en-US","potentialAction":[{"@type":"ReadAction","target":["https:\/\/webshop.jazminkert.hu\/termek\/parajdi-soparna-levendulaval\/"]}]},{"@type":"ImageObject","inLanguage":"en-US","@id":"https:\/\/webshop.jazminkert.hu\/termek\/parajdi-soparna-levendulaval\/#primaryimage","url":"https:\/\/webshop.jazminkert.hu\/wp-content\/uploads\/2023\/01\/20230119_164326-1.jpg","contentUrl":"https:\/\/webshop.jazminkert.hu\/wp-content\/uploads\/2023\/01\/20230119_164326-1.jpg","width":2364,"height":1773,"caption":"parajdi s\u00f3p\u00e1rna gy\u00f3gyn\u00f6v\u00e9nnyel, levendul\u00e1val"},{"@type":"BreadcrumbList","@id":"https:\/\/webshop.jazminkert.hu\/termek\/parajdi-soparna-levendulaval\/#breadcrumb","itemListElement":[{"@type":"ListItem","position":1,"name":"Kezd\u0151lap","item":"https:\/\/webshop.jazminkert.hu\/"},{"@type":"ListItem","position":2,"name":"Gy\u00f3gyn\u00f6v\u00e9nyes term\u00e9keink t\u00f6nk\u00f6lypelyv\u00e1val","item":"https:\/\/webshop.jazminkert.hu\/"},{"@type":"ListItem","position":3,"name":"Parajdi s\u00f3p\u00e1rna levendul\u00e1val"}]},{"@type":"WebSite","@id":"https:\/\/webshop.jazminkert.hu\/#website","url":"https:\/\/webshop.jazminkert.hu\/","name":"J\u00e1zmin kert","description":"Kert\u00e9p\u00edt\u00e9s, kert-fenntart\u00e1s, d\u00edszn\u00f6v\u00e9nytermeszt\u00e9s, m\u00e1r t\u00f6bb mint 10 \u00e9ve","publisher":{"@id":"https:\/\/webshop.jazminkert.hu\/#organization"},"potentialAction":[{"@type":"SearchAction","target":{"@type":"EntryPoint","urlTemplate":"https:\/\/webshop.jazminkert.hu\/?s={search_term_string}"},"query-input":{"@type":"PropertyValueSpecification","valueRequired":true,"valueName":"search_term_string"}}],"inLanguage":"en-US"},{"@type":"Organization","@id":"https:\/\/webshop.jazminkert.hu\/#organization","name":"J\u00e1zmin kert","url":"https:\/\/webshop.jazminkert.hu\/","logo":{"@type":"ImageObject","inLanguage":"en-US","@id":"https:\/\/webshop.jazminkert.hu\/#\/schema\/logo\/image\/","url":"https:\/\/webshop.jazminkert.hu\/wp-content\/uploads\/2022\/04\/cropped-logo.png","contentUrl":"https:\/\/webshop.jazminkert.hu\/wp-content\/uploads\/2022\/04\/cropped-logo.png","width":533,"height":200,"caption":"J\u00e1zmin kert"},"image":{"@id":"https:\/\/webshop.jazminkert.hu\/#\/schema\/logo\/image\/"},"sameAs":["https:\/\/www.facebook.com\/groups\/2773731042866203\/"]}]}},"jetpack_sharing_enabled":true,"_links":{"self":[{"href":"https:\/\/webshop.jazminkert.hu\/en\/wp-json\/wp\/v2\/product\/155","targetHints":{"allow":["GET"]}}],"collection":[{"href":"https:\/\/webshop.jazminkert.hu\/en\/wp-json\/wp\/v2\/product"}],"about":[{"href":"https:\/\/webshop.jazminkert.hu\/en\/wp-json\/wp\/v2\/types\/product"}],"wp:featuredmedia":[{"embeddable":true,"href":"https:\/\/webshop.jazminkert.hu\/en\/wp-json\/wp\/v2\/media\/361"}],"wp:attachment":[{"href":"https:\/\/webshop.jazminkert.hu\/en\/wp-json\/wp\/v2\/media?parent=155"}],"wp:term":[{"taxonomy":"product_brand","embeddable":true,"href":"https:\/\/webshop.jazminkert.hu\/en\/wp-json\/wp\/v2\/product_brand?post=155"},{"taxonomy":"product_cat","embeddable":true,"href":"https:\/\/webshop.jazminkert.hu\/en\/wp-json\/wp\/v2\/product_cat?post=155"},{"taxonomy":"product_tag","embeddable":true,"href":"https:\/\/webshop.jazminkert.hu\/en\/wp-json\/wp\/v2\/product_tag?post=155"}],"curies":[{"name":"wp","href":"https:\/\/api.w.org\/{rel}","templated":true}]}}