{"id":151,"date":"2022-12-18T17:32:04","date_gmt":"2022-12-18T17:32:04","guid":{"rendered":"https:\/\/webshop.jazminkert.hu\/?page_id=151"},"modified":"2022-12-18T17:32:06","modified_gmt":"2022-12-18T17:32:06","slug":"koszonjuk-hirlevel","status":"publish","type":"page","link":"https:\/\/webshop.jazminkert.hu\/en\/koszonjuk-hirlevel\/","title":{"rendered":"K\u00f6sz\u00f6nj\u00fck, hogy feliratkozt\u00e1l h\u00edrlevel\u00fcnkre!"},"content":{"rendered":"\n<p>Hamarosan \u00fajdons\u00e1gok \u00e9s akci\u00f3kat kapsz t\u0151l\u00fcnk emailben.<\/p>\n\n\n\n<p>Ha m\u00e1r itt vagy, n\u00e9zz sz\u00e9t term\u00e9keink k\u00f6z\u00f6tt!<\/p>\n\n\n","protected":false},"excerpt":{"rendered":"<p>Hamarosan \u00fajdons\u00e1gok \u00e9s akci\u00f3kat kapsz t\u0151l\u00fcnk emailben. Ha m\u00e1r itt vagy, n\u00e9zz sz\u00e9t term\u00e9keink k\u00f6z\u00f6tt!<\/p>\n","protected":false},"author":1,"featured_media":0,"parent":0,"menu_order":0,"comment_status":"closed","ping_status":"closed","template":"","meta":{"footnotes":""},"class_list":["post-151","page","type-page","status-publish","hentry"],"yoast_head":"<!-- This site is optimized with the Yoast SEO plugin v27.4 - https:\/\/yoast.com\/product\/yoast-seo-wordpress\/ -->\n<title>K\u00f6sz\u00f6nj\u00fck, hogy feliratkozt\u00e1l h\u00edrlevel\u00fcnkre!<\/title>\n<meta name=\"robots\" content=\"index, follow, max-snippet:-1, max-image-preview:large, max-video-preview:-1\" \/>\n<link rel=\"canonical\" href=\"https:\/\/webshop.jazminkert.hu\/en\/koszonjuk-hirlevel\/\" \/>\n<meta property=\"og:locale\" content=\"en_US\" \/>\n<meta property=\"og:locale:alternate\" content=\"hu_HU\" \/>\n<meta property=\"og:type\" content=\"article\" \/>\n<meta property=\"og:title\" content=\"K\u00f6sz\u00f6nj\u00fck, hogy feliratkozt\u00e1l h\u00edrlevel\u00fcnkre!\" \/>\n<meta property=\"og:description\" content=\"Hamarosan \u00fajdons\u00e1gok \u00e9s akci\u00f3kat kapsz t\u0151l\u00fcnk emailben. Ha m\u00e1r itt vagy, n\u00e9zz sz\u00e9t term\u00e9keink k\u00f6z\u00f6tt!\" \/>\n<meta property=\"og:url\" content=\"https:\/\/webshop.jazminkert.hu\/en\/koszonjuk-hirlevel\/\" \/>\n<meta property=\"og:site_name\" content=\"J\u00e1zmin kert\" \/>\n<meta property=\"article:publisher\" content=\"https:\/\/www.facebook.com\/groups\/2773731042866203\/\" \/>\n<meta property=\"article:modified_time\" content=\"2022-12-18T17:32:06+00:00\" \/>\n<meta name=\"twitter:card\" content=\"summary_large_image\" \/>\n<script type=\"application\/ld+json\" class=\"yoast-schema-graph\">{\"@context\":\"https:\\\/\\\/schema.org\",\"@graph\":[{\"@type\":\"WebPage\",\"@id\":\"https:\\\/\\\/webshop.jazminkert.hu\\\/koszonjuk-hirlevel\\\/\",\"url\":\"https:\\\/\\\/webshop.jazminkert.hu\\\/koszonjuk-hirlevel\\\/\",\"name\":\"K\u00f6sz\u00f6nj\u00fck, hogy feliratkozt\u00e1l h\u00edrlevel\u00fcnkre!\",\"isPartOf\":{\"@id\":\"https:\\\/\\\/webshop.jazminkert.hu\\\/#website\"},\"datePublished\":\"2022-12-18T17:32:04+00:00\",\"dateModified\":\"2022-12-18T17:32:06+00:00\",\"breadcrumb\":{\"@id\":\"https:\\\/\\\/webshop.jazminkert.hu\\\/koszonjuk-hirlevel\\\/#breadcrumb\"},\"inLanguage\":\"en-US\",\"potentialAction\":[{\"@type\":\"ReadAction\",\"target\":[\"https:\\\/\\\/webshop.jazminkert.hu\\\/koszonjuk-hirlevel\\\/\"]}]},{\"@type\":\"BreadcrumbList\",\"@id\":\"https:\\\/\\\/webshop.jazminkert.hu\\\/koszonjuk-hirlevel\\\/#breadcrumb\",\"itemListElement\":[{\"@type\":\"ListItem\",\"position\":1,\"name\":\"Kezd\u0151lap\",\"item\":\"https:\\\/\\\/webshop.jazminkert.hu\\\/\"},{\"@type\":\"ListItem\",\"position\":2,\"name\":\"K\u00f6sz\u00f6nj\u00fck, hogy feliratkozt\u00e1l h\u00edrlevel\u00fcnkre!\"}]},{\"@type\":\"WebSite\",\"@id\":\"https:\\\/\\\/webshop.jazminkert.hu\\\/#website\",\"url\":\"https:\\\/\\\/webshop.jazminkert.hu\\\/\",\"name\":\"J\u00e1zmin kert\",\"description\":\"Kert\u00e9p\u00edt\u00e9s, kert-fenntart\u00e1s, d\u00edszn\u00f6v\u00e9nytermeszt\u00e9s, m\u00e1r t\u00f6bb mint 10 \u00e9ve\",\"publisher\":{\"@id\":\"https:\\\/\\\/webshop.jazminkert.hu\\\/#organization\"},\"potentialAction\":[{\"@type\":\"SearchAction\",\"target\":{\"@type\":\"EntryPoint\",\"urlTemplate\":\"https:\\\/\\\/webshop.jazminkert.hu\\\/?s={search_term_string}\"},\"query-input\":{\"@type\":\"PropertyValueSpecification\",\"valueRequired\":true,\"valueName\":\"search_term_string\"}}],\"inLanguage\":\"en-US\"},{\"@type\":\"Organization\",\"@id\":\"https:\\\/\\\/webshop.jazminkert.hu\\\/#organization\",\"name\":\"J\u00e1zmin kert\",\"url\":\"https:\\\/\\\/webshop.jazminkert.hu\\\/\",\"logo\":{\"@type\":\"ImageObject\",\"inLanguage\":\"en-US\",\"@id\":\"https:\\\/\\\/webshop.jazminkert.hu\\\/#\\\/schema\\\/logo\\\/image\\\/\",\"url\":\"https:\\\/\\\/webshop.jazminkert.hu\\\/wp-content\\\/uploads\\\/2022\\\/04\\\/cropped-logo.png\",\"contentUrl\":\"https:\\\/\\\/webshop.jazminkert.hu\\\/wp-content\\\/uploads\\\/2022\\\/04\\\/cropped-logo.png\",\"width\":533,\"height\":200,\"caption\":\"J\u00e1zmin kert\"},\"image\":{\"@id\":\"https:\\\/\\\/webshop.jazminkert.hu\\\/#\\\/schema\\\/logo\\\/image\\\/\"},\"sameAs\":[\"https:\\\/\\\/www.facebook.com\\\/groups\\\/2773731042866203\\\/\"]}]}<\/script>\n<!-- \/ Yoast SEO plugin. -->","yoast_head_json":{"title":"K\u00f6sz\u00f6nj\u00fck, hogy feliratkozt\u00e1l h\u00edrlevel\u00fcnkre!","robots":{"index":"index","follow":"follow","max-snippet":"max-snippet:-1","max-image-preview":"max-image-preview:large","max-video-preview":"max-video-preview:-1"},"canonical":"https:\/\/webshop.jazminkert.hu\/en\/koszonjuk-hirlevel\/","og_locale":"en_US","og_type":"article","og_title":"[:hu]K\u00f6sz\u00f6nj\u00fck, hogy feliratkozt\u00e1l h\u00edrlevel\u00fcnkre![:] - J\u00e1zmin kert","og_description":"Hamarosan \u00fajdons\u00e1gok \u00e9s akci\u00f3kat kapsz t\u0151l\u00fcnk emailben. Ha m\u00e1r itt vagy, n\u00e9zz sz\u00e9t term\u00e9keink k\u00f6z\u00f6tt!","og_url":"https:\/\/webshop.jazminkert.hu\/en\/koszonjuk-hirlevel\/","og_site_name":"J\u00e1zmin kert","article_publisher":"https:\/\/www.facebook.com\/groups\/2773731042866203\/","article_modified_time":"2022-12-18T17:32:06+00:00","twitter_card":"summary_large_image","schema":{"@context":"https:\/\/schema.org","@graph":[{"@type":"WebPage","@id":"https:\/\/webshop.jazminkert.hu\/koszonjuk-hirlevel\/","url":"https:\/\/webshop.jazminkert.hu\/koszonjuk-hirlevel\/","name":"K\u00f6sz\u00f6nj\u00fck, hogy feliratkozt\u00e1l h\u00edrlevel\u00fcnkre!","isPartOf":{"@id":"https:\/\/webshop.jazminkert.hu\/#website"},"datePublished":"2022-12-18T17:32:04+00:00","dateModified":"2022-12-18T17:32:06+00:00","breadcrumb":{"@id":"https:\/\/webshop.jazminkert.hu\/koszonjuk-hirlevel\/#breadcrumb"},"inLanguage":"en-US","potentialAction":[{"@type":"ReadAction","target":["https:\/\/webshop.jazminkert.hu\/koszonjuk-hirlevel\/"]}]},{"@type":"BreadcrumbList","@id":"https:\/\/webshop.jazminkert.hu\/koszonjuk-hirlevel\/#breadcrumb","itemListElement":[{"@type":"ListItem","position":1,"name":"Kezd\u0151lap","item":"https:\/\/webshop.jazminkert.hu\/"},{"@type":"ListItem","position":2,"name":"K\u00f6sz\u00f6nj\u00fck, hogy feliratkozt\u00e1l h\u00edrlevel\u00fcnkre!"}]},{"@type":"WebSite","@id":"https:\/\/webshop.jazminkert.hu\/#website","url":"https:\/\/webshop.jazminkert.hu\/","name":"J\u00e1zmin kert","description":"Kert\u00e9p\u00edt\u00e9s, kert-fenntart\u00e1s, d\u00edszn\u00f6v\u00e9nytermeszt\u00e9s, m\u00e1r t\u00f6bb mint 10 \u00e9ve","publisher":{"@id":"https:\/\/webshop.jazminkert.hu\/#organization"},"potentialAction":[{"@type":"SearchAction","target":{"@type":"EntryPoint","urlTemplate":"https:\/\/webshop.jazminkert.hu\/?s={search_term_string}"},"query-input":{"@type":"PropertyValueSpecification","valueRequired":true,"valueName":"search_term_string"}}],"inLanguage":"en-US"},{"@type":"Organization","@id":"https:\/\/webshop.jazminkert.hu\/#organization","name":"J\u00e1zmin kert","url":"https:\/\/webshop.jazminkert.hu\/","logo":{"@type":"ImageObject","inLanguage":"en-US","@id":"https:\/\/webshop.jazminkert.hu\/#\/schema\/logo\/image\/","url":"https:\/\/webshop.jazminkert.hu\/wp-content\/uploads\/2022\/04\/cropped-logo.png","contentUrl":"https:\/\/webshop.jazminkert.hu\/wp-content\/uploads\/2022\/04\/cropped-logo.png","width":533,"height":200,"caption":"J\u00e1zmin kert"},"image":{"@id":"https:\/\/webshop.jazminkert.hu\/#\/schema\/logo\/image\/"},"sameAs":["https:\/\/www.facebook.com\/groups\/2773731042866203\/"]}]}},"jetpack_sharing_enabled":true,"_links":{"self":[{"href":"https:\/\/webshop.jazminkert.hu\/en\/wp-json\/wp\/v2\/pages\/151","targetHints":{"allow":["GET"]}}],"collection":[{"href":"https:\/\/webshop.jazminkert.hu\/en\/wp-json\/wp\/v2\/pages"}],"about":[{"href":"https:\/\/webshop.jazminkert.hu\/en\/wp-json\/wp\/v2\/types\/page"}],"author":[{"embeddable":true,"href":"https:\/\/webshop.jazminkert.hu\/en\/wp-json\/wp\/v2\/users\/1"}],"replies":[{"embeddable":true,"href":"https:\/\/webshop.jazminkert.hu\/en\/wp-json\/wp\/v2\/comments?post=151"}],"version-history":[{"count":1,"href":"https:\/\/webshop.jazminkert.hu\/en\/wp-json\/wp\/v2\/pages\/151\/revisions"}],"predecessor-version":[{"id":152,"href":"https:\/\/webshop.jazminkert.hu\/en\/wp-json\/wp\/v2\/pages\/151\/revisions\/152"}],"wp:attachment":[{"href":"https:\/\/webshop.jazminkert.hu\/en\/wp-json\/wp\/v2\/media?parent=151"}],"curies":[{"name":"wp","href":"https:\/\/api.w.org\/{rel}","templated":true}]}}