{"id":12,"date":"2022-12-17T08:05:15","date_gmt":"2022-12-17T08:05:15","guid":{"rendered":"https:\/\/webshop.jazminkert.hu\/?page_id=12"},"modified":"2025-01-07T10:36:44","modified_gmt":"2025-01-07T10:36:44","slug":"fizetes_szallitas","status":"publish","type":"page","link":"https:\/\/webshop.jazminkert.hu\/en\/fizetes_szallitas\/","title":{"rendered":"FIZET\u00c9S, SZ\u00c1LL\u00cdT\u00c1S"},"content":{"rendered":"\n<p><\/p>\n\n\n\n<p><br><strong>Rendel\u00e9s menete<\/strong><br>Felhaszn\u00e1l\u00f3 a regisztr\u00e1ci\u00f3 vagy az adatai megad\u00e1s\u00e1t k\u00f6vet\u0151en bejelentkezik a webshopba \u00e9s<br>megkezdheti a v\u00e1s\u00e1rl\u00e1st.<\/p>\n\n\n\n<p><br>Felhaszn\u00e1l\u00f3 a megv\u00e1s\u00e1rolni k\u00edv\u00e1nt term\u00e9k, term\u00e9kek sz\u00edn\u00e9t \u00e9s darabsz\u00e1m\u00e1t be\u00e1ll\u00edtja.<br><\/p>\n\n\n\n<p>Felhaszn\u00e1l\u00f3 kos\u00e1rba helyezi a kiv\u00e1lasztott term\u00e9keket. Felhaszn\u00e1l\u00f3 b\u00e1rmikor megtekintheti a kos\u00e1r<br>tartalm\u00e1t a \u201ekos\u00e1r\u201d ikonra kattintva.<br><\/p>\n\n\n\n<p>Amennyiben Felhaszn\u00e1l\u00f3 tov\u00e1bbi term\u00e9ket szeretne kos\u00e1rba helyezni, folytatja a v\u00e1s\u00e1rl\u00e1st. Ha nem<br>szeretne tov\u00e1bbi term\u00e9ket v\u00e1s\u00e1rolni, ellen\u0151rzi a megv\u00e1s\u00e1rolni k\u00edv\u00e1nt term\u00e9k darabsz\u00e1m\u00e1t. A \u201et\u00f6rl\u00e9s \u2013<br>X\u201d ikonra kattintva t\u00f6r\u00f6lheti a kos\u00e1r tartalm\u00e1t. Mennyis\u00e9g v\u00e9gleges\u00edt\u00e9s\u00e9hez a \u201ekos\u00e1r friss\u00edt\u00e9se\u201d<br>gombra kattint Felhaszn\u00e1l\u00f3.<br><\/p>\n\n\n\n<p>Felhaszn\u00e1l\u00f3 kiv\u00e1lasztja a sz\u00e1ll\u00edt\u00e1si c\u00edmet, majd a sz\u00e1ll\u00edt\u00e1si\/fizet\u00e9si m\u00f3dot, melynek t\u00edpusai a<br>k\u00f6vetkez\u0151k:<br><\/p>\n\n\n\n<p><strong>Fizet\u00e9si m\u00f3dok:<\/strong><\/p>\n\n\n\n<p><br>Szem\u00e9lyes \u00e1tv\u00e9tel:&nbsp;K\u00e9szp\u00e9nzben&nbsp;a Szolg\u00e1ltat\u00f3 \u00e1ltal megjel\u00f6lt helyen t\u00f6rt\u00e9n\u0151 \u00e1tv\u00e9telkor: Az \u00e1ru<br>\u00e1tv\u00e9telekor t\u00f6rt\u00e9n\u0151 fizet\u00e9s v\u00e1laszt\u00e1sa eset\u00e9n a Felhaszn\u00e1l\u00f3 a Szolg\u00e1ltat\u00f3 \u00fcgyf\u00e9lszolg\u00e1lati hely\u00e9n vagy<br>a Szolg\u00e1ltat\u00f3 \u00e1ltal megjel\u00f6lt egy\u00e9b helysz\u00ednen fizeti meg a term\u00e9k v\u00e9tel\u00e1r\u00e1t k\u00e9szp\u00e9nzben. K\u00e9szp\u00e9nzes<br>fizet\u00e9sre csak magyar forintban (HUF) van lehet\u0151s\u00e9g.<\/p>\n\n\n\n<p><br>Fizet\u00e9s ut\u00e1nv\u00e9tellel:&nbsp;Amennyiben a megrendelt term\u00e9k post\u00e1val ker\u00fcl kisz\u00e1ll\u00edt\u00e1sra, lehet\u0151s\u00e9g<br>van arra, hogy a Felhaszn\u00e1l\u00f3 a megrendel\u00e9s v\u00e9g\u00f6sszeg\u00e9t a&nbsp;post\u00e1nak teljes\u00edtse k\u00e9szp\u00e9nzben&nbsp;&nbsp;a<br>megrendelt term\u00e9k(ek) \u00e1tv\u00e9telekor.<\/p>\n\n\n\n<p><br>\u00c1tutal\u00e1ssal: Felhaszn\u00e1l\u00f3 a megrendelt term\u00e9kek ellen\u00e9rt\u00e9k\u00e9t a visszaigazol\u00f3 e-mailben tal\u00e1lhat\u00f3<br>banksz\u00e1ml\u00e1ra 2 napon bel\u00fcl k\u00f6teles \u00e1tutalni. Az \u00f6sszeg a Szolg\u00e1ltat\u00f3 banksz\u00e1ml\u00e1j\u00e1n t\u00f6rt\u00e9n\u0151<br>j\u00f3v\u00e1\u00edr\u00e1s\u00e1t k\u00f6vet\u0151en a Felhaszn\u00e1l\u00f3 jogosult a term\u00e9k(ek) \u00e1ltala meghat\u00e1rozott m\u00f3don t\u00f6rt\u00e9n\u0151<br>\u00e1tv\u00e9tel\u00e9re.<\/p>\n\n\n\n<p><br>Bankk\u00e1rty\u00e1val: Felhaszn\u00e1l\u00f3 a megrendelt term\u00e9kek ellen\u00e9rt\u00e9k\u00e9t a OTP SimplePay biztons\u00e1gos fizet\u00e9st<br>garant\u00e1l\u00f3 oldal\u00e1n k\u00e1rtyaadatainak megad\u00e1s\u00e1val, majd a Fizet\u00e9s gombra kattintva ind\u00edthatja el a<br>tranzakci\u00f3t. A fizet\u00e9st k\u00f6vet\u0151en \u00d6n visszat\u00e9r a J\u00e1zminkert oldal\u00e1ra, ahol a tranzakci\u00f3 eredm\u00e9ny\u00e9r\u0151l<br>kap visszaigazol\u00e1st.<\/p>\n\n\n\n<p><br><strong>Sz\u00e1ll\u00edt\u00e1si k\u00f6lts\u00e9g:<\/strong><br>Felhaszn\u00e1l\u00f3t els\u0151dlegesen a Magyar Posta Zrt. seg\u00edts\u00e9g\u00e9vel szolg\u00e1lja ki a Szolg\u00e1ltat\u00f3t. A megrendelt<br>term\u00e9kekre csomagol\u00e1si k\u00f6lts\u00e9geket nem sz\u00e1molunk fel.<\/p>\n\n\n\n<p><br>Sz\u00e1ll\u00edt\u00e1si d\u00edjak:<br>Nem ut\u00e1nv\u00e9ttel post\u00e1val h\u00e1zhoz sz\u00e1ll\u00edtvat 10kg-ig:\u00a0\u00a0\u00a0\u00a0 1490\u00a0Ft<br>Ut\u00e1nv\u00e9ttel post\u00e1val h\u00e1zhoz sz\u00e1ll\u00edtva 10kg-ig: 1890 Ft (ut\u00e1v\u00e9tel d\u00edja 400Ft)<br><\/p>\n\n\n\n<p>A sz\u00e1ll\u00edt\u00e1ssal megrendelt \u00e1rut \u2013 amennyiben az rakt\u00e1rr\u00f3l el\u00e9rhet\u0151, \u00fagy azt 2 munkanapon bel\u00fcl \u00e1tadja<br>a post\u00e1nak, \u00edgy azt 2-5 munkanapon bel\u00fcl megkapja a Felhaszn\u00e1l\u00f3.<br>Felhaszn\u00e1l\u00f3 h\u00e1zhoz sz\u00e1ll\u00edt\u00e1st magyarorsz\u00e1gi c\u00edmre k\u00e9rhet. Sz\u00e1ll\u00edt\u00e1si c\u00edmk\u00e9nt szerepelhet a lak\u00e1s, vagy<br>ak\u00e1r a munkahely c\u00edme is, azaz Magyarorsz\u00e1g ter\u00fclet\u00e9n b\u00e1rmilyen sz\u00e1ll\u00edt\u00e1si c\u00edm megadhat\u00f3. A<br>sz\u00e1ll\u00edt\u00e1si c\u00edm elt\u00e9rhet a sz\u00e1ml\u00e1z\u00e1si c\u00edmt\u0151l is. Sz\u00e1ll\u00edt\u00e1si c\u00edmk\u00e9nt azt a c\u00edmet \u00e9rdemes megjel\u00f6lni, ahol a<br>Felhaszn\u00e1l\u00f3 nagy val\u00f3sz\u00edn\u0171s\u00e9ggel tart\u00f3zkodik a sz\u00e1ll\u00edt\u00e1s v\u00e1rhat\u00f3 id\u0151pontj\u00e1ban (munkahelyn\u00e9l a<br>c\u00e9gn\u00e9v is sz\u00fcks\u00e9ges). A rendel\u00e9skor megadott sz\u00e1ll\u00edt\u00e1si c\u00edmet ut\u00f3lag nem lehet m\u00f3dos\u00edtani!<\/p>\n","protected":false},"excerpt":{"rendered":"<p>Rendel\u00e9s meneteFelhaszn\u00e1l\u00f3 a regisztr\u00e1ci\u00f3 vagy az adatai megad\u00e1s\u00e1t k\u00f6vet\u0151en bejelentkezik a webshopba \u00e9smegkezdheti a v\u00e1s\u00e1rl\u00e1st. Felhaszn\u00e1l\u00f3 a megv\u00e1s\u00e1rolni k\u00edv\u00e1nt term\u00e9k, term\u00e9kek sz\u00edn\u00e9t \u00e9s darabsz\u00e1m\u00e1t be\u00e1ll\u00edtja. Felhaszn\u00e1l\u00f3 kos\u00e1rba helyezi a kiv\u00e1lasztott term\u00e9keket. Felhaszn\u00e1l\u00f3 b\u00e1rmikor megtekintheti a kos\u00e1rtartalm\u00e1t a \u201ekos\u00e1r\u201d ikonra kattintva. Amennyiben Felhaszn\u00e1l\u00f3 tov\u00e1bbi term\u00e9ket szeretne kos\u00e1rba helyezni, folytatja a v\u00e1s\u00e1rl\u00e1st. Ha nemszeretne tov\u00e1bbi term\u00e9ket v\u00e1s\u00e1rolni, [&hellip;]<\/p>\n","protected":false},"author":1,"featured_media":0,"parent":0,"menu_order":0,"comment_status":"closed","ping_status":"closed","template":"","meta":{"footnotes":""},"class_list":["post-12","page","type-page","status-publish","hentry"],"yoast_head":"<!-- This site is optimized with the Yoast SEO plugin v27.4 - https:\/\/yoast.com\/product\/yoast-seo-wordpress\/ -->\n<title>FIZET\u00c9S, SZ\u00c1LL\u00cdT\u00c1S<\/title>\n<meta name=\"robots\" content=\"index, follow, max-snippet:-1, max-image-preview:large, max-video-preview:-1\" \/>\n<link rel=\"canonical\" href=\"https:\/\/webshop.jazminkert.hu\/en\/fizetes_szallitas\/\" \/>\n<meta property=\"og:locale\" content=\"en_US\" \/>\n<meta property=\"og:locale:alternate\" content=\"hu_HU\" \/>\n<meta property=\"og:type\" content=\"article\" \/>\n<meta property=\"og:title\" content=\"FIZET\u00c9S, SZ\u00c1LL\u00cdT\u00c1S\" \/>\n<meta property=\"og:description\" content=\"Rendel\u00e9s meneteFelhaszn\u00e1l\u00f3 a regisztr\u00e1ci\u00f3 vagy az adatai megad\u00e1s\u00e1t k\u00f6vet\u0151en bejelentkezik a webshopba \u00e9smegkezdheti a v\u00e1s\u00e1rl\u00e1st. Felhaszn\u00e1l\u00f3 a megv\u00e1s\u00e1rolni k\u00edv\u00e1nt term\u00e9k, term\u00e9kek sz\u00edn\u00e9t \u00e9s darabsz\u00e1m\u00e1t be\u00e1ll\u00edtja. Felhaszn\u00e1l\u00f3 kos\u00e1rba helyezi a kiv\u00e1lasztott term\u00e9keket. Felhaszn\u00e1l\u00f3 b\u00e1rmikor megtekintheti a kos\u00e1rtartalm\u00e1t a \u201ekos\u00e1r\u201d ikonra kattintva. Amennyiben Felhaszn\u00e1l\u00f3 tov\u00e1bbi term\u00e9ket szeretne kos\u00e1rba helyezni, folytatja a v\u00e1s\u00e1rl\u00e1st. Ha nemszeretne tov\u00e1bbi term\u00e9ket v\u00e1s\u00e1rolni, [&hellip;]\" \/>\n<meta property=\"og:url\" content=\"https:\/\/webshop.jazminkert.hu\/en\/fizetes_szallitas\/\" \/>\n<meta property=\"og:site_name\" content=\"J\u00e1zmin kert\" \/>\n<meta property=\"article:publisher\" content=\"https:\/\/www.facebook.com\/groups\/2773731042866203\/\" \/>\n<meta property=\"article:modified_time\" content=\"2025-01-07T10:36:44+00:00\" \/>\n<meta name=\"twitter:card\" content=\"summary_large_image\" \/>\n<meta name=\"twitter:label1\" content=\"Est. reading time\" \/>\n\t<meta name=\"twitter:data1\" content=\"3 minutes\" \/>\n<script type=\"application\/ld+json\" class=\"yoast-schema-graph\">{\"@context\":\"https:\\\/\\\/schema.org\",\"@graph\":[{\"@type\":\"WebPage\",\"@id\":\"https:\\\/\\\/webshop.jazminkert.hu\\\/fizetes_szallitas\\\/\",\"url\":\"https:\\\/\\\/webshop.jazminkert.hu\\\/fizetes_szallitas\\\/\",\"name\":\"FIZET\u00c9S, SZ\u00c1LL\u00cdT\u00c1S\",\"isPartOf\":{\"@id\":\"https:\\\/\\\/webshop.jazminkert.hu\\\/#website\"},\"datePublished\":\"2022-12-17T08:05:15+00:00\",\"dateModified\":\"2025-01-07T10:36:44+00:00\",\"breadcrumb\":{\"@id\":\"https:\\\/\\\/webshop.jazminkert.hu\\\/fizetes_szallitas\\\/#breadcrumb\"},\"inLanguage\":\"en-US\",\"potentialAction\":[{\"@type\":\"ReadAction\",\"target\":[\"https:\\\/\\\/webshop.jazminkert.hu\\\/fizetes_szallitas\\\/\"]}]},{\"@type\":\"BreadcrumbList\",\"@id\":\"https:\\\/\\\/webshop.jazminkert.hu\\\/fizetes_szallitas\\\/#breadcrumb\",\"itemListElement\":[{\"@type\":\"ListItem\",\"position\":1,\"name\":\"Kezd\u0151lap\",\"item\":\"https:\\\/\\\/webshop.jazminkert.hu\\\/\"},{\"@type\":\"ListItem\",\"position\":2,\"name\":\"FIZET\u00c9S, SZ\u00c1LL\u00cdT\u00c1S\"}]},{\"@type\":\"WebSite\",\"@id\":\"https:\\\/\\\/webshop.jazminkert.hu\\\/#website\",\"url\":\"https:\\\/\\\/webshop.jazminkert.hu\\\/\",\"name\":\"J\u00e1zmin kert\",\"description\":\"Kert\u00e9p\u00edt\u00e9s, kert-fenntart\u00e1s, d\u00edszn\u00f6v\u00e9nytermeszt\u00e9s, m\u00e1r t\u00f6bb mint 10 \u00e9ve\",\"publisher\":{\"@id\":\"https:\\\/\\\/webshop.jazminkert.hu\\\/#organization\"},\"potentialAction\":[{\"@type\":\"SearchAction\",\"target\":{\"@type\":\"EntryPoint\",\"urlTemplate\":\"https:\\\/\\\/webshop.jazminkert.hu\\\/?s={search_term_string}\"},\"query-input\":{\"@type\":\"PropertyValueSpecification\",\"valueRequired\":true,\"valueName\":\"search_term_string\"}}],\"inLanguage\":\"en-US\"},{\"@type\":\"Organization\",\"@id\":\"https:\\\/\\\/webshop.jazminkert.hu\\\/#organization\",\"name\":\"J\u00e1zmin kert\",\"url\":\"https:\\\/\\\/webshop.jazminkert.hu\\\/\",\"logo\":{\"@type\":\"ImageObject\",\"inLanguage\":\"en-US\",\"@id\":\"https:\\\/\\\/webshop.jazminkert.hu\\\/#\\\/schema\\\/logo\\\/image\\\/\",\"url\":\"https:\\\/\\\/webshop.jazminkert.hu\\\/wp-content\\\/uploads\\\/2022\\\/04\\\/cropped-logo.png\",\"contentUrl\":\"https:\\\/\\\/webshop.jazminkert.hu\\\/wp-content\\\/uploads\\\/2022\\\/04\\\/cropped-logo.png\",\"width\":533,\"height\":200,\"caption\":\"J\u00e1zmin kert\"},\"image\":{\"@id\":\"https:\\\/\\\/webshop.jazminkert.hu\\\/#\\\/schema\\\/logo\\\/image\\\/\"},\"sameAs\":[\"https:\\\/\\\/www.facebook.com\\\/groups\\\/2773731042866203\\\/\"]}]}<\/script>\n<!-- \/ Yoast SEO plugin. -->","yoast_head_json":{"title":"FIZET\u00c9S, SZ\u00c1LL\u00cdT\u00c1S","robots":{"index":"index","follow":"follow","max-snippet":"max-snippet:-1","max-image-preview":"max-image-preview:large","max-video-preview":"max-video-preview:-1"},"canonical":"https:\/\/webshop.jazminkert.hu\/en\/fizetes_szallitas\/","og_locale":"en_US","og_type":"article","og_title":"[:hu]FIZET\u00c9S, SZ\u00c1LL\u00cdT\u00c1S[:] - J\u00e1zmin kert","og_description":"Rendel\u00e9s meneteFelhaszn\u00e1l\u00f3 a regisztr\u00e1ci\u00f3 vagy az adatai megad\u00e1s\u00e1t k\u00f6vet\u0151en bejelentkezik a webshopba \u00e9smegkezdheti a v\u00e1s\u00e1rl\u00e1st. Felhaszn\u00e1l\u00f3 a megv\u00e1s\u00e1rolni k\u00edv\u00e1nt term\u00e9k, term\u00e9kek sz\u00edn\u00e9t \u00e9s darabsz\u00e1m\u00e1t be\u00e1ll\u00edtja. Felhaszn\u00e1l\u00f3 kos\u00e1rba helyezi a kiv\u00e1lasztott term\u00e9keket. Felhaszn\u00e1l\u00f3 b\u00e1rmikor megtekintheti a kos\u00e1rtartalm\u00e1t a \u201ekos\u00e1r\u201d ikonra kattintva. Amennyiben Felhaszn\u00e1l\u00f3 tov\u00e1bbi term\u00e9ket szeretne kos\u00e1rba helyezni, folytatja a v\u00e1s\u00e1rl\u00e1st. Ha nemszeretne tov\u00e1bbi term\u00e9ket v\u00e1s\u00e1rolni, [&hellip;]","og_url":"https:\/\/webshop.jazminkert.hu\/en\/fizetes_szallitas\/","og_site_name":"J\u00e1zmin kert","article_publisher":"https:\/\/www.facebook.com\/groups\/2773731042866203\/","article_modified_time":"2025-01-07T10:36:44+00:00","twitter_card":"summary_large_image","twitter_misc":{"Est. reading time":"3 minutes"},"schema":{"@context":"https:\/\/schema.org","@graph":[{"@type":"WebPage","@id":"https:\/\/webshop.jazminkert.hu\/fizetes_szallitas\/","url":"https:\/\/webshop.jazminkert.hu\/fizetes_szallitas\/","name":"FIZET\u00c9S, SZ\u00c1LL\u00cdT\u00c1S","isPartOf":{"@id":"https:\/\/webshop.jazminkert.hu\/#website"},"datePublished":"2022-12-17T08:05:15+00:00","dateModified":"2025-01-07T10:36:44+00:00","breadcrumb":{"@id":"https:\/\/webshop.jazminkert.hu\/fizetes_szallitas\/#breadcrumb"},"inLanguage":"en-US","potentialAction":[{"@type":"ReadAction","target":["https:\/\/webshop.jazminkert.hu\/fizetes_szallitas\/"]}]},{"@type":"BreadcrumbList","@id":"https:\/\/webshop.jazminkert.hu\/fizetes_szallitas\/#breadcrumb","itemListElement":[{"@type":"ListItem","position":1,"name":"Kezd\u0151lap","item":"https:\/\/webshop.jazminkert.hu\/"},{"@type":"ListItem","position":2,"name":"FIZET\u00c9S, SZ\u00c1LL\u00cdT\u00c1S"}]},{"@type":"WebSite","@id":"https:\/\/webshop.jazminkert.hu\/#website","url":"https:\/\/webshop.jazminkert.hu\/","name":"J\u00e1zmin kert","description":"Kert\u00e9p\u00edt\u00e9s, kert-fenntart\u00e1s, d\u00edszn\u00f6v\u00e9nytermeszt\u00e9s, m\u00e1r t\u00f6bb mint 10 \u00e9ve","publisher":{"@id":"https:\/\/webshop.jazminkert.hu\/#organization"},"potentialAction":[{"@type":"SearchAction","target":{"@type":"EntryPoint","urlTemplate":"https:\/\/webshop.jazminkert.hu\/?s={search_term_string}"},"query-input":{"@type":"PropertyValueSpecification","valueRequired":true,"valueName":"search_term_string"}}],"inLanguage":"en-US"},{"@type":"Organization","@id":"https:\/\/webshop.jazminkert.hu\/#organization","name":"J\u00e1zmin kert","url":"https:\/\/webshop.jazminkert.hu\/","logo":{"@type":"ImageObject","inLanguage":"en-US","@id":"https:\/\/webshop.jazminkert.hu\/#\/schema\/logo\/image\/","url":"https:\/\/webshop.jazminkert.hu\/wp-content\/uploads\/2022\/04\/cropped-logo.png","contentUrl":"https:\/\/webshop.jazminkert.hu\/wp-content\/uploads\/2022\/04\/cropped-logo.png","width":533,"height":200,"caption":"J\u00e1zmin kert"},"image":{"@id":"https:\/\/webshop.jazminkert.hu\/#\/schema\/logo\/image\/"},"sameAs":["https:\/\/www.facebook.com\/groups\/2773731042866203\/"]}]}},"jetpack_sharing_enabled":true,"_links":{"self":[{"href":"https:\/\/webshop.jazminkert.hu\/en\/wp-json\/wp\/v2\/pages\/12","targetHints":{"allow":["GET"]}}],"collection":[{"href":"https:\/\/webshop.jazminkert.hu\/en\/wp-json\/wp\/v2\/pages"}],"about":[{"href":"https:\/\/webshop.jazminkert.hu\/en\/wp-json\/wp\/v2\/types\/page"}],"author":[{"embeddable":true,"href":"https:\/\/webshop.jazminkert.hu\/en\/wp-json\/wp\/v2\/users\/1"}],"replies":[{"embeddable":true,"href":"https:\/\/webshop.jazminkert.hu\/en\/wp-json\/wp\/v2\/comments?post=12"}],"version-history":[{"count":3,"href":"https:\/\/webshop.jazminkert.hu\/en\/wp-json\/wp\/v2\/pages\/12\/revisions"}],"predecessor-version":[{"id":858,"href":"https:\/\/webshop.jazminkert.hu\/en\/wp-json\/wp\/v2\/pages\/12\/revisions\/858"}],"wp:attachment":[{"href":"https:\/\/webshop.jazminkert.hu\/en\/wp-json\/wp\/v2\/media?parent=12"}],"curies":[{"name":"wp","href":"https:\/\/api.w.org\/{rel}","templated":true}]}}